{"id":1582,"date":"2022-07-21T15:25:26","date_gmt":"2022-07-21T15:25:26","guid":{"rendered":"https:\/\/plhockeyhp.ca\/?page_id=1582"},"modified":"2022-07-25T01:59:28","modified_gmt":"2022-07-25T01:59:28","slug":"video-sessions","status":"publish","type":"page","link":"https:\/\/plhockeyhp.ca\/fr\/video-sessions\/","title":{"rendered":"Analyses Vid\u00e9o"},"content":{"rendered":"<div class=\"vc_row wpb_row vc_row-fluid\"><div class=\"wpb_column vc_column_container vc_col-sm-12 sc_layouts_column_icons_position_left\"><div class=\"vc_column-inner\"><div class=\"wpb_wrapper\"><div class=\"vc_empty_space  height_bigmedium\"   style=\"height: 32px\"><span class=\"vc_empty_space_inner\"><\/span><\/div><div class=\"sc_courses sc_courses_default\"><h3 class=\"sc_item_title sc_courses_title sc_align_center sc_item_title_style_default\">SERVICES OFFERTS<\/h3><div class=\"sc_courses_columns sc_item_columns trx_addons_columns_wrap columns_padding_bottom\"><div class=\"trx_addons_column-1_3\"><div class=\"sc_courses_item trx_addons_hover trx_addons_hover_style_links\">\n        <a href=\"https:\/\/plhockeyhp.ca\/fr\/courses\/weekly-video-review\/\">\n\t\t<div class=\"sc_courses_item_thumb\">\n        \t\t\t<img decoding=\"async\" width=\"370\" height=\"220\" data-src=\"https:\/\/plhockeyhp.ca\/wp-content\/uploads\/2022\/07\/Ice-Hockey-Attack-min-370x220.png\" class=\"attachment-playhockey-thumb-cource size-playhockey-thumb-cource wp-post-image lazyload\" alt=\"Weekly Video Review Package\" data-srcset=\"https:\/\/plhockeyhp.ca\/wp-content\/uploads\/2022\/07\/Ice-Hockey-Attack-min-370x220.png 370w, https:\/\/plhockeyhp.ca\/wp-content\/uploads\/2022\/07\/Ice-Hockey-Attack-min-18x10.png 18w\" data-sizes=\"(max-width: 370px) 100vw, 370px\" src=\"data:image\/svg+xml;base64,PHN2ZyB3aWR0aD0iMSIgaGVpZ2h0PSIxIiB4bWxucz0iaHR0cDovL3d3dy53My5vcmcvMjAwMC9zdmciPjwvc3ZnPg==\" style=\"--smush-placeholder-width: 370px; --smush-placeholder-aspect-ratio: 370\/220;\" \/>                    <div class=\"sc_courses_item_header\">\n                <h4 class=\"sc_courses_item_title\">Revue Vid\u00e9o (Chaque Semaine)<\/h4>\n            <\/div>\n\t\t<\/div>\n        <\/a>\n\t<div class=\"sc_courses_item_info\">\n\n\t\t<div class=\"sc_price_price\"><span class=\"sc_price_value\">250$\/mois<\/span><\/div>\n        <div class=\"sc_courses_item_descr\">\n            Notre service le plus extensif. Seulement disponible pour les joueurs AAA U18, Junior A et universitaire.        <\/div>\n\t<\/div>\n<\/div>\n<\/div><div class=\"trx_addons_column-1_3\"><div class=\"sc_courses_item trx_addons_hover trx_addons_hover_style_links\">\n        <a href=\"https:\/\/plhockeyhp.ca\/fr\/courses\/bi-weekly-video-review\/\">\n\t\t<div class=\"sc_courses_item_thumb\">\n        \t\t\t<img decoding=\"async\" width=\"370\" height=\"220\" data-src=\"https:\/\/plhockeyhp.ca\/wp-content\/uploads\/2022\/07\/Ice-Hockey-Player-tracking-min-370x220.png\" class=\"attachment-playhockey-thumb-cource size-playhockey-thumb-cource wp-post-image lazyload\" alt=\"Bi-weekly Video Review Package\" data-srcset=\"https:\/\/plhockeyhp.ca\/wp-content\/uploads\/2022\/07\/Ice-Hockey-Player-tracking-min-370x220.png 370w, https:\/\/plhockeyhp.ca\/wp-content\/uploads\/2022\/07\/Ice-Hockey-Player-tracking-min-18x10.png 18w\" data-sizes=\"(max-width: 370px) 100vw, 370px\" src=\"data:image\/svg+xml;base64,PHN2ZyB3aWR0aD0iMSIgaGVpZ2h0PSIxIiB4bWxucz0iaHR0cDovL3d3dy53My5vcmcvMjAwMC9zdmciPjwvc3ZnPg==\" style=\"--smush-placeholder-width: 370px; --smush-placeholder-aspect-ratio: 370\/220;\" \/>                    <div class=\"sc_courses_item_header\">\n                <h4 class=\"sc_courses_item_title\">Revue Vid\u00e9o (Aux 2 Semaines)<\/h4>\n            <\/div>\n\t\t<\/div>\n        <\/a>\n\t<div class=\"sc_courses_item_info\">\n\n\t\t<div class=\"sc_price_price\"><span class=\"sc_price_value\">155$\/mois<\/span><\/div>\n        <div class=\"sc_courses_item_descr\">\n            Disponible pour les joueurs AAA U15, U18, Junior A et universitaire        <\/div>\n\t<\/div>\n<\/div>\n<\/div><div class=\"trx_addons_column-1_3\"><div class=\"sc_courses_item trx_addons_hover trx_addons_hover_style_links\">\n        <a href=\"https:\/\/plhockeyhp.ca\/fr\/courses\/monthly-video-review\/\">\n\t\t<div class=\"sc_courses_item_thumb\">\n        \t\t\t<img decoding=\"async\" width=\"370\" height=\"220\" data-src=\"https:\/\/plhockeyhp.ca\/wp-content\/uploads\/2022\/07\/9_Boeser_body_position_Grubeaur_miss_poke_check.png-370x220.jpeg\" class=\"attachment-playhockey-thumb-cource size-playhockey-thumb-cource wp-post-image lazyload\" alt=\"Monthly Video Review Package\" data-srcset=\"https:\/\/plhockeyhp.ca\/wp-content\/uploads\/2022\/07\/9_Boeser_body_position_Grubeaur_miss_poke_check.png-370x220.jpeg 370w, https:\/\/plhockeyhp.ca\/wp-content\/uploads\/2022\/07\/9_Boeser_body_position_Grubeaur_miss_poke_check.png-18x10.jpeg 18w\" data-sizes=\"(max-width: 370px) 100vw, 370px\" src=\"data:image\/svg+xml;base64,PHN2ZyB3aWR0aD0iMSIgaGVpZ2h0PSIxIiB4bWxucz0iaHR0cDovL3d3dy53My5vcmcvMjAwMC9zdmciPjwvc3ZnPg==\" style=\"--smush-placeholder-width: 370px; --smush-placeholder-aspect-ratio: 370\/220;\" \/>                    <div class=\"sc_courses_item_header\">\n                <h4 class=\"sc_courses_item_title\">Revue Vid\u00e9o (1x par mois)<\/h4>\n            <\/div>\n\t\t<\/div>\n        <\/a>\n\t<div class=\"sc_courses_item_info\">\n\n\t\t<div class=\"sc_price_price\"><span class=\"sc_price_value\">120$\/mois<\/span><\/div>\n        <div class=\"sc_courses_item_descr\">\n            Disponible pour les joueurs AAA U13, U15, U18, Junior A et universitaire        <\/div>\n\t<\/div>\n<\/div>\n<\/div><\/div><\/div><!-- \/.sc_courses --><div class=\"vc_empty_space  height_bigmedium\"   style=\"height: 32px\"><span class=\"vc_empty_space_inner\"><\/span><\/div><\/div><\/div><\/div><\/div><div data-vc-full-width=\"true\" data-vc-full-width-init=\"false\" data-vc-parallax=\"2\" data-vc-parallax-image=\"https:\/\/plhockeyhp.ca\/wp-content\/uploads\/2022\/06\/Screen-Shot-2022-06-18-at-8.46.19-PM-1.png\" class=\"vc_row wpb_row vc_row-fluid vc_custom_1658410373668 vc_row-has-fill vc_general vc_parallax vc_parallax-content-moving scheme_superdark\"><div class=\"wpb_column vc_column_container vc_col-sm-12 sc_layouts_column_icons_position_left\"><div class=\"vc_column-inner\"><div class=\"wpb_wrapper\"><div class=\"vc_empty_space  height_medium\"   style=\"height: 32px\"><span class=\"vc_empty_space_inner\"><\/span><\/div><div class=\"vc_empty_space  vc_custom_1658348664086 height_bigmedium\"   style=\"height: 32px\"><span class=\"vc_empty_space_inner\"><\/span><\/div><div  class=\"vc_wp_text wpb_content_element\"><div class=\"widget widget_text\">\t\t\t<div class=\"textwidget\"><\/p>\n<h2 style=\"text-align: center;\">CONTACTEZ NOUS POUR PLUS D'INFORMATION<\/h2>\n<p>\n<\/div>\n\t\t<\/div><\/div><div class=\"vc_empty_space  height_tiny\"   style=\"height: 32px\"><span class=\"vc_empty_space_inner\"><\/span><\/div><div id=\"sc_title_129464100\"\r\n\t\tclass=\"scheme_superdark sc_title sc_title_small_title\"><h3 class=\"sc_item_title sc_title_title sc_align_center sc_item_title_style_small_title\">Trouvez le Meilleur Programme pour votre Joueur\/Joueuse<\/h3><\/div><!-- \/.sc_title --><div class=\"vc_empty_space  height_medium\"   style=\"height: 32px\"><span class=\"vc_empty_space_inner\"><\/span><\/div><div class=\"vc_empty_space  vc_custom_1482601370410 height_medium\"   style=\"height: 32px\"><span class=\"vc_empty_space_inner\"><\/span><\/div><\/div><\/div><\/div><\/div><div class=\"vc_row-full-width vc_clearfix\"><\/div><div data-vc-full-width=\"true\" data-vc-full-width-init=\"false\" class=\"vc_row wpb_row vc_row-fluid vc_custom_1658417563204 vc_row-has-fill\"><div class=\"wpb_column vc_column_container vc_col-sm-6 vc_col-has-fill sc_layouts_column_icons_position_left\"><div class=\"vc_column-inner vc_custom_1482662533816\"><div class=\"wpb_wrapper\"><\/div><\/div><\/div><div class=\"wpb_column vc_column_container vc_col-sm-6 sc_layouts_column_icons_position_left\"><div class=\"vc_column-inner\"><div class=\"wpb_wrapper\"><div class=\"vc_row wpb_row vc_inner vc_row-fluid\"><div class=\"wpb_column vc_column_container vc_col-sm-2 sc_layouts_column_icons_position_left\"><div class=\"vc_column-inner\"><div class=\"wpb_wrapper\"><\/div><\/div><\/div><div class=\"wpb_column vc_column_container vc_col-sm-10 sc_layouts_column_icons_position_left\"><div class=\"vc_column-inner vc_custom_1482663888034\"><div class=\"wpb_wrapper\"><div class=\"vc_empty_space  height_large\"   style=\"height: 32px\"><span class=\"vc_empty_space_inner\"><\/span><\/div><div id=\"sc_title_1409767616\"\r\n\t\tclass=\"sc_title sc_title_medium_title\"><h3 class=\"sc_item_title sc_title_title sc_align_left sc_item_title_style_medium_title translation-block\">Programmes<em>\u00c9lites<\/em><\/h3><div class=\"sc_item_descr sc_title_descr sc_align_left\">Nos programmes de pr\u00e9paration \u00e9lite sont ouverts \u00e0 tous les patineurs et gardiens de but qui souhaitent s\u00e9rieusement jouer ou jouent d\u00e9j\u00e0 pour des \u00e9quipes d'\u00e9lite (AAA, Junior A, USports). Ces programmes sont destin\u00e9s \u00e0 identifier chaque petit d\u00e9tail qui pourrait apporter un avantage \u00e0 leur jeu.<\/div><\/div><!-- \/.sc_title --><div class=\"sc_item_button sc_button_wrap\"><a href=\"\/fr\/elite-programs\/\" id=\"sc_button_2123836621\" class=\"sc_button sc_button_blue_button  vc_custom_1658417747394 sc_button_size_normal sc_button_icon_left\"><span class=\"sc_button_text\"><span class=\"sc_button_title\">D\u00e9tails<\/span><\/span><!-- \/.sc_button_text --><\/a><!-- \/.sc_button --><\/div><!-- \/.sc_item_button --><div class=\"vc_empty_space  vc_custom_1482663569079 height_large\"   style=\"height: 32px\"><span class=\"vc_empty_space_inner\"><\/span><\/div><\/div><\/div><\/div><\/div><\/div><\/div><\/div><\/div><div class=\"vc_row-full-width vc_clearfix\"><\/div>","protected":false},"excerpt":{"rendered":"LEVEL OF PLAYER This package is for players playing U13, U15 AAA, U18 AAA, Junior A or USports hockey. INDIVIDUAL MONTHLY VIDEO SESSIONS The individual monthly video sessions are for young U13 players just starting on their high-performance pathway or for higher level players that just want a monthly analysis of their overall game. We will review and evaluate up&hellip;","protected":false},"author":1,"featured_media":0,"parent":0,"menu_order":0,"comment_status":"closed","ping_status":"closed","template":"","meta":{"_coblocks_attr":"","_coblocks_dimensions":"","_coblocks_responsive_height":"","_coblocks_accordion_ie_support":"","footnotes":""},"class_list":["post-1582","page","type-page","status-publish","hentry"],"yoast_head":"<!-- This site is optimized with the Yoast SEO plugin v27.6 - https:\/\/yoast.com\/product\/yoast-seo-wordpress\/ -->\n<title>Video Review - PL High Performance Hockey<\/title>\n<meta name=\"robots\" content=\"index, follow, max-snippet:-1, max-image-preview:large, max-video-preview:-1\" \/>\n<link rel=\"canonical\" href=\"https:\/\/plhockeyhp.ca\/fr\/video-sessions\/\" \/>\n<meta property=\"og:locale\" content=\"fr_CA\" \/>\n<meta property=\"og:type\" content=\"article\" \/>\n<meta property=\"og:title\" content=\"Video Review - PL High Performance Hockey\" \/>\n<meta property=\"og:url\" content=\"https:\/\/plhockeyhp.ca\/fr\/video-sessions\/\" \/>\n<meta property=\"og:site_name\" content=\"PL High Performance Hockey\" \/>\n<meta property=\"article:publisher\" content=\"https:\/\/www.facebook.com\/PLhockeyhp\/\" \/>\n<meta property=\"article:modified_time\" content=\"2022-07-25T01:59:28+00:00\" \/>\n<meta name=\"twitter:card\" content=\"summary_large_image\" \/>\n<meta name=\"twitter:label1\" content=\"Estimation du temps de lecture\" \/>\n\t<meta name=\"twitter:data1\" content=\"1 minute\" \/>\n<script type=\"application\/ld+json\" class=\"yoast-schema-graph\">{\"@context\":\"https:\\\/\\\/schema.org\",\"@graph\":[{\"@type\":\"WebPage\",\"@id\":\"https:\\\/\\\/plhockeyhp.ca\\\/video-sessions\\\/\",\"url\":\"https:\\\/\\\/plhockeyhp.ca\\\/video-sessions\\\/\",\"name\":\"Video Review - PL High Performance Hockey\",\"isPartOf\":{\"@id\":\"https:\\\/\\\/plhockeyhp.ca\\\/#website\"},\"datePublished\":\"2022-07-21T15:25:26+00:00\",\"dateModified\":\"2022-07-25T01:59:28+00:00\",\"breadcrumb\":{\"@id\":\"https:\\\/\\\/plhockeyhp.ca\\\/video-sessions\\\/#breadcrumb\"},\"inLanguage\":\"fr-CA\",\"potentialAction\":[{\"@type\":\"ReadAction\",\"target\":[\"https:\\\/\\\/plhockeyhp.ca\\\/video-sessions\\\/\"]}]},{\"@type\":\"BreadcrumbList\",\"@id\":\"https:\\\/\\\/plhockeyhp.ca\\\/video-sessions\\\/#breadcrumb\",\"itemListElement\":[{\"@type\":\"ListItem\",\"position\":1,\"name\":\"Home\",\"item\":\"https:\\\/\\\/plhockeyhp.ca\\\/\"},{\"@type\":\"ListItem\",\"position\":2,\"name\":\"Video Review\"}]},{\"@type\":\"WebSite\",\"@id\":\"https:\\\/\\\/plhockeyhp.ca\\\/#website\",\"url\":\"https:\\\/\\\/plhockeyhp.ca\\\/\",\"name\":\"PL High Performance Hockey\",\"description\":\"High Performance Hockey Coaching for all ages\",\"publisher\":{\"@id\":\"https:\\\/\\\/plhockeyhp.ca\\\/#\\\/schema\\\/person\\\/bab7e546e9274617626b20d8f9651caf\"},\"potentialAction\":[{\"@type\":\"SearchAction\",\"target\":{\"@type\":\"EntryPoint\",\"urlTemplate\":\"https:\\\/\\\/plhockeyhp.ca\\\/?s={search_term_string}\"},\"query-input\":{\"@type\":\"PropertyValueSpecification\",\"valueRequired\":true,\"valueName\":\"search_term_string\"}}],\"inLanguage\":\"fr-CA\"},{\"@type\":[\"Person\",\"Organization\"],\"@id\":\"https:\\\/\\\/plhockeyhp.ca\\\/#\\\/schema\\\/person\\\/bab7e546e9274617626b20d8f9651caf\",\"name\":\"Paul Leclerc\",\"image\":{\"@type\":\"ImageObject\",\"inLanguage\":\"fr-CA\",\"@id\":\"https:\\\/\\\/plhockeyhp.ca\\\/wp-content\\\/uploads\\\/2022\\\/06\\\/pngwhitecircle-copy-e1654968668911.png\",\"url\":\"https:\\\/\\\/plhockeyhp.ca\\\/wp-content\\\/uploads\\\/2022\\\/06\\\/pngwhitecircle-copy-e1654968668911.png\",\"contentUrl\":\"https:\\\/\\\/plhockeyhp.ca\\\/wp-content\\\/uploads\\\/2022\\\/06\\\/pngwhitecircle-copy-e1654968668911.png\",\"width\":512,\"height\":512,\"caption\":\"Paul Leclerc\"},\"logo\":{\"@id\":\"https:\\\/\\\/plhockeyhp.ca\\\/wp-content\\\/uploads\\\/2022\\\/06\\\/pngwhitecircle-copy-e1654968668911.png\"},\"description\":\"Paul Leclerc is a Hockey Canada High Performance certified coach. He is currently doing his Graduate Certificate in High Performance coaching and Technical Leadership at the University of British-Columbia. Paul has more than 10 years of experience behind the bench. He just recently (2020-2021) coached his team to the league championship in the midst of the multiple challenges brought on by COVID-19. He is also a guest coach with the U15 Hockey New Brunswick High Performance Program.\",\"sameAs\":[\"https:\\\/\\\/plhockeyhp.ca\",\"https:\\\/\\\/www.facebook.com\\\/PLhockeyhp\\\/\"]}]}<\/script>\n<!-- \/ Yoast SEO plugin. -->","yoast_head_json":{"title":"Video Review - PL High Performance Hockey","robots":{"index":"index","follow":"follow","max-snippet":"max-snippet:-1","max-image-preview":"max-image-preview:large","max-video-preview":"max-video-preview:-1"},"canonical":"https:\/\/plhockeyhp.ca\/fr\/video-sessions\/","og_locale":"fr_CA","og_type":"article","og_title":"Video Review - PL High Performance Hockey","og_url":"https:\/\/plhockeyhp.ca\/fr\/video-sessions\/","og_site_name":"PL High Performance Hockey","article_publisher":"https:\/\/www.facebook.com\/PLhockeyhp\/","article_modified_time":"2022-07-25T01:59:28+00:00","twitter_card":"summary_large_image","twitter_misc":{"Estimation du temps de lecture":"1 minute"},"schema":{"@context":"https:\/\/schema.org","@graph":[{"@type":"WebPage","@id":"https:\/\/plhockeyhp.ca\/video-sessions\/","url":"https:\/\/plhockeyhp.ca\/video-sessions\/","name":"Video Review - PL High Performance Hockey","isPartOf":{"@id":"https:\/\/plhockeyhp.ca\/#website"},"datePublished":"2022-07-21T15:25:26+00:00","dateModified":"2022-07-25T01:59:28+00:00","breadcrumb":{"@id":"https:\/\/plhockeyhp.ca\/video-sessions\/#breadcrumb"},"inLanguage":"fr-CA","potentialAction":[{"@type":"ReadAction","target":["https:\/\/plhockeyhp.ca\/video-sessions\/"]}]},{"@type":"BreadcrumbList","@id":"https:\/\/plhockeyhp.ca\/video-sessions\/#breadcrumb","itemListElement":[{"@type":"ListItem","position":1,"name":"Home","item":"https:\/\/plhockeyhp.ca\/"},{"@type":"ListItem","position":2,"name":"Video Review"}]},{"@type":"WebSite","@id":"https:\/\/plhockeyhp.ca\/#website","url":"https:\/\/plhockeyhp.ca\/","name":"PL High Performance Hockey","description":"High Performance Hockey Coaching for all ages","publisher":{"@id":"https:\/\/plhockeyhp.ca\/#\/schema\/person\/bab7e546e9274617626b20d8f9651caf"},"potentialAction":[{"@type":"SearchAction","target":{"@type":"EntryPoint","urlTemplate":"https:\/\/plhockeyhp.ca\/?s={search_term_string}"},"query-input":{"@type":"PropertyValueSpecification","valueRequired":true,"valueName":"search_term_string"}}],"inLanguage":"fr-CA"},{"@type":["Person","Organization"],"@id":"https:\/\/plhockeyhp.ca\/#\/schema\/person\/bab7e546e9274617626b20d8f9651caf","name":"Paul Leclerc","image":{"@type":"ImageObject","inLanguage":"fr-CA","@id":"https:\/\/plhockeyhp.ca\/wp-content\/uploads\/2022\/06\/pngwhitecircle-copy-e1654968668911.png","url":"https:\/\/plhockeyhp.ca\/wp-content\/uploads\/2022\/06\/pngwhitecircle-copy-e1654968668911.png","contentUrl":"https:\/\/plhockeyhp.ca\/wp-content\/uploads\/2022\/06\/pngwhitecircle-copy-e1654968668911.png","width":512,"height":512,"caption":"Paul Leclerc"},"logo":{"@id":"https:\/\/plhockeyhp.ca\/wp-content\/uploads\/2022\/06\/pngwhitecircle-copy-e1654968668911.png"},"description":"Paul Leclerc is a Hockey Canada High Performance certified coach. He is currently doing his Graduate Certificate in High Performance coaching and Technical Leadership at the University of British-Columbia. Paul has more than 10 years of experience behind the bench. He just recently (2020-2021) coached his team to the league championship in the midst of the multiple challenges brought on by COVID-19. He is also a guest coach with the U15 Hockey New Brunswick High Performance Program.","sameAs":["https:\/\/plhockeyhp.ca","https:\/\/www.facebook.com\/PLhockeyhp\/"]}]}},"_links":{"self":[{"href":"https:\/\/plhockeyhp.ca\/fr\/wp-json\/wp\/v2\/pages\/1582","targetHints":{"allow":["GET"]}}],"collection":[{"href":"https:\/\/plhockeyhp.ca\/fr\/wp-json\/wp\/v2\/pages"}],"about":[{"href":"https:\/\/plhockeyhp.ca\/fr\/wp-json\/wp\/v2\/types\/page"}],"author":[{"embeddable":true,"href":"https:\/\/plhockeyhp.ca\/fr\/wp-json\/wp\/v2\/users\/1"}],"replies":[{"embeddable":true,"href":"https:\/\/plhockeyhp.ca\/fr\/wp-json\/wp\/v2\/comments?post=1582"}],"version-history":[{"count":6,"href":"https:\/\/plhockeyhp.ca\/fr\/wp-json\/wp\/v2\/pages\/1582\/revisions"}],"predecessor-version":[{"id":1655,"href":"https:\/\/plhockeyhp.ca\/fr\/wp-json\/wp\/v2\/pages\/1582\/revisions\/1655"}],"wp:attachment":[{"href":"https:\/\/plhockeyhp.ca\/fr\/wp-json\/wp\/v2\/media?parent=1582"}],"curies":[{"name":"wp","href":"https:\/\/api.w.org\/{rel}","templated":true}]}}