{"id":243,"date":"2016-11-18T12:04:27","date_gmt":"2016-11-18T12:04:27","guid":{"rendered":"https:\/\/plhockeyhp.ca\/?page_id=243"},"modified":"2022-07-25T01:55:58","modified_gmt":"2022-07-25T01:55:58","slug":"contacts","status":"publish","type":"page","link":"https:\/\/plhockeyhp.ca\/fr\/contacts\/","title":{"rendered":"Contacts"},"content":{"rendered":"<div data-vc-full-width=\"true\" data-vc-full-width-init=\"false\" data-vc-stretch-content=\"true\" class=\"vc_row wpb_row vc_row-fluid vc_custom_1479465336127 vc_row-has-fill vc_row-no-padding\"><div class=\"wpb_column vc_column_container vc_col-sm-6 sc_layouts_column_icons_position_left\"><div class=\"vc_column-inner\"><div class=\"wpb_wrapper\"><div class=\"vc_empty_space  height_large\"   style=\"height: 32px\"><span class=\"vc_empty_space_inner\"><\/span><\/div><div id=\"sc_content_686497593\"\r\n\t\tclass=\"sc_content sc_content_default sc_float_center sc_align_right\"><h6 class=\"sc_item_subtitle sc_content_subtitle sc_align_right sc_item_title_style_default\">Carte<\/h6><h3 class=\"sc_item_title sc_content_title sc_align_right sc_item_title_style_default translation-block\">Adresse &amp; <em>Contact<\/em><\/h3><div class=\"sc_content_container\"><div class=\"vc_row wpb_row vc_inner vc_row-fluid\"><div class=\"wpb_column vc_column_container vc_col-sm-5 sc_layouts_column_icons_position_left\"><div class=\"vc_column-inner\"><div class=\"wpb_wrapper\"><\/div><\/div><\/div><div class=\"wpb_column vc_column_container vc_col-sm-7 sc_layouts_column_icons_position_left\"><div class=\"vc_column-inner\"><div class=\"wpb_wrapper\">\n\t<div class=\"wpb_text_column wpb_content_element\" >\n\t\t<div class=\"wpb_wrapper\">\n\t\t\t<p style=\"text-align: right;\">Les camps sur glace ont lieu au Centre E&amp;P S\u00e9n\u00e9chal \u00e0 Grand-Sault, Nouveau-Brunswick<\/p>\n\n\t\t<\/div>\n\t<\/div>\n<div class=\"vc_empty_space  vc_custom_1482239816228 height_small\"   style=\"height: 32px\"><span class=\"vc_empty_space_inner\"><\/span><\/div><\/div><\/div><\/div><\/div><div id=\"widget_contacts_2051138784\" class=\"widget_area sc_widget_contacts vc_widget_contacts wpb_content_element\"><aside id=\"widget_contacts_2051138784_widget\" class=\"widget widget_contacts\"><div class=\"contacts_info\"><div class=\"contacts_left\"><span class=\"contacts_address\">60 rue Ouellette, Grand-Sault, NB E3Z 1A6<\/span><\/div><div class=\"contacts_right\"><span class=\"contacts_phone\">Call us: <a href=\"tel:1 (506) 479-0885\">1 (506) 479-0885<\/a><\/span><span class=\"contacts_email\"><a href=\"mailto:&#112;&#97;u&#108;&#46;leclerc&#64;p&#108;hoc&#107;eyh&#112;&#46;&#99;&#97;\">paul.leclerc@plhockeyhp.ca<\/a><\/span><\/div><\/div><\/aside><\/div><\/div><\/div><!-- \/.sc_content --><div class=\"vc_empty_space  height_large\"   style=\"height: 32px\"><span class=\"vc_empty_space_inner\"><\/span><\/div><\/div><\/div><\/div><div class=\"wpb_column vc_column_container vc_col-sm-6 sc_layouts_column_icons_position_left\"><div class=\"vc_column-inner\"><div class=\"wpb_wrapper\"><div id=\"sc_googlemap_1441996781_wrap\" class=\"sc_googlemap_wrap\"><div id=\"sc_googlemap_1441996781\"\r\n\t\t\tclass=\"sc_googlemap sc_googlemap_default\"\r\n\t\t\t style=\"width:100%;height:597px;\"\t\t\tdata-zoom=\"16\"\r\n\t\t\tdata-style=\"blue\"\r\n        ><iframe\r\n                    data-src=\"https:\/\/maps.google.com\/maps?t=m&output=embed&iwloc=near&z=16&q=60+Ouellete+Street%2C+Grand+Falls%2C+NB%2C+E3Z+1A6\"\r\n                    scrolling=\"no\"\r\n                    marginheight=\"0\"\r\n                    marginwidth=\"0\"\r\n                    frameborder=\"0\"\r\n                    aria-label=\"\" src=\"data:image\/svg+xml;base64,PHN2ZyB3aWR0aD0iMSIgaGVpZ2h0PSIxIiB4bWxucz0iaHR0cDovL3d3dy53My5vcmcvMjAwMC9zdmciPjwvc3ZnPg==\" class=\"lazyload\" data-load-mode=\"1\"><\/iframe><\/div><\/div><!-- \/.sc_googlemap_wrap --><\/div><\/div><\/div><\/div><div class=\"vc_row-full-width vc_clearfix\"><\/div><div class=\"vc_row wpb_row vc_row-fluid\"><div class=\"wpb_column vc_column_container vc_col-sm-12 sc_layouts_column_icons_position_left\"><div class=\"vc_column-inner\"><div class=\"wpb_wrapper\"><div class=\"vc_empty_space  vc_custom_1481295484252 height_large\"   style=\"height: 32px\"><span class=\"vc_empty_space_inner\"><\/span><\/div><div id=\"sc_title_108120358\"\r\n\t\tclass=\"sc_title sc_title_default\"><h6 class=\"sc_item_subtitle sc_title_subtitle sc_align_center sc_item_title_style_default\">Question?<\/h6><h3 class=\"sc_item_title sc_title_title sc_align_center sc_item_title_style_default\">REJOIGNEZ NOUS<\/h3><\/div><!-- \/.sc_title --><div class=\"vc_empty_space  vc_custom_1481295627558 height_medium\"   style=\"height: 32px\"><span class=\"vc_empty_space_inner\"><\/span><\/div><\/div><\/div><\/div><\/div><div class=\"vc_row wpb_row vc_row-fluid\"><div class=\"wpb_column vc_column_container vc_col-sm-3 vc_col-lg-4 vc_col-md-4 vc_hidden-xs sc_layouts_column_icons_position_left\"><div class=\"vc_column-inner\"><div class=\"wpb_wrapper\"><\/div><\/div><\/div><div class=\"wpb_column vc_column_container vc_col-sm-6 vc_col-lg-4 vc_col-md-4 vc_col-xs-12 sc_layouts_column_icons_position_left\"><div class=\"vc_column-inner\"><div class=\"wpb_wrapper\">\n<div class=\"wpcf7 no-js\" id=\"wpcf7-f4-o1\" lang=\"en-US\" dir=\"ltr\" data-wpcf7-id=\"4\">\n<div class=\"screen-reader-response\"><p role=\"status\" aria-live=\"polite\" aria-atomic=\"true\"><\/p> <ul><\/ul><\/div>\n<form action=\"\/fr\/wp-json\/wp\/v2\/pages\/243#wpcf7-f4-o1\" method=\"post\" class=\"wpcf7-form init\" aria-label=\"Contact form\" novalidate=\"novalidate\" data-status=\"init\" data-trp-original-action=\"\/fr\/wp-json\/wp\/v2\/pages\/243#wpcf7-f4-o1\">\n<fieldset class=\"hidden-fields-container\"><input type=\"hidden\" name=\"_wpcf7\" value=\"4\" \/><input type=\"hidden\" name=\"_wpcf7_version\" value=\"6.1.5\" \/><input type=\"hidden\" name=\"_wpcf7_locale\" value=\"en_US\" \/><input type=\"hidden\" name=\"_wpcf7_unit_tag\" value=\"wpcf7-f4-o1\" \/><input type=\"hidden\" name=\"_wpcf7_container_post\" value=\"0\" \/><input type=\"hidden\" name=\"_wpcf7_posted_data_hash\" value=\"\" \/>\n<\/fieldset>\n<p><label><span class=\"wpcf7-form-control-wrap\" data-name=\"your-name\"><input size=\"40\" maxlength=\"400\" class=\"wpcf7-form-control wpcf7-text wpcf7-validates-as-required\" aria-required=\"true\" aria-invalid=\"false\" placeholder=\"Votre Nom*\" value=\"\" type=\"text\" name=\"your-name\" \/><\/span> <\/label>\n<\/p>\n<p><label><span class=\"wpcf7-form-control-wrap\" data-name=\"your-email\"><input size=\"40\" maxlength=\"400\" class=\"wpcf7-form-control wpcf7-email wpcf7-validates-as-required wpcf7-text wpcf7-validates-as-email\" aria-required=\"true\" aria-invalid=\"false\" placeholder=\"Votre Courriel*\" value=\"\" type=\"email\" name=\"your-email\" \/><\/span> <\/label>\n<\/p>\n<p><label><span class=\"wpcf7-form-control-wrap\" data-name=\"your-message\"><textarea cols=\"40\" rows=\"10\" maxlength=\"2000\" class=\"wpcf7-form-control wpcf7-textarea\" aria-invalid=\"false\" placeholder=\"Votre Question\/Message*\" name=\"your-message\"><\/textarea><\/span><\/label>\n<\/p>\n<p><input class=\"wpcf7-form-control wpcf7-submit has-spinner\" type=\"submit\" value=\"SOUMETTRE\" \/>\n<\/p><div class=\"wpcf7-response-output\" aria-hidden=\"true\"><\/div>\n<input type=\"hidden\" name=\"trp-form-language\" value=\"fr\"\/><\/form>\n<\/div>\n<\/div><\/div><\/div><div class=\"wpb_column vc_column_container vc_col-sm-3 vc_col-lg-4 vc_col-md-4 vc_hidden-xs sc_layouts_column_icons_position_left\"><div class=\"vc_column-inner\"><div class=\"wpb_wrapper\"><\/div><\/div><\/div><\/div><div class=\"vc_row wpb_row vc_row-fluid\"><div class=\"wpb_column vc_column_container vc_col-sm-12 sc_layouts_column_icons_position_left\"><div class=\"vc_column-inner\"><div class=\"wpb_wrapper\"><div class=\"vc_empty_space  height_large\"   style=\"height: 32px\"><span class=\"vc_empty_space_inner\"><\/span><\/div><\/div><\/div><\/div><\/div>","protected":false},"excerpt":{"rendered":"maplocation & Contact On-ice camps are held at the E&amp;P S\u00e9n\u00e9chal Center in Grand Falls, New Brunswick 60 Ouellette Street, Grand Falls, NB E3Z 1A6Call us: 1 (506) 479-0885paul.leclerc@plhockeyhp.camail usdrop a line","protected":false},"author":1,"featured_media":0,"parent":0,"menu_order":0,"comment_status":"closed","ping_status":"closed","template":"","meta":{"_coblocks_attr":"","_coblocks_dimensions":"","_coblocks_responsive_height":"","_coblocks_accordion_ie_support":"","footnotes":""},"class_list":["post-243","page","type-page","status-publish","hentry"],"yoast_head":"<!-- This site is optimized with the Yoast SEO plugin v27.4 - https:\/\/yoast.com\/product\/yoast-seo-wordpress\/ -->\n<title>Contacts - PL High Performance Hockey<\/title>\n<meta name=\"robots\" content=\"index, follow, max-snippet:-1, max-image-preview:large, max-video-preview:-1\" \/>\n<link rel=\"canonical\" href=\"https:\/\/plhockeyhp.ca\/fr\/contacts\/\" \/>\n<meta property=\"og:locale\" content=\"fr_CA\" \/>\n<meta property=\"og:type\" content=\"article\" \/>\n<meta property=\"og:title\" content=\"Contacts - PL High Performance Hockey\" \/>\n<meta property=\"og:url\" content=\"https:\/\/plhockeyhp.ca\/fr\/contacts\/\" \/>\n<meta property=\"og:site_name\" content=\"PL High Performance Hockey\" \/>\n<meta property=\"article:publisher\" content=\"https:\/\/www.facebook.com\/PLhockeyhp\/\" \/>\n<meta property=\"article:modified_time\" content=\"2022-07-25T01:55:58+00:00\" \/>\n<meta name=\"twitter:card\" content=\"summary_large_image\" \/>\n<meta name=\"twitter:label1\" content=\"Estimation du temps de lecture\" \/>\n\t<meta name=\"twitter:data1\" content=\"1 minute\" \/>\n<script type=\"application\/ld+json\" class=\"yoast-schema-graph\">{\"@context\":\"https:\\\/\\\/schema.org\",\"@graph\":[{\"@type\":\"WebPage\",\"@id\":\"https:\\\/\\\/plhockeyhp.ca\\\/contacts\\\/\",\"url\":\"https:\\\/\\\/plhockeyhp.ca\\\/contacts\\\/\",\"name\":\"Contacts - PL High Performance Hockey\",\"isPartOf\":{\"@id\":\"https:\\\/\\\/plhockeyhp.ca\\\/#website\"},\"datePublished\":\"2016-11-18T12:04:27+00:00\",\"dateModified\":\"2022-07-25T01:55:58+00:00\",\"breadcrumb\":{\"@id\":\"https:\\\/\\\/plhockeyhp.ca\\\/contacts\\\/#breadcrumb\"},\"inLanguage\":\"fr-CA\",\"potentialAction\":[{\"@type\":\"ReadAction\",\"target\":[\"https:\\\/\\\/plhockeyhp.ca\\\/contacts\\\/\"]}]},{\"@type\":\"BreadcrumbList\",\"@id\":\"https:\\\/\\\/plhockeyhp.ca\\\/contacts\\\/#breadcrumb\",\"itemListElement\":[{\"@type\":\"ListItem\",\"position\":1,\"name\":\"Home\",\"item\":\"https:\\\/\\\/plhockeyhp.ca\\\/\"},{\"@type\":\"ListItem\",\"position\":2,\"name\":\"Contacts\"}]},{\"@type\":\"WebSite\",\"@id\":\"https:\\\/\\\/plhockeyhp.ca\\\/#website\",\"url\":\"https:\\\/\\\/plhockeyhp.ca\\\/\",\"name\":\"PL High Performance Hockey\",\"description\":\"High Performance Hockey Coaching for all ages\",\"publisher\":{\"@id\":\"https:\\\/\\\/plhockeyhp.ca\\\/#\\\/schema\\\/person\\\/bab7e546e9274617626b20d8f9651caf\"},\"potentialAction\":[{\"@type\":\"SearchAction\",\"target\":{\"@type\":\"EntryPoint\",\"urlTemplate\":\"https:\\\/\\\/plhockeyhp.ca\\\/?s={search_term_string}\"},\"query-input\":{\"@type\":\"PropertyValueSpecification\",\"valueRequired\":true,\"valueName\":\"search_term_string\"}}],\"inLanguage\":\"fr-CA\"},{\"@type\":[\"Person\",\"Organization\"],\"@id\":\"https:\\\/\\\/plhockeyhp.ca\\\/#\\\/schema\\\/person\\\/bab7e546e9274617626b20d8f9651caf\",\"name\":\"Paul Leclerc\",\"image\":{\"@type\":\"ImageObject\",\"inLanguage\":\"fr-CA\",\"@id\":\"https:\\\/\\\/plhockeyhp.ca\\\/wp-content\\\/uploads\\\/2022\\\/06\\\/pngwhitecircle-copy-e1654968668911.png\",\"url\":\"https:\\\/\\\/plhockeyhp.ca\\\/wp-content\\\/uploads\\\/2022\\\/06\\\/pngwhitecircle-copy-e1654968668911.png\",\"contentUrl\":\"https:\\\/\\\/plhockeyhp.ca\\\/wp-content\\\/uploads\\\/2022\\\/06\\\/pngwhitecircle-copy-e1654968668911.png\",\"width\":512,\"height\":512,\"caption\":\"Paul Leclerc\"},\"logo\":{\"@id\":\"https:\\\/\\\/plhockeyhp.ca\\\/wp-content\\\/uploads\\\/2022\\\/06\\\/pngwhitecircle-copy-e1654968668911.png\"},\"description\":\"Paul Leclerc is a Hockey Canada High Performance certified coach. He is currently doing his Graduate Certificate in High Performance coaching and Technical Leadership at the University of British-Columbia. Paul has more than 10 years of experience behind the bench. He just recently (2020-2021) coached his team to the league championship in the midst of the multiple challenges brought on by COVID-19. He is also a guest coach with the U15 Hockey New Brunswick High Performance Program.\",\"sameAs\":[\"https:\\\/\\\/plhockeyhp.ca\",\"https:\\\/\\\/www.facebook.com\\\/PLhockeyhp\\\/\"]}]}<\/script>\n<!-- \/ Yoast SEO plugin. -->","yoast_head_json":{"title":"Contacts - PL High Performance Hockey","robots":{"index":"index","follow":"follow","max-snippet":"max-snippet:-1","max-image-preview":"max-image-preview:large","max-video-preview":"max-video-preview:-1"},"canonical":"https:\/\/plhockeyhp.ca\/fr\/contacts\/","og_locale":"fr_CA","og_type":"article","og_title":"Contacts - PL High Performance Hockey","og_url":"https:\/\/plhockeyhp.ca\/fr\/contacts\/","og_site_name":"PL High Performance Hockey","article_publisher":"https:\/\/www.facebook.com\/PLhockeyhp\/","article_modified_time":"2022-07-25T01:55:58+00:00","twitter_card":"summary_large_image","twitter_misc":{"Estimation du temps de lecture":"1 minute"},"schema":{"@context":"https:\/\/schema.org","@graph":[{"@type":"WebPage","@id":"https:\/\/plhockeyhp.ca\/contacts\/","url":"https:\/\/plhockeyhp.ca\/contacts\/","name":"Contacts - PL High Performance Hockey","isPartOf":{"@id":"https:\/\/plhockeyhp.ca\/#website"},"datePublished":"2016-11-18T12:04:27+00:00","dateModified":"2022-07-25T01:55:58+00:00","breadcrumb":{"@id":"https:\/\/plhockeyhp.ca\/contacts\/#breadcrumb"},"inLanguage":"fr-CA","potentialAction":[{"@type":"ReadAction","target":["https:\/\/plhockeyhp.ca\/contacts\/"]}]},{"@type":"BreadcrumbList","@id":"https:\/\/plhockeyhp.ca\/contacts\/#breadcrumb","itemListElement":[{"@type":"ListItem","position":1,"name":"Home","item":"https:\/\/plhockeyhp.ca\/"},{"@type":"ListItem","position":2,"name":"Contacts"}]},{"@type":"WebSite","@id":"https:\/\/plhockeyhp.ca\/#website","url":"https:\/\/plhockeyhp.ca\/","name":"PL High Performance Hockey","description":"High Performance Hockey Coaching for all ages","publisher":{"@id":"https:\/\/plhockeyhp.ca\/#\/schema\/person\/bab7e546e9274617626b20d8f9651caf"},"potentialAction":[{"@type":"SearchAction","target":{"@type":"EntryPoint","urlTemplate":"https:\/\/plhockeyhp.ca\/?s={search_term_string}"},"query-input":{"@type":"PropertyValueSpecification","valueRequired":true,"valueName":"search_term_string"}}],"inLanguage":"fr-CA"},{"@type":["Person","Organization"],"@id":"https:\/\/plhockeyhp.ca\/#\/schema\/person\/bab7e546e9274617626b20d8f9651caf","name":"Paul Leclerc","image":{"@type":"ImageObject","inLanguage":"fr-CA","@id":"https:\/\/plhockeyhp.ca\/wp-content\/uploads\/2022\/06\/pngwhitecircle-copy-e1654968668911.png","url":"https:\/\/plhockeyhp.ca\/wp-content\/uploads\/2022\/06\/pngwhitecircle-copy-e1654968668911.png","contentUrl":"https:\/\/plhockeyhp.ca\/wp-content\/uploads\/2022\/06\/pngwhitecircle-copy-e1654968668911.png","width":512,"height":512,"caption":"Paul Leclerc"},"logo":{"@id":"https:\/\/plhockeyhp.ca\/wp-content\/uploads\/2022\/06\/pngwhitecircle-copy-e1654968668911.png"},"description":"Paul Leclerc is a Hockey Canada High Performance certified coach. He is currently doing his Graduate Certificate in High Performance coaching and Technical Leadership at the University of British-Columbia. Paul has more than 10 years of experience behind the bench. He just recently (2020-2021) coached his team to the league championship in the midst of the multiple challenges brought on by COVID-19. He is also a guest coach with the U15 Hockey New Brunswick High Performance Program.","sameAs":["https:\/\/plhockeyhp.ca","https:\/\/www.facebook.com\/PLhockeyhp\/"]}]}},"_links":{"self":[{"href":"https:\/\/plhockeyhp.ca\/fr\/wp-json\/wp\/v2\/pages\/243","targetHints":{"allow":["GET"]}}],"collection":[{"href":"https:\/\/plhockeyhp.ca\/fr\/wp-json\/wp\/v2\/pages"}],"about":[{"href":"https:\/\/plhockeyhp.ca\/fr\/wp-json\/wp\/v2\/types\/page"}],"author":[{"embeddable":true,"href":"https:\/\/plhockeyhp.ca\/fr\/wp-json\/wp\/v2\/users\/1"}],"replies":[{"embeddable":true,"href":"https:\/\/plhockeyhp.ca\/fr\/wp-json\/wp\/v2\/comments?post=243"}],"version-history":[{"count":2,"href":"https:\/\/plhockeyhp.ca\/fr\/wp-json\/wp\/v2\/pages\/243\/revisions"}],"predecessor-version":[{"id":1654,"href":"https:\/\/plhockeyhp.ca\/fr\/wp-json\/wp\/v2\/pages\/243\/revisions\/1654"}],"wp:attachment":[{"href":"https:\/\/plhockeyhp.ca\/fr\/wp-json\/wp\/v2\/media?parent=243"}],"curies":[{"name":"wp","href":"https:\/\/api.w.org\/{rel}","templated":true}]}}