{"id":1326,"date":"2022-06-22T00:21:27","date_gmt":"2022-06-22T00:21:27","guid":{"rendered":"https:\/\/plhockeyhp.ca\/?post_type=product&#038;p=1326"},"modified":"2024-03-08T18:58:36","modified_gmt":"2024-03-08T18:58:36","slug":"prep-for-selection-camps-a-level-u15","status":"publish","type":"product","link":"https:\/\/plhockeyhp.ca\/fr\/product\/prep-for-selection-camps-a-level-u15\/","title":{"rendered":"Prep. for Selection Camps &#8216;A&#8217; Level  (U15)"},"content":{"rendered":"<p>Ce camp s'adresse aux joueurs qui ne sont pas int\u00e9ress\u00e9s ou retranch\u00e9s des camps de s\u00e9lection AAA. Il aura lieu une semaine avant les camps de s\u00e9lection \u2018A\u2019 du hockey mineur, donc une bonne occasion de monter en intensit\u00e9 avant l\u2019\u00e9valuation. \u00c9videmment, le conditionnement sur glace aura un grand r\u00f4le dans ce camp de 3 jours donnant un avantage \u00e0 ses participants.<\/p>\n<p>***La mise-en-\u00e9chec sera pratiqu\u00e9e pendant ce camp***<\/p>","protected":false},"excerpt":{"rendered":"<div dir=\"auto\">Camp: Pr\u00e9paration au Camp de S\u00e9lection \"A\"<\/div>\n<div dir=\"auto\">Endroit: Centre E&amp;P S\u00e9n\u00e9chal<\/div>\n<div dir=\"auto\">Quand: 7,9 et 13 octobre 2022<\/div>","protected":false},"featured_media":1648,"template":"","meta":{"_coblocks_attr":"","_coblocks_dimensions":"","_coblocks_responsive_height":"","_coblocks_accordion_ie_support":""},"product_brand":[],"product_cat":[61,68,67],"product_tag":[],"class_list":{"0":"post-1326","1":"product","2":"type-product","3":"status-publish","4":"has-post-thumbnail","6":"product_cat-comp","7":"product_cat-pre-season","8":"product_cat-u15","10":"first","11":"outofstock","12":"taxable","13":"shipping-taxable","14":"purchasable","15":"product-type-variable"},"yoast_head":"<!-- This site is optimized with the Yoast SEO plugin v27.4 - https:\/\/yoast.com\/product\/yoast-seo-wordpress\/ -->\n<title>Prep. for Selection Camps &#039;A&#039; Level (U15) - PL High Performance Hockey<\/title>\n<meta name=\"description\" content=\"This camp is for players who are not interested in or cut from the AAA selection camps. It will take place a week before the minor hockey &#039;A&#039; selection camps, so a good opportunity to increase the intensity before the evaluation. Obviously on-ice conditioning will have a big role in this 3-day camp giving an advantage to its participants.\" \/>\n<meta name=\"robots\" content=\"index, follow, max-snippet:-1, max-image-preview:large, max-video-preview:-1\" \/>\n<link rel=\"canonical\" href=\"https:\/\/plhockeyhp.ca\/fr\/produit\/prep-for-selection-camps-a-level-u15\/\" \/>\n<meta property=\"og:locale\" content=\"fr_CA\" \/>\n<meta property=\"og:type\" content=\"article\" \/>\n<meta property=\"og:title\" content=\"Prep. for Selection Camps &#039;A&#039; Level (U15) - PL High Performance Hockey\" \/>\n<meta property=\"og:description\" content=\"This camp is for players who are not interested in or cut from the AAA selection camps. It will take place a week before the minor hockey &#039;A&#039; selection camps, so a good opportunity to increase the intensity before the evaluation. Obviously on-ice conditioning will have a big role in this 3-day camp giving an advantage to its participants.\" \/>\n<meta property=\"og:url\" content=\"https:\/\/plhockeyhp.ca\/fr\/produit\/prep-for-selection-camps-a-level-u15\/\" \/>\n<meta property=\"og:site_name\" content=\"PL High Performance Hockey\" \/>\n<meta property=\"article:publisher\" content=\"https:\/\/www.facebook.com\/PLhockeyhp\/\" \/>\n<meta property=\"article:modified_time\" content=\"2024-03-08T18:58:36+00:00\" \/>\n<meta property=\"og:image\" content=\"https:\/\/plhockeyhp.ca\/wp-content\/uploads\/2022\/06\/Screen-Shot-2022-07-24-at-9.28.03-PM.png\" \/>\n\t<meta property=\"og:image:width\" content=\"1196\" \/>\n\t<meta property=\"og:image:height\" content=\"1204\" \/>\n\t<meta property=\"og:image:type\" content=\"image\/png\" \/>\n<meta name=\"twitter:card\" content=\"summary_large_image\" \/>\n<meta name=\"twitter:label1\" content=\"Estimation du temps de lecture\" \/>\n\t<meta name=\"twitter:data1\" content=\"1 minute\" \/>\n<script type=\"application\/ld+json\" class=\"yoast-schema-graph\">{\"@context\":\"https:\\\/\\\/schema.org\",\"@graph\":[{\"@type\":\"WebPage\",\"@id\":\"https:\\\/\\\/plhockeyhp.ca\\\/product\\\/prep-for-selection-camps-a-level-u15\\\/\",\"url\":\"https:\\\/\\\/plhockeyhp.ca\\\/product\\\/prep-for-selection-camps-a-level-u15\\\/\",\"name\":\"Prep. for Selection Camps 'A' Level (U15) - PL High Performance Hockey\",\"isPartOf\":{\"@id\":\"https:\\\/\\\/plhockeyhp.ca\\\/#website\"},\"primaryImageOfPage\":{\"@id\":\"https:\\\/\\\/plhockeyhp.ca\\\/product\\\/prep-for-selection-camps-a-level-u15\\\/#primaryimage\"},\"image\":{\"@id\":\"https:\\\/\\\/plhockeyhp.ca\\\/product\\\/prep-for-selection-camps-a-level-u15\\\/#primaryimage\"},\"thumbnailUrl\":\"https:\\\/\\\/plhockeyhp.ca\\\/wp-content\\\/uploads\\\/2022\\\/06\\\/Screen-Shot-2022-07-24-at-9.28.03-PM.png\",\"datePublished\":\"2022-06-22T00:21:27+00:00\",\"dateModified\":\"2024-03-08T18:58:36+00:00\",\"description\":\"This camp is for players who are not interested in or cut from the AAA selection camps. It will take place a week before the minor hockey 'A' selection camps, so a good opportunity to increase the intensity before the evaluation. Obviously on-ice conditioning will have a big role in this 3-day camp giving an advantage to its participants.\",\"breadcrumb\":{\"@id\":\"https:\\\/\\\/plhockeyhp.ca\\\/product\\\/prep-for-selection-camps-a-level-u15\\\/#breadcrumb\"},\"inLanguage\":\"fr-CA\",\"potentialAction\":[{\"@type\":\"ReadAction\",\"target\":[\"https:\\\/\\\/plhockeyhp.ca\\\/product\\\/prep-for-selection-camps-a-level-u15\\\/\"]}]},{\"@type\":\"ImageObject\",\"inLanguage\":\"fr-CA\",\"@id\":\"https:\\\/\\\/plhockeyhp.ca\\\/product\\\/prep-for-selection-camps-a-level-u15\\\/#primaryimage\",\"url\":\"https:\\\/\\\/plhockeyhp.ca\\\/wp-content\\\/uploads\\\/2022\\\/06\\\/Screen-Shot-2022-07-24-at-9.28.03-PM.png\",\"contentUrl\":\"https:\\\/\\\/plhockeyhp.ca\\\/wp-content\\\/uploads\\\/2022\\\/06\\\/Screen-Shot-2022-07-24-at-9.28.03-PM.png\",\"width\":1196,\"height\":1204},{\"@type\":\"BreadcrumbList\",\"@id\":\"https:\\\/\\\/plhockeyhp.ca\\\/product\\\/prep-for-selection-camps-a-level-u15\\\/#breadcrumb\",\"itemListElement\":[{\"@type\":\"ListItem\",\"position\":1,\"name\":\"Home\",\"item\":\"https:\\\/\\\/plhockeyhp.ca\\\/\"},{\"@type\":\"ListItem\",\"position\":2,\"name\":\"Shop\",\"item\":\"https:\\\/\\\/plhockeyhp.ca\\\/shop\\\/\"},{\"@type\":\"ListItem\",\"position\":3,\"name\":\"Prep. for Selection Camps &#8216;A&#8217; Level (U15)\"}]},{\"@type\":\"WebSite\",\"@id\":\"https:\\\/\\\/plhockeyhp.ca\\\/#website\",\"url\":\"https:\\\/\\\/plhockeyhp.ca\\\/\",\"name\":\"PL High Performance Hockey\",\"description\":\"High Performance Hockey Coaching for all ages\",\"publisher\":{\"@id\":\"https:\\\/\\\/plhockeyhp.ca\\\/#\\\/schema\\\/person\\\/bab7e546e9274617626b20d8f9651caf\"},\"potentialAction\":[{\"@type\":\"SearchAction\",\"target\":{\"@type\":\"EntryPoint\",\"urlTemplate\":\"https:\\\/\\\/plhockeyhp.ca\\\/?s={search_term_string}\"},\"query-input\":{\"@type\":\"PropertyValueSpecification\",\"valueRequired\":true,\"valueName\":\"search_term_string\"}}],\"inLanguage\":\"fr-CA\"},{\"@type\":[\"Person\",\"Organization\"],\"@id\":\"https:\\\/\\\/plhockeyhp.ca\\\/#\\\/schema\\\/person\\\/bab7e546e9274617626b20d8f9651caf\",\"name\":\"Paul Leclerc\",\"image\":{\"@type\":\"ImageObject\",\"inLanguage\":\"fr-CA\",\"@id\":\"https:\\\/\\\/plhockeyhp.ca\\\/wp-content\\\/uploads\\\/2022\\\/06\\\/pngwhitecircle-copy-e1654968668911.png\",\"url\":\"https:\\\/\\\/plhockeyhp.ca\\\/wp-content\\\/uploads\\\/2022\\\/06\\\/pngwhitecircle-copy-e1654968668911.png\",\"contentUrl\":\"https:\\\/\\\/plhockeyhp.ca\\\/wp-content\\\/uploads\\\/2022\\\/06\\\/pngwhitecircle-copy-e1654968668911.png\",\"width\":512,\"height\":512,\"caption\":\"Paul Leclerc\"},\"logo\":{\"@id\":\"https:\\\/\\\/plhockeyhp.ca\\\/wp-content\\\/uploads\\\/2022\\\/06\\\/pngwhitecircle-copy-e1654968668911.png\"},\"description\":\"Paul Leclerc is a Hockey Canada High Performance certified coach. He is currently doing his Graduate Certificate in High Performance coaching and Technical Leadership at the University of British-Columbia. Paul has more than 10 years of experience behind the bench. He just recently (2020-2021) coached his team to the league championship in the midst of the multiple challenges brought on by COVID-19. He is also a guest coach with the U15 Hockey New Brunswick High Performance Program.\",\"sameAs\":[\"https:\\\/\\\/plhockeyhp.ca\",\"https:\\\/\\\/www.facebook.com\\\/PLhockeyhp\\\/\"]}]}<\/script>\n<!-- \/ Yoast SEO plugin. -->","yoast_head_json":{"title":"Prep. for Selection Camps 'A' Level (U15) - PL High Performance Hockey","description":"This camp is for players who are not interested in or cut from the AAA selection camps. It will take place a week before the minor hockey 'A' selection camps, so a good opportunity to increase the intensity before the evaluation. Obviously on-ice conditioning will have a big role in this 3-day camp giving an advantage to its participants.","robots":{"index":"index","follow":"follow","max-snippet":"max-snippet:-1","max-image-preview":"max-image-preview:large","max-video-preview":"max-video-preview:-1"},"canonical":"https:\/\/plhockeyhp.ca\/fr\/produit\/prep-for-selection-camps-a-level-u15\/","og_locale":"fr_CA","og_type":"article","og_title":"Prep. for Selection Camps 'A' Level (U15) - PL High Performance Hockey","og_description":"This camp is for players who are not interested in or cut from the AAA selection camps. It will take place a week before the minor hockey 'A' selection camps, so a good opportunity to increase the intensity before the evaluation. Obviously on-ice conditioning will have a big role in this 3-day camp giving an advantage to its participants.","og_url":"https:\/\/plhockeyhp.ca\/fr\/produit\/prep-for-selection-camps-a-level-u15\/","og_site_name":"PL High Performance Hockey","article_publisher":"https:\/\/www.facebook.com\/PLhockeyhp\/","article_modified_time":"2024-03-08T18:58:36+00:00","og_image":[{"width":1196,"height":1204,"url":"https:\/\/plhockeyhp.ca\/wp-content\/uploads\/2022\/06\/Screen-Shot-2022-07-24-at-9.28.03-PM.png","type":"image\/png"}],"twitter_card":"summary_large_image","twitter_misc":{"Estimation du temps de lecture":"1 minute"},"schema":{"@context":"https:\/\/schema.org","@graph":[{"@type":"WebPage","@id":"https:\/\/plhockeyhp.ca\/product\/prep-for-selection-camps-a-level-u15\/","url":"https:\/\/plhockeyhp.ca\/product\/prep-for-selection-camps-a-level-u15\/","name":"Prep. for Selection Camps 'A' Level (U15) - PL High Performance Hockey","isPartOf":{"@id":"https:\/\/plhockeyhp.ca\/#website"},"primaryImageOfPage":{"@id":"https:\/\/plhockeyhp.ca\/product\/prep-for-selection-camps-a-level-u15\/#primaryimage"},"image":{"@id":"https:\/\/plhockeyhp.ca\/product\/prep-for-selection-camps-a-level-u15\/#primaryimage"},"thumbnailUrl":"https:\/\/plhockeyhp.ca\/wp-content\/uploads\/2022\/06\/Screen-Shot-2022-07-24-at-9.28.03-PM.png","datePublished":"2022-06-22T00:21:27+00:00","dateModified":"2024-03-08T18:58:36+00:00","description":"This camp is for players who are not interested in or cut from the AAA selection camps. It will take place a week before the minor hockey 'A' selection camps, so a good opportunity to increase the intensity before the evaluation. Obviously on-ice conditioning will have a big role in this 3-day camp giving an advantage to its participants.","breadcrumb":{"@id":"https:\/\/plhockeyhp.ca\/product\/prep-for-selection-camps-a-level-u15\/#breadcrumb"},"inLanguage":"fr-CA","potentialAction":[{"@type":"ReadAction","target":["https:\/\/plhockeyhp.ca\/product\/prep-for-selection-camps-a-level-u15\/"]}]},{"@type":"ImageObject","inLanguage":"fr-CA","@id":"https:\/\/plhockeyhp.ca\/product\/prep-for-selection-camps-a-level-u15\/#primaryimage","url":"https:\/\/plhockeyhp.ca\/wp-content\/uploads\/2022\/06\/Screen-Shot-2022-07-24-at-9.28.03-PM.png","contentUrl":"https:\/\/plhockeyhp.ca\/wp-content\/uploads\/2022\/06\/Screen-Shot-2022-07-24-at-9.28.03-PM.png","width":1196,"height":1204},{"@type":"BreadcrumbList","@id":"https:\/\/plhockeyhp.ca\/product\/prep-for-selection-camps-a-level-u15\/#breadcrumb","itemListElement":[{"@type":"ListItem","position":1,"name":"Home","item":"https:\/\/plhockeyhp.ca\/"},{"@type":"ListItem","position":2,"name":"Shop","item":"https:\/\/plhockeyhp.ca\/shop\/"},{"@type":"ListItem","position":3,"name":"Prep. for Selection Camps &#8216;A&#8217; Level (U15)"}]},{"@type":"WebSite","@id":"https:\/\/plhockeyhp.ca\/#website","url":"https:\/\/plhockeyhp.ca\/","name":"PL High Performance Hockey","description":"High Performance Hockey Coaching for all ages","publisher":{"@id":"https:\/\/plhockeyhp.ca\/#\/schema\/person\/bab7e546e9274617626b20d8f9651caf"},"potentialAction":[{"@type":"SearchAction","target":{"@type":"EntryPoint","urlTemplate":"https:\/\/plhockeyhp.ca\/?s={search_term_string}"},"query-input":{"@type":"PropertyValueSpecification","valueRequired":true,"valueName":"search_term_string"}}],"inLanguage":"fr-CA"},{"@type":["Person","Organization"],"@id":"https:\/\/plhockeyhp.ca\/#\/schema\/person\/bab7e546e9274617626b20d8f9651caf","name":"Paul Leclerc","image":{"@type":"ImageObject","inLanguage":"fr-CA","@id":"https:\/\/plhockeyhp.ca\/wp-content\/uploads\/2022\/06\/pngwhitecircle-copy-e1654968668911.png","url":"https:\/\/plhockeyhp.ca\/wp-content\/uploads\/2022\/06\/pngwhitecircle-copy-e1654968668911.png","contentUrl":"https:\/\/plhockeyhp.ca\/wp-content\/uploads\/2022\/06\/pngwhitecircle-copy-e1654968668911.png","width":512,"height":512,"caption":"Paul Leclerc"},"logo":{"@id":"https:\/\/plhockeyhp.ca\/wp-content\/uploads\/2022\/06\/pngwhitecircle-copy-e1654968668911.png"},"description":"Paul Leclerc is a Hockey Canada High Performance certified coach. He is currently doing his Graduate Certificate in High Performance coaching and Technical Leadership at the University of British-Columbia. Paul has more than 10 years of experience behind the bench. He just recently (2020-2021) coached his team to the league championship in the midst of the multiple challenges brought on by COVID-19. He is also a guest coach with the U15 Hockey New Brunswick High Performance Program.","sameAs":["https:\/\/plhockeyhp.ca","https:\/\/www.facebook.com\/PLhockeyhp\/"]}]}},"_links":{"self":[{"href":"https:\/\/plhockeyhp.ca\/fr\/wp-json\/wp\/v2\/product\/1326","targetHints":{"allow":["GET"]}}],"collection":[{"href":"https:\/\/plhockeyhp.ca\/fr\/wp-json\/wp\/v2\/product"}],"about":[{"href":"https:\/\/plhockeyhp.ca\/fr\/wp-json\/wp\/v2\/types\/product"}],"wp:featuredmedia":[{"embeddable":true,"href":"https:\/\/plhockeyhp.ca\/fr\/wp-json\/wp\/v2\/media\/1648"}],"wp:attachment":[{"href":"https:\/\/plhockeyhp.ca\/fr\/wp-json\/wp\/v2\/media?parent=1326"}],"wp:term":[{"taxonomy":"product_brand","embeddable":true,"href":"https:\/\/plhockeyhp.ca\/fr\/wp-json\/wp\/v2\/product_brand?post=1326"},{"taxonomy":"product_cat","embeddable":true,"href":"https:\/\/plhockeyhp.ca\/fr\/wp-json\/wp\/v2\/product_cat?post=1326"},{"taxonomy":"product_tag","embeddable":true,"href":"https:\/\/plhockeyhp.ca\/fr\/wp-json\/wp\/v2\/product_tag?post=1326"}],"curies":[{"name":"wp","href":"https:\/\/api.w.org\/{rel}","templated":true}]}}