{"id":1381,"date":"2022-07-19T15:30:21","date_gmt":"2022-07-19T15:30:21","guid":{"rendered":"https:\/\/plhockeyhp.ca\/?post_type=product&#038;p=1381"},"modified":"2024-03-08T18:56:26","modified_gmt":"2024-03-08T18:56:26","slug":"stickhandling-and-shooting-camp","status":"publish","type":"product","link":"https:\/\/plhockeyhp.ca\/fr\/product\/stickhandling-and-shooting-camp\/","title":{"rendered":"Camp de Maniement de la Rondelle et Lancers"},"content":{"rendered":"<p>\u00c0 partir du 26 juin, chaque participant recevra un document hebdomadaire avec des instructions et des liens vid\u00e9o pour d\u00e9montrer les exercices d'agilit\u00e9 \u00e0 faire \u00e0 la maison. Des vid\u00e9os de participation devront \u00eatre t\u00e9l\u00e9charg\u00e9es chaque semaine sur notre groupe Facebook priv\u00e9. Ces vid\u00e9os seront r\u00e9vis\u00e9es et analys\u00e9es. Chaque semaine, une vid\u00e9o descriptive\/analyse sera publi\u00e9e sur le groupe Facebook priv\u00e9. De plus, il y aura une session en pr\u00e9sentiel afin de corriger la technique. Le camp durera 8 semaines et se terminera 1 semaine avant la rentr\u00e9e scolaire.<\/p>","protected":false},"excerpt":{"rendered":"<div dir=\"auto\">Camp: Maniement de la Rondelle et Lancers<\/div>\n<div dir=\"auto\">Endroit: \u00c0 la maison et au Centre E&amp;P S\u00e9n\u00e9chal<\/div>\n<div dir=\"auto\">Quand: 8 semaines d\u00e9butant le 26 juin, 2022<\/div>","protected":false},"featured_media":1384,"template":"","meta":{"_coblocks_attr":"","_coblocks_dimensions":"","_coblocks_responsive_height":"","_coblocks_accordion_ie_support":""},"product_brand":[],"product_cat":[61,64,68,73,65,66,67,70],"product_tag":[],"class_list":{"0":"post-1381","1":"product","2":"type-product","3":"status-publish","4":"has-post-thumbnail","6":"product_cat-comp","7":"product_cat-elite","8":"product_cat-pre-season","9":"product_cat-summer","10":"product_cat-u11-2","11":"product_cat-u13-2","12":"product_cat-u15","13":"product_cat-u9","15":"first","16":"outofstock","17":"virtual","18":"taxable","19":"purchasable","20":"product-type-simple"},"yoast_head":"<!-- This site is optimized with the Yoast SEO plugin v27.4 - https:\/\/yoast.com\/product\/yoast-seo-wordpress\/ -->\n<title>Stickhandling and Shooting Camp - PL High Performance Hockey<\/title>\n<meta name=\"description\" content=\"Beginning June 26th, each participant will receive a weekly document with instructions and video links to demonstrate the agility exercises to do at home. Participation videos will need to be uploaded weekly to our private Facebook group. These videos are reviewed and analyzed. Every week, a descriptive\/analysis video will be posted on the private Facebook group. Also, there will be one face-to-face session to correct the technique. The camp will last 8 weeks, ending 1 week before school starts.\" \/>\n<meta name=\"robots\" content=\"index, follow, max-snippet:-1, max-image-preview:large, max-video-preview:-1\" \/>\n<link rel=\"canonical\" href=\"https:\/\/plhockeyhp.ca\/fr\/produit\/stickhandling-and-shooting-camp\/\" \/>\n<meta property=\"og:locale\" content=\"fr_CA\" \/>\n<meta property=\"og:type\" content=\"article\" \/>\n<meta property=\"og:title\" content=\"Stickhandling and Shooting Camp - PL High Performance Hockey\" \/>\n<meta property=\"og:description\" content=\"Beginning June 26th, each participant will receive a weekly document with instructions and video links to demonstrate the agility exercises to do at home. Participation videos will need to be uploaded weekly to our private Facebook group. These videos are reviewed and analyzed. Every week, a descriptive\/analysis video will be posted on the private Facebook group. Also, there will be one face-to-face session to correct the technique. The camp will last 8 weeks, ending 1 week before school starts.\" \/>\n<meta property=\"og:url\" content=\"https:\/\/plhockeyhp.ca\/fr\/produit\/stickhandling-and-shooting-camp\/\" \/>\n<meta property=\"og:site_name\" content=\"PL High Performance Hockey\" \/>\n<meta property=\"article:publisher\" content=\"https:\/\/www.facebook.com\/PLhockeyhp\/\" \/>\n<meta property=\"article:modified_time\" content=\"2024-03-08T18:56:26+00:00\" \/>\n<meta property=\"og:image\" content=\"https:\/\/plhockeyhp.ca\/wp-content\/uploads\/2022\/07\/Screen-Shot-2022-07-19-at-12.46.30-PM-e1658245715312.png\" \/>\n\t<meta property=\"og:image:width\" content=\"844\" \/>\n\t<meta property=\"og:image:height\" content=\"830\" \/>\n\t<meta property=\"og:image:type\" content=\"image\/png\" \/>\n<meta name=\"twitter:card\" content=\"summary_large_image\" \/>\n<meta name=\"twitter:label1\" content=\"Estimation du temps de lecture\" \/>\n\t<meta name=\"twitter:data1\" content=\"1 minute\" \/>\n<script type=\"application\/ld+json\" class=\"yoast-schema-graph\">{\"@context\":\"https:\\\/\\\/schema.org\",\"@graph\":[{\"@type\":\"WebPage\",\"@id\":\"https:\\\/\\\/plhockeyhp.ca\\\/product\\\/stickhandling-and-shooting-camp\\\/\",\"url\":\"https:\\\/\\\/plhockeyhp.ca\\\/product\\\/stickhandling-and-shooting-camp\\\/\",\"name\":\"Stickhandling and Shooting Camp - PL High Performance Hockey\",\"isPartOf\":{\"@id\":\"https:\\\/\\\/plhockeyhp.ca\\\/#website\"},\"primaryImageOfPage\":{\"@id\":\"https:\\\/\\\/plhockeyhp.ca\\\/product\\\/stickhandling-and-shooting-camp\\\/#primaryimage\"},\"image\":{\"@id\":\"https:\\\/\\\/plhockeyhp.ca\\\/product\\\/stickhandling-and-shooting-camp\\\/#primaryimage\"},\"thumbnailUrl\":\"https:\\\/\\\/plhockeyhp.ca\\\/wp-content\\\/uploads\\\/2022\\\/07\\\/Screen-Shot-2022-07-19-at-12.46.30-PM-e1658245715312.png\",\"datePublished\":\"2022-07-19T15:30:21+00:00\",\"dateModified\":\"2024-03-08T18:56:26+00:00\",\"description\":\"Beginning June 26th, each participant will receive a weekly document with instructions and video links to demonstrate the agility exercises to do at home. Participation videos will need to be uploaded weekly to our private Facebook group. These videos are reviewed and analyzed. Every week, a descriptive\\\/analysis video will be posted on the private Facebook group. Also, there will be one face-to-face session to correct the technique. The camp will last 8 weeks, ending 1 week before school starts.\",\"breadcrumb\":{\"@id\":\"https:\\\/\\\/plhockeyhp.ca\\\/product\\\/stickhandling-and-shooting-camp\\\/#breadcrumb\"},\"inLanguage\":\"fr-CA\",\"potentialAction\":[{\"@type\":\"ReadAction\",\"target\":[\"https:\\\/\\\/plhockeyhp.ca\\\/product\\\/stickhandling-and-shooting-camp\\\/\"]}]},{\"@type\":\"ImageObject\",\"inLanguage\":\"fr-CA\",\"@id\":\"https:\\\/\\\/plhockeyhp.ca\\\/product\\\/stickhandling-and-shooting-camp\\\/#primaryimage\",\"url\":\"https:\\\/\\\/plhockeyhp.ca\\\/wp-content\\\/uploads\\\/2022\\\/07\\\/Screen-Shot-2022-07-19-at-12.46.30-PM-e1658245715312.png\",\"contentUrl\":\"https:\\\/\\\/plhockeyhp.ca\\\/wp-content\\\/uploads\\\/2022\\\/07\\\/Screen-Shot-2022-07-19-at-12.46.30-PM-e1658245715312.png\",\"width\":844,\"height\":830},{\"@type\":\"BreadcrumbList\",\"@id\":\"https:\\\/\\\/plhockeyhp.ca\\\/product\\\/stickhandling-and-shooting-camp\\\/#breadcrumb\",\"itemListElement\":[{\"@type\":\"ListItem\",\"position\":1,\"name\":\"Home\",\"item\":\"https:\\\/\\\/plhockeyhp.ca\\\/\"},{\"@type\":\"ListItem\",\"position\":2,\"name\":\"Shop\",\"item\":\"https:\\\/\\\/plhockeyhp.ca\\\/shop\\\/\"},{\"@type\":\"ListItem\",\"position\":3,\"name\":\"Stickhandling and Shooting Camp\"}]},{\"@type\":\"WebSite\",\"@id\":\"https:\\\/\\\/plhockeyhp.ca\\\/#website\",\"url\":\"https:\\\/\\\/plhockeyhp.ca\\\/\",\"name\":\"PL High Performance Hockey\",\"description\":\"High Performance Hockey Coaching for all ages\",\"publisher\":{\"@id\":\"https:\\\/\\\/plhockeyhp.ca\\\/#\\\/schema\\\/person\\\/bab7e546e9274617626b20d8f9651caf\"},\"potentialAction\":[{\"@type\":\"SearchAction\",\"target\":{\"@type\":\"EntryPoint\",\"urlTemplate\":\"https:\\\/\\\/plhockeyhp.ca\\\/?s={search_term_string}\"},\"query-input\":{\"@type\":\"PropertyValueSpecification\",\"valueRequired\":true,\"valueName\":\"search_term_string\"}}],\"inLanguage\":\"fr-CA\"},{\"@type\":[\"Person\",\"Organization\"],\"@id\":\"https:\\\/\\\/plhockeyhp.ca\\\/#\\\/schema\\\/person\\\/bab7e546e9274617626b20d8f9651caf\",\"name\":\"Paul Leclerc\",\"image\":{\"@type\":\"ImageObject\",\"inLanguage\":\"fr-CA\",\"@id\":\"https:\\\/\\\/plhockeyhp.ca\\\/wp-content\\\/uploads\\\/2022\\\/06\\\/pngwhitecircle-copy-e1654968668911.png\",\"url\":\"https:\\\/\\\/plhockeyhp.ca\\\/wp-content\\\/uploads\\\/2022\\\/06\\\/pngwhitecircle-copy-e1654968668911.png\",\"contentUrl\":\"https:\\\/\\\/plhockeyhp.ca\\\/wp-content\\\/uploads\\\/2022\\\/06\\\/pngwhitecircle-copy-e1654968668911.png\",\"width\":512,\"height\":512,\"caption\":\"Paul Leclerc\"},\"logo\":{\"@id\":\"https:\\\/\\\/plhockeyhp.ca\\\/wp-content\\\/uploads\\\/2022\\\/06\\\/pngwhitecircle-copy-e1654968668911.png\"},\"description\":\"Paul Leclerc is a Hockey Canada High Performance certified coach. He is currently doing his Graduate Certificate in High Performance coaching and Technical Leadership at the University of British-Columbia. Paul has more than 10 years of experience behind the bench. He just recently (2020-2021) coached his team to the league championship in the midst of the multiple challenges brought on by COVID-19. He is also a guest coach with the U15 Hockey New Brunswick High Performance Program.\",\"sameAs\":[\"https:\\\/\\\/plhockeyhp.ca\",\"https:\\\/\\\/www.facebook.com\\\/PLhockeyhp\\\/\"]}]}<\/script>\n<!-- \/ Yoast SEO plugin. -->","yoast_head_json":{"title":"Stickhandling and Shooting Camp - PL High Performance Hockey","description":"\u00c0 partir du 26 juin, chaque participant recevra un document hebdomadaire avec des instructions et des liens vid\u00e9o pour d\u00e9montrer les exercices d'agilit\u00e9 \u00e0 faire \u00e0 la maison. Des vid\u00e9os de participation devront \u00eatre t\u00e9l\u00e9charg\u00e9es chaque semaine sur notre groupe Facebook priv\u00e9. Ces vid\u00e9os seront r\u00e9vis\u00e9es et analys\u00e9es. Chaque semaine, une vid\u00e9o descriptive\/analyse sera publi\u00e9e sur le groupe Facebook priv\u00e9. De plus, il y aura une session en pr\u00e9sentiel afin de corriger la technique. Le camp durera 8 semaines et se terminera 1 semaine avant la rentr\u00e9e scolaire.","robots":{"index":"index","follow":"follow","max-snippet":"max-snippet:-1","max-image-preview":"max-image-preview:large","max-video-preview":"max-video-preview:-1"},"canonical":"https:\/\/plhockeyhp.ca\/fr\/produit\/stickhandling-and-shooting-camp\/","og_locale":"fr_CA","og_type":"article","og_title":"Stickhandling and Shooting Camp - PL High Performance Hockey","og_description":"Beginning June 26th, each participant will receive a weekly document with instructions and video links to demonstrate the agility exercises to do at home. Participation videos will need to be uploaded weekly to our private Facebook group. These videos are reviewed and analyzed. Every week, a descriptive\/analysis video will be posted on the private Facebook group. Also, there will be one face-to-face session to correct the technique. The camp will last 8 weeks, ending 1 week before school starts.","og_url":"https:\/\/plhockeyhp.ca\/fr\/produit\/stickhandling-and-shooting-camp\/","og_site_name":"PL High Performance Hockey","article_publisher":"https:\/\/www.facebook.com\/PLhockeyhp\/","article_modified_time":"2024-03-08T18:56:26+00:00","og_image":[{"width":844,"height":830,"url":"https:\/\/plhockeyhp.ca\/wp-content\/uploads\/2022\/07\/Screen-Shot-2022-07-19-at-12.46.30-PM-e1658245715312.png","type":"image\/png"}],"twitter_card":"summary_large_image","twitter_misc":{"Estimation du temps de lecture":"1 minute"},"schema":{"@context":"https:\/\/schema.org","@graph":[{"@type":"WebPage","@id":"https:\/\/plhockeyhp.ca\/product\/stickhandling-and-shooting-camp\/","url":"https:\/\/plhockeyhp.ca\/product\/stickhandling-and-shooting-camp\/","name":"Stickhandling and Shooting Camp - PL High Performance Hockey","isPartOf":{"@id":"https:\/\/plhockeyhp.ca\/#website"},"primaryImageOfPage":{"@id":"https:\/\/plhockeyhp.ca\/product\/stickhandling-and-shooting-camp\/#primaryimage"},"image":{"@id":"https:\/\/plhockeyhp.ca\/product\/stickhandling-and-shooting-camp\/#primaryimage"},"thumbnailUrl":"https:\/\/plhockeyhp.ca\/wp-content\/uploads\/2022\/07\/Screen-Shot-2022-07-19-at-12.46.30-PM-e1658245715312.png","datePublished":"2022-07-19T15:30:21+00:00","dateModified":"2024-03-08T18:56:26+00:00","description":"\u00c0 partir du 26 juin, chaque participant recevra un document hebdomadaire avec des instructions et des liens vid\u00e9o pour d\u00e9montrer les exercices d'agilit\u00e9 \u00e0 faire \u00e0 la maison. Des vid\u00e9os de participation devront \u00eatre t\u00e9l\u00e9charg\u00e9es chaque semaine sur notre groupe Facebook priv\u00e9. Ces vid\u00e9os seront r\u00e9vis\u00e9es et analys\u00e9es. Chaque semaine, une vid\u00e9o descriptive\/analyse sera publi\u00e9e sur le groupe Facebook priv\u00e9. De plus, il y aura une session en pr\u00e9sentiel afin de corriger la technique. Le camp durera 8 semaines et se terminera 1 semaine avant la rentr\u00e9e scolaire.","breadcrumb":{"@id":"https:\/\/plhockeyhp.ca\/product\/stickhandling-and-shooting-camp\/#breadcrumb"},"inLanguage":"fr-CA","potentialAction":[{"@type":"ReadAction","target":["https:\/\/plhockeyhp.ca\/product\/stickhandling-and-shooting-camp\/"]}]},{"@type":"ImageObject","inLanguage":"fr-CA","@id":"https:\/\/plhockeyhp.ca\/product\/stickhandling-and-shooting-camp\/#primaryimage","url":"https:\/\/plhockeyhp.ca\/wp-content\/uploads\/2022\/07\/Screen-Shot-2022-07-19-at-12.46.30-PM-e1658245715312.png","contentUrl":"https:\/\/plhockeyhp.ca\/wp-content\/uploads\/2022\/07\/Screen-Shot-2022-07-19-at-12.46.30-PM-e1658245715312.png","width":844,"height":830},{"@type":"BreadcrumbList","@id":"https:\/\/plhockeyhp.ca\/product\/stickhandling-and-shooting-camp\/#breadcrumb","itemListElement":[{"@type":"ListItem","position":1,"name":"Home","item":"https:\/\/plhockeyhp.ca\/"},{"@type":"ListItem","position":2,"name":"Shop","item":"https:\/\/plhockeyhp.ca\/shop\/"},{"@type":"ListItem","position":3,"name":"Stickhandling and Shooting Camp"}]},{"@type":"WebSite","@id":"https:\/\/plhockeyhp.ca\/#website","url":"https:\/\/plhockeyhp.ca\/","name":"PL High Performance Hockey","description":"High Performance Hockey Coaching for all ages","publisher":{"@id":"https:\/\/plhockeyhp.ca\/#\/schema\/person\/bab7e546e9274617626b20d8f9651caf"},"potentialAction":[{"@type":"SearchAction","target":{"@type":"EntryPoint","urlTemplate":"https:\/\/plhockeyhp.ca\/?s={search_term_string}"},"query-input":{"@type":"PropertyValueSpecification","valueRequired":true,"valueName":"search_term_string"}}],"inLanguage":"fr-CA"},{"@type":["Person","Organization"],"@id":"https:\/\/plhockeyhp.ca\/#\/schema\/person\/bab7e546e9274617626b20d8f9651caf","name":"Paul Leclerc","image":{"@type":"ImageObject","inLanguage":"fr-CA","@id":"https:\/\/plhockeyhp.ca\/wp-content\/uploads\/2022\/06\/pngwhitecircle-copy-e1654968668911.png","url":"https:\/\/plhockeyhp.ca\/wp-content\/uploads\/2022\/06\/pngwhitecircle-copy-e1654968668911.png","contentUrl":"https:\/\/plhockeyhp.ca\/wp-content\/uploads\/2022\/06\/pngwhitecircle-copy-e1654968668911.png","width":512,"height":512,"caption":"Paul Leclerc"},"logo":{"@id":"https:\/\/plhockeyhp.ca\/wp-content\/uploads\/2022\/06\/pngwhitecircle-copy-e1654968668911.png"},"description":"Paul Leclerc is a Hockey Canada High Performance certified coach. He is currently doing his Graduate Certificate in High Performance coaching and Technical Leadership at the University of British-Columbia. Paul has more than 10 years of experience behind the bench. He just recently (2020-2021) coached his team to the league championship in the midst of the multiple challenges brought on by COVID-19. He is also a guest coach with the U15 Hockey New Brunswick High Performance Program.","sameAs":["https:\/\/plhockeyhp.ca","https:\/\/www.facebook.com\/PLhockeyhp\/"]}]}},"_links":{"self":[{"href":"https:\/\/plhockeyhp.ca\/fr\/wp-json\/wp\/v2\/product\/1381","targetHints":{"allow":["GET"]}}],"collection":[{"href":"https:\/\/plhockeyhp.ca\/fr\/wp-json\/wp\/v2\/product"}],"about":[{"href":"https:\/\/plhockeyhp.ca\/fr\/wp-json\/wp\/v2\/types\/product"}],"wp:featuredmedia":[{"embeddable":true,"href":"https:\/\/plhockeyhp.ca\/fr\/wp-json\/wp\/v2\/media\/1384"}],"wp:attachment":[{"href":"https:\/\/plhockeyhp.ca\/fr\/wp-json\/wp\/v2\/media?parent=1381"}],"wp:term":[{"taxonomy":"product_brand","embeddable":true,"href":"https:\/\/plhockeyhp.ca\/fr\/wp-json\/wp\/v2\/product_brand?post=1381"},{"taxonomy":"product_cat","embeddable":true,"href":"https:\/\/plhockeyhp.ca\/fr\/wp-json\/wp\/v2\/product_cat?post=1381"},{"taxonomy":"product_tag","embeddable":true,"href":"https:\/\/plhockeyhp.ca\/fr\/wp-json\/wp\/v2\/product_tag?post=1381"}],"curies":[{"name":"wp","href":"https:\/\/api.w.org\/{rel}","templated":true}]}}