{"id":1389,"date":"2022-07-19T16:12:00","date_gmt":"2022-07-19T16:12:00","guid":{"rendered":"https:\/\/plhockeyhp.ca\/?post_type=product&#038;p=1389"},"modified":"2024-03-08T18:54:43","modified_gmt":"2024-03-08T18:54:43","slug":"elite-level-preparation-for-selection-camp-aaa-u13","status":"publish","type":"product","link":"https:\/\/plhockeyhp.ca\/fr\/product\/elite-level-preparation-for-selection-camp-aaa-u13\/","title":{"rendered":"Niveau \u00c9lite - Pr\u00e9paration au Camp de S\u00e9lection \"AAA\" (U13)"},"content":{"rendered":"<p>Ce camp est\u00a0con\u00e7u pour les joueurs qui aspirent \u00e0 jouer pour les Pionniers du Nord-Ouest ou pour les joueurs qui faisaient parti de la formation la saison pr\u00e9c\u00e9dente. Parfaitement plac\u00e9, 1 semaine avant le d\u00e9but du camp de s\u00e9lection, le conditionnement sur glace aura un grand r\u00f4le dans ce court camp de 3 jours.<\/p>\n<p>***GARDIENS*** Assurez-vous de vous inscrire au camp compl\u00e9mentaire des gardiens de but. Vous recevrez une heure suppl\u00e9mentaire de glace (gardien de but seulement) par session avec un entra\u00eeneur de gardien de but pour un entra\u00eenement sp\u00e9cifique au gardien de but.<\/p>","protected":false},"excerpt":{"rendered":"<div dir=\"auto\">Camp: Niveau \u00c9lite - Pr\u00e9paration au Camp de S\u00e9lection \"AAA\" (U13)<\/div>\n<div dir=\"auto\">Endroit: Centre E&amp;P S\u00e9n\u00e9chal<\/div>\n<div dir=\"auto\">Quand: Semaine du 29 Ao\u00fbt, 2022<\/div>","protected":false},"featured_media":1650,"template":"","meta":{"_coblocks_attr":"","_coblocks_dimensions":"","_coblocks_responsive_height":"","_coblocks_accordion_ie_support":""},"product_brand":[],"product_cat":[64,68,66],"product_tag":[],"class_list":{"0":"post-1389","1":"product","2":"type-product","3":"status-publish","4":"has-post-thumbnail","6":"product_cat-elite","7":"product_cat-pre-season","8":"product_cat-u13-2","10":"first","11":"outofstock","12":"taxable","13":"shipping-taxable","14":"purchasable","15":"product-type-variable"},"yoast_head":"<!-- This site is optimized with the Yoast SEO plugin v27.4 - https:\/\/yoast.com\/product\/yoast-seo-wordpress\/ -->\n<title>Elite Level - Preparation for Selection Camp &quot;AAA&quot; (U13) - PL High Performance Hockey<\/title>\n<meta name=\"description\" content=\"This camp is\u00a0designed for players aspiring to play for the Northwest Pioneers or returning players wanting to get on the ice before the start of the official camp. Placed perfectly, 1 week before the start of the selection camp, on-ice conditioning will have a big role in this short 3-day camp.\" \/>\n<meta name=\"robots\" content=\"index, follow, max-snippet:-1, max-image-preview:large, max-video-preview:-1\" \/>\n<link rel=\"canonical\" href=\"https:\/\/plhockeyhp.ca\/fr\/produit\/elite-level-preparation-for-selection-camp-aaa-u13\/\" \/>\n<meta property=\"og:locale\" content=\"fr_CA\" \/>\n<meta property=\"og:type\" content=\"article\" \/>\n<meta property=\"og:title\" content=\"Elite Level - Preparation for Selection Camp &quot;AAA&quot; (U13) - PL High Performance Hockey\" \/>\n<meta property=\"og:description\" content=\"This camp is\u00a0designed for players aspiring to play for the Northwest Pioneers or returning players wanting to get on the ice before the start of the official camp. Placed perfectly, 1 week before the start of the selection camp, on-ice conditioning will have a big role in this short 3-day camp.\" \/>\n<meta property=\"og:url\" content=\"https:\/\/plhockeyhp.ca\/fr\/produit\/elite-level-preparation-for-selection-camp-aaa-u13\/\" \/>\n<meta property=\"og:site_name\" content=\"PL High Performance Hockey\" \/>\n<meta property=\"article:publisher\" content=\"https:\/\/www.facebook.com\/PLhockeyhp\/\" \/>\n<meta property=\"article:modified_time\" content=\"2024-03-08T18:54:43+00:00\" \/>\n<meta property=\"og:image\" content=\"https:\/\/plhockeyhp.ca\/wp-content\/uploads\/2022\/07\/Screen-Shot-2022-07-24-at-9.30.45-PM.png\" \/>\n\t<meta property=\"og:image:width\" content=\"1196\" \/>\n\t<meta property=\"og:image:height\" content=\"1204\" \/>\n\t<meta property=\"og:image:type\" content=\"image\/png\" \/>\n<meta name=\"twitter:card\" content=\"summary_large_image\" \/>\n<meta name=\"twitter:label1\" content=\"Estimation du temps de lecture\" \/>\n\t<meta name=\"twitter:data1\" content=\"1 minute\" \/>\n<script type=\"application\/ld+json\" class=\"yoast-schema-graph\">{\"@context\":\"https:\\\/\\\/schema.org\",\"@graph\":[{\"@type\":\"WebPage\",\"@id\":\"https:\\\/\\\/plhockeyhp.ca\\\/product\\\/elite-level-preparation-for-selection-camp-aaa-u13\\\/\",\"url\":\"https:\\\/\\\/plhockeyhp.ca\\\/product\\\/elite-level-preparation-for-selection-camp-aaa-u13\\\/\",\"name\":\"Elite Level - Preparation for Selection Camp \\\"AAA\\\" (U13) - PL High Performance Hockey\",\"isPartOf\":{\"@id\":\"https:\\\/\\\/plhockeyhp.ca\\\/#website\"},\"primaryImageOfPage\":{\"@id\":\"https:\\\/\\\/plhockeyhp.ca\\\/product\\\/elite-level-preparation-for-selection-camp-aaa-u13\\\/#primaryimage\"},\"image\":{\"@id\":\"https:\\\/\\\/plhockeyhp.ca\\\/product\\\/elite-level-preparation-for-selection-camp-aaa-u13\\\/#primaryimage\"},\"thumbnailUrl\":\"https:\\\/\\\/plhockeyhp.ca\\\/wp-content\\\/uploads\\\/2022\\\/07\\\/Screen-Shot-2022-07-24-at-9.30.45-PM.png\",\"datePublished\":\"2022-07-19T16:12:00+00:00\",\"dateModified\":\"2024-03-08T18:54:43+00:00\",\"description\":\"This camp is\u00a0designed for players aspiring to play for the Northwest Pioneers or returning players wanting to get on the ice before the start of the official camp. Placed perfectly, 1 week before the start of the selection camp, on-ice conditioning will have a big role in this short 3-day camp.\",\"breadcrumb\":{\"@id\":\"https:\\\/\\\/plhockeyhp.ca\\\/product\\\/elite-level-preparation-for-selection-camp-aaa-u13\\\/#breadcrumb\"},\"inLanguage\":\"fr-CA\",\"potentialAction\":[{\"@type\":\"ReadAction\",\"target\":[\"https:\\\/\\\/plhockeyhp.ca\\\/product\\\/elite-level-preparation-for-selection-camp-aaa-u13\\\/\"]}]},{\"@type\":\"ImageObject\",\"inLanguage\":\"fr-CA\",\"@id\":\"https:\\\/\\\/plhockeyhp.ca\\\/product\\\/elite-level-preparation-for-selection-camp-aaa-u13\\\/#primaryimage\",\"url\":\"https:\\\/\\\/plhockeyhp.ca\\\/wp-content\\\/uploads\\\/2022\\\/07\\\/Screen-Shot-2022-07-24-at-9.30.45-PM.png\",\"contentUrl\":\"https:\\\/\\\/plhockeyhp.ca\\\/wp-content\\\/uploads\\\/2022\\\/07\\\/Screen-Shot-2022-07-24-at-9.30.45-PM.png\",\"width\":1196,\"height\":1204},{\"@type\":\"BreadcrumbList\",\"@id\":\"https:\\\/\\\/plhockeyhp.ca\\\/product\\\/elite-level-preparation-for-selection-camp-aaa-u13\\\/#breadcrumb\",\"itemListElement\":[{\"@type\":\"ListItem\",\"position\":1,\"name\":\"Home\",\"item\":\"https:\\\/\\\/plhockeyhp.ca\\\/\"},{\"@type\":\"ListItem\",\"position\":2,\"name\":\"Shop\",\"item\":\"https:\\\/\\\/plhockeyhp.ca\\\/shop\\\/\"},{\"@type\":\"ListItem\",\"position\":3,\"name\":\"Elite Level &#8211; Preparation for Selection Camp &#8220;AAA&#8221; (U13)\"}]},{\"@type\":\"WebSite\",\"@id\":\"https:\\\/\\\/plhockeyhp.ca\\\/#website\",\"url\":\"https:\\\/\\\/plhockeyhp.ca\\\/\",\"name\":\"PL High Performance Hockey\",\"description\":\"High Performance Hockey Coaching for all ages\",\"publisher\":{\"@id\":\"https:\\\/\\\/plhockeyhp.ca\\\/#\\\/schema\\\/person\\\/bab7e546e9274617626b20d8f9651caf\"},\"potentialAction\":[{\"@type\":\"SearchAction\",\"target\":{\"@type\":\"EntryPoint\",\"urlTemplate\":\"https:\\\/\\\/plhockeyhp.ca\\\/?s={search_term_string}\"},\"query-input\":{\"@type\":\"PropertyValueSpecification\",\"valueRequired\":true,\"valueName\":\"search_term_string\"}}],\"inLanguage\":\"fr-CA\"},{\"@type\":[\"Person\",\"Organization\"],\"@id\":\"https:\\\/\\\/plhockeyhp.ca\\\/#\\\/schema\\\/person\\\/bab7e546e9274617626b20d8f9651caf\",\"name\":\"Paul Leclerc\",\"image\":{\"@type\":\"ImageObject\",\"inLanguage\":\"fr-CA\",\"@id\":\"https:\\\/\\\/plhockeyhp.ca\\\/wp-content\\\/uploads\\\/2022\\\/06\\\/pngwhitecircle-copy-e1654968668911.png\",\"url\":\"https:\\\/\\\/plhockeyhp.ca\\\/wp-content\\\/uploads\\\/2022\\\/06\\\/pngwhitecircle-copy-e1654968668911.png\",\"contentUrl\":\"https:\\\/\\\/plhockeyhp.ca\\\/wp-content\\\/uploads\\\/2022\\\/06\\\/pngwhitecircle-copy-e1654968668911.png\",\"width\":512,\"height\":512,\"caption\":\"Paul Leclerc\"},\"logo\":{\"@id\":\"https:\\\/\\\/plhockeyhp.ca\\\/wp-content\\\/uploads\\\/2022\\\/06\\\/pngwhitecircle-copy-e1654968668911.png\"},\"description\":\"Paul Leclerc is a Hockey Canada High Performance certified coach. He is currently doing his Graduate Certificate in High Performance coaching and Technical Leadership at the University of British-Columbia. Paul has more than 10 years of experience behind the bench. He just recently (2020-2021) coached his team to the league championship in the midst of the multiple challenges brought on by COVID-19. He is also a guest coach with the U15 Hockey New Brunswick High Performance Program.\",\"sameAs\":[\"https:\\\/\\\/plhockeyhp.ca\",\"https:\\\/\\\/www.facebook.com\\\/PLhockeyhp\\\/\"]}]}<\/script>\n<!-- \/ Yoast SEO plugin. -->","yoast_head_json":{"title":"Elite Level - Preparation for Selection Camp \"AAA\" (U13) - PL High Performance Hockey","description":"Ce camp est\u00a0con\u00e7u pour les joueurs qui aspirent \u00e0 jouer pour les Pionniers du Nord-Ouest ou pour les joueurs qui faisaient parti de la formation la saison pr\u00e9c\u00e9dente. Parfaitement plac\u00e9, 1 semaine avant le d\u00e9but du camp de s\u00e9lection, le conditionnement sur glace aura un grand r\u00f4le dans ce court camp de 3 jours.","robots":{"index":"index","follow":"follow","max-snippet":"max-snippet:-1","max-image-preview":"max-image-preview:large","max-video-preview":"max-video-preview:-1"},"canonical":"https:\/\/plhockeyhp.ca\/fr\/produit\/elite-level-preparation-for-selection-camp-aaa-u13\/","og_locale":"fr_CA","og_type":"article","og_title":"Elite Level - Preparation for Selection Camp \"AAA\" (U13) - PL High Performance Hockey","og_description":"This camp is\u00a0designed for players aspiring to play for the Northwest Pioneers or returning players wanting to get on the ice before the start of the official camp. Placed perfectly, 1 week before the start of the selection camp, on-ice conditioning will have a big role in this short 3-day camp.","og_url":"https:\/\/plhockeyhp.ca\/fr\/produit\/elite-level-preparation-for-selection-camp-aaa-u13\/","og_site_name":"PL High Performance Hockey","article_publisher":"https:\/\/www.facebook.com\/PLhockeyhp\/","article_modified_time":"2024-03-08T18:54:43+00:00","og_image":[{"width":1196,"height":1204,"url":"https:\/\/plhockeyhp.ca\/wp-content\/uploads\/2022\/07\/Screen-Shot-2022-07-24-at-9.30.45-PM.png","type":"image\/png"}],"twitter_card":"summary_large_image","twitter_misc":{"Estimation du temps de lecture":"1 minute"},"schema":{"@context":"https:\/\/schema.org","@graph":[{"@type":"WebPage","@id":"https:\/\/plhockeyhp.ca\/product\/elite-level-preparation-for-selection-camp-aaa-u13\/","url":"https:\/\/plhockeyhp.ca\/product\/elite-level-preparation-for-selection-camp-aaa-u13\/","name":"Elite Level - Preparation for Selection Camp \"AAA\" (U13) - PL High Performance Hockey","isPartOf":{"@id":"https:\/\/plhockeyhp.ca\/#website"},"primaryImageOfPage":{"@id":"https:\/\/plhockeyhp.ca\/product\/elite-level-preparation-for-selection-camp-aaa-u13\/#primaryimage"},"image":{"@id":"https:\/\/plhockeyhp.ca\/product\/elite-level-preparation-for-selection-camp-aaa-u13\/#primaryimage"},"thumbnailUrl":"https:\/\/plhockeyhp.ca\/wp-content\/uploads\/2022\/07\/Screen-Shot-2022-07-24-at-9.30.45-PM.png","datePublished":"2022-07-19T16:12:00+00:00","dateModified":"2024-03-08T18:54:43+00:00","description":"Ce camp est\u00a0con\u00e7u pour les joueurs qui aspirent \u00e0 jouer pour les Pionniers du Nord-Ouest ou pour les joueurs qui faisaient parti de la formation la saison pr\u00e9c\u00e9dente. Parfaitement plac\u00e9, 1 semaine avant le d\u00e9but du camp de s\u00e9lection, le conditionnement sur glace aura un grand r\u00f4le dans ce court camp de 3 jours.","breadcrumb":{"@id":"https:\/\/plhockeyhp.ca\/product\/elite-level-preparation-for-selection-camp-aaa-u13\/#breadcrumb"},"inLanguage":"fr-CA","potentialAction":[{"@type":"ReadAction","target":["https:\/\/plhockeyhp.ca\/product\/elite-level-preparation-for-selection-camp-aaa-u13\/"]}]},{"@type":"ImageObject","inLanguage":"fr-CA","@id":"https:\/\/plhockeyhp.ca\/product\/elite-level-preparation-for-selection-camp-aaa-u13\/#primaryimage","url":"https:\/\/plhockeyhp.ca\/wp-content\/uploads\/2022\/07\/Screen-Shot-2022-07-24-at-9.30.45-PM.png","contentUrl":"https:\/\/plhockeyhp.ca\/wp-content\/uploads\/2022\/07\/Screen-Shot-2022-07-24-at-9.30.45-PM.png","width":1196,"height":1204},{"@type":"BreadcrumbList","@id":"https:\/\/plhockeyhp.ca\/product\/elite-level-preparation-for-selection-camp-aaa-u13\/#breadcrumb","itemListElement":[{"@type":"ListItem","position":1,"name":"Home","item":"https:\/\/plhockeyhp.ca\/"},{"@type":"ListItem","position":2,"name":"Shop","item":"https:\/\/plhockeyhp.ca\/shop\/"},{"@type":"ListItem","position":3,"name":"Elite Level &#8211; Preparation for Selection Camp &#8220;AAA&#8221; (U13)"}]},{"@type":"WebSite","@id":"https:\/\/plhockeyhp.ca\/#website","url":"https:\/\/plhockeyhp.ca\/","name":"PL High Performance Hockey","description":"High Performance Hockey Coaching for all ages","publisher":{"@id":"https:\/\/plhockeyhp.ca\/#\/schema\/person\/bab7e546e9274617626b20d8f9651caf"},"potentialAction":[{"@type":"SearchAction","target":{"@type":"EntryPoint","urlTemplate":"https:\/\/plhockeyhp.ca\/?s={search_term_string}"},"query-input":{"@type":"PropertyValueSpecification","valueRequired":true,"valueName":"search_term_string"}}],"inLanguage":"fr-CA"},{"@type":["Person","Organization"],"@id":"https:\/\/plhockeyhp.ca\/#\/schema\/person\/bab7e546e9274617626b20d8f9651caf","name":"Paul Leclerc","image":{"@type":"ImageObject","inLanguage":"fr-CA","@id":"https:\/\/plhockeyhp.ca\/wp-content\/uploads\/2022\/06\/pngwhitecircle-copy-e1654968668911.png","url":"https:\/\/plhockeyhp.ca\/wp-content\/uploads\/2022\/06\/pngwhitecircle-copy-e1654968668911.png","contentUrl":"https:\/\/plhockeyhp.ca\/wp-content\/uploads\/2022\/06\/pngwhitecircle-copy-e1654968668911.png","width":512,"height":512,"caption":"Paul Leclerc"},"logo":{"@id":"https:\/\/plhockeyhp.ca\/wp-content\/uploads\/2022\/06\/pngwhitecircle-copy-e1654968668911.png"},"description":"Paul Leclerc is a Hockey Canada High Performance certified coach. He is currently doing his Graduate Certificate in High Performance coaching and Technical Leadership at the University of British-Columbia. Paul has more than 10 years of experience behind the bench. He just recently (2020-2021) coached his team to the league championship in the midst of the multiple challenges brought on by COVID-19. He is also a guest coach with the U15 Hockey New Brunswick High Performance Program.","sameAs":["https:\/\/plhockeyhp.ca","https:\/\/www.facebook.com\/PLhockeyhp\/"]}]}},"_links":{"self":[{"href":"https:\/\/plhockeyhp.ca\/fr\/wp-json\/wp\/v2\/product\/1389","targetHints":{"allow":["GET"]}}],"collection":[{"href":"https:\/\/plhockeyhp.ca\/fr\/wp-json\/wp\/v2\/product"}],"about":[{"href":"https:\/\/plhockeyhp.ca\/fr\/wp-json\/wp\/v2\/types\/product"}],"wp:featuredmedia":[{"embeddable":true,"href":"https:\/\/plhockeyhp.ca\/fr\/wp-json\/wp\/v2\/media\/1650"}],"wp:attachment":[{"href":"https:\/\/plhockeyhp.ca\/fr\/wp-json\/wp\/v2\/media?parent=1389"}],"wp:term":[{"taxonomy":"product_brand","embeddable":true,"href":"https:\/\/plhockeyhp.ca\/fr\/wp-json\/wp\/v2\/product_brand?post=1389"},{"taxonomy":"product_cat","embeddable":true,"href":"https:\/\/plhockeyhp.ca\/fr\/wp-json\/wp\/v2\/product_cat?post=1389"},{"taxonomy":"product_tag","embeddable":true,"href":"https:\/\/plhockeyhp.ca\/fr\/wp-json\/wp\/v2\/product_tag?post=1389"}],"curies":[{"name":"wp","href":"https:\/\/api.w.org\/{rel}","templated":true}]}}