{"id":1393,"date":"2022-07-19T16:19:06","date_gmt":"2022-07-19T16:19:06","guid":{"rendered":"https:\/\/plhockeyhp.ca\/?post_type=product&#038;p=1393"},"modified":"2024-03-08T18:53:38","modified_gmt":"2024-03-08T18:53:38","slug":"elite-level-goalie-camp-aaa-add-on","status":"publish","type":"product","link":"https:\/\/plhockeyhp.ca\/fr\/product\/elite-level-goalie-camp-aaa-add-on\/","title":{"rendered":"Niveau \u00c9lite - Addition Camp de Gardien \"AAA\""},"content":{"rendered":"<p>Cet ajout donnera une heure suppl\u00e9mentaire de temps de glace pour les gardiens de but uniquement avec notre entra\u00eeneur de gardien de but certifi\u00e9, Tommy Alain. Les gardiens recevront une instruction semi-priv\u00e9e pour compl\u00e9menter le temps de glace inclus dans notre camp de niveau \u00e9lite AAA. Ces sessions auront lieu juste apr\u00e8s ou avant les sessions du camp AAA (10 min de pause entre les deux).<\/p>\n<p><strong>***Ce camp n'est pas un camp individuel, les gardiens doivent \u00eatre inscrits au Camp Niveau \u00c9lite - Pr\u00e9paration au camp de s\u00e9lection AAA***<\/strong><\/p>\n<p>&nbsp;<\/p>","protected":false},"excerpt":{"rendered":"<div dir=\"auto\">Camp: Niveau \u00c9lite - Addition Camp de Gardien \"AAA\"<\/div>\n<div dir=\"auto\">Endroit: Centre E&amp;P S\u00e9n\u00e9chal<\/div>\n<div dir=\"auto\">Quand: Semaine du 29 Ao\u00fbt, 2022<\/div>","protected":false},"featured_media":1651,"template":"","meta":{"_coblocks_attr":"","_coblocks_dimensions":"","_coblocks_responsive_height":"","_coblocks_accordion_ie_support":""},"product_brand":[],"product_cat":[64,68,66,67],"product_tag":[],"class_list":{"0":"post-1393","1":"product","2":"type-product","3":"status-publish","4":"has-post-thumbnail","6":"product_cat-elite","7":"product_cat-pre-season","8":"product_cat-u13-2","9":"product_cat-u15","11":"first","12":"outofstock","13":"downloadable","14":"virtual","15":"taxable","16":"purchasable","17":"product-type-simple"},"yoast_head":"<!-- This site is optimized with the Yoast SEO plugin v27.4 - https:\/\/yoast.com\/product\/yoast-seo-wordpress\/ -->\n<title>Elite Level - Goalie Camp &quot;AAA&quot; Add-On - PL High Performance Hockey<\/title>\n<meta name=\"description\" content=\"This add-on will give an extra hour of ice time for goalies only with our certified goalie coach, Tommy Alain. Goalies will get semi-private instruction to complement the ice time included in our Elite Level AAA camp. These sessions will be held right after or before the AAA camp sessions (10 min break in between).\u00a0\" \/>\n<meta name=\"robots\" content=\"index, follow, max-snippet:-1, max-image-preview:large, max-video-preview:-1\" \/>\n<link rel=\"canonical\" href=\"https:\/\/plhockeyhp.ca\/fr\/produit\/elite-level-goalie-camp-aaa-add-on\/\" \/>\n<meta property=\"og:locale\" content=\"fr_CA\" \/>\n<meta property=\"og:type\" content=\"article\" \/>\n<meta property=\"og:title\" content=\"Elite Level - Goalie Camp &quot;AAA&quot; Add-On - PL High Performance Hockey\" \/>\n<meta property=\"og:description\" content=\"This add-on will give an extra hour of ice time for goalies only with our certified goalie coach, Tommy Alain. Goalies will get semi-private instruction to complement the ice time included in our Elite Level AAA camp. These sessions will be held right after or before the AAA camp sessions (10 min break in between).\u00a0\" \/>\n<meta property=\"og:url\" content=\"https:\/\/plhockeyhp.ca\/fr\/produit\/elite-level-goalie-camp-aaa-add-on\/\" \/>\n<meta property=\"og:site_name\" content=\"PL High Performance Hockey\" \/>\n<meta property=\"article:publisher\" content=\"https:\/\/www.facebook.com\/PLhockeyhp\/\" \/>\n<meta property=\"article:modified_time\" content=\"2024-03-08T18:53:38+00:00\" \/>\n<meta property=\"og:image\" content=\"https:\/\/plhockeyhp.ca\/wp-content\/uploads\/2022\/07\/Screen-Shot-2022-07-24-at-9.33.13-PM.png\" \/>\n\t<meta property=\"og:image:width\" content=\"1196\" \/>\n\t<meta property=\"og:image:height\" content=\"1204\" \/>\n\t<meta property=\"og:image:type\" content=\"image\/png\" \/>\n<meta name=\"twitter:card\" content=\"summary_large_image\" \/>\n<meta name=\"twitter:label1\" content=\"Estimation du temps de lecture\" \/>\n\t<meta name=\"twitter:data1\" content=\"1 minute\" \/>\n<script type=\"application\/ld+json\" class=\"yoast-schema-graph\">{\"@context\":\"https:\\\/\\\/schema.org\",\"@graph\":[{\"@type\":\"WebPage\",\"@id\":\"https:\\\/\\\/plhockeyhp.ca\\\/product\\\/elite-level-goalie-camp-aaa-add-on\\\/\",\"url\":\"https:\\\/\\\/plhockeyhp.ca\\\/product\\\/elite-level-goalie-camp-aaa-add-on\\\/\",\"name\":\"Elite Level - Goalie Camp \\\"AAA\\\" Add-On - PL High Performance Hockey\",\"isPartOf\":{\"@id\":\"https:\\\/\\\/plhockeyhp.ca\\\/#website\"},\"primaryImageOfPage\":{\"@id\":\"https:\\\/\\\/plhockeyhp.ca\\\/product\\\/elite-level-goalie-camp-aaa-add-on\\\/#primaryimage\"},\"image\":{\"@id\":\"https:\\\/\\\/plhockeyhp.ca\\\/product\\\/elite-level-goalie-camp-aaa-add-on\\\/#primaryimage\"},\"thumbnailUrl\":\"https:\\\/\\\/plhockeyhp.ca\\\/wp-content\\\/uploads\\\/2022\\\/07\\\/Screen-Shot-2022-07-24-at-9.33.13-PM.png\",\"datePublished\":\"2022-07-19T16:19:06+00:00\",\"dateModified\":\"2024-03-08T18:53:38+00:00\",\"description\":\"This add-on will give an extra hour of ice time for goalies only with our certified goalie coach, Tommy Alain. Goalies will get semi-private instruction to complement the ice time included in our Elite Level AAA camp. These sessions will be held right after or before the AAA camp sessions (10 min break in between).\u00a0\",\"breadcrumb\":{\"@id\":\"https:\\\/\\\/plhockeyhp.ca\\\/product\\\/elite-level-goalie-camp-aaa-add-on\\\/#breadcrumb\"},\"inLanguage\":\"fr-CA\",\"potentialAction\":[{\"@type\":\"ReadAction\",\"target\":[\"https:\\\/\\\/plhockeyhp.ca\\\/product\\\/elite-level-goalie-camp-aaa-add-on\\\/\"]}]},{\"@type\":\"ImageObject\",\"inLanguage\":\"fr-CA\",\"@id\":\"https:\\\/\\\/plhockeyhp.ca\\\/product\\\/elite-level-goalie-camp-aaa-add-on\\\/#primaryimage\",\"url\":\"https:\\\/\\\/plhockeyhp.ca\\\/wp-content\\\/uploads\\\/2022\\\/07\\\/Screen-Shot-2022-07-24-at-9.33.13-PM.png\",\"contentUrl\":\"https:\\\/\\\/plhockeyhp.ca\\\/wp-content\\\/uploads\\\/2022\\\/07\\\/Screen-Shot-2022-07-24-at-9.33.13-PM.png\",\"width\":1196,\"height\":1204},{\"@type\":\"BreadcrumbList\",\"@id\":\"https:\\\/\\\/plhockeyhp.ca\\\/product\\\/elite-level-goalie-camp-aaa-add-on\\\/#breadcrumb\",\"itemListElement\":[{\"@type\":\"ListItem\",\"position\":1,\"name\":\"Home\",\"item\":\"https:\\\/\\\/plhockeyhp.ca\\\/\"},{\"@type\":\"ListItem\",\"position\":2,\"name\":\"Shop\",\"item\":\"https:\\\/\\\/plhockeyhp.ca\\\/shop\\\/\"},{\"@type\":\"ListItem\",\"position\":3,\"name\":\"Elite Level &#8211; Goalie Camp &#8220;AAA&#8221; Add-On\"}]},{\"@type\":\"WebSite\",\"@id\":\"https:\\\/\\\/plhockeyhp.ca\\\/#website\",\"url\":\"https:\\\/\\\/plhockeyhp.ca\\\/\",\"name\":\"PL High Performance Hockey\",\"description\":\"High Performance Hockey Coaching for all ages\",\"publisher\":{\"@id\":\"https:\\\/\\\/plhockeyhp.ca\\\/#\\\/schema\\\/person\\\/bab7e546e9274617626b20d8f9651caf\"},\"potentialAction\":[{\"@type\":\"SearchAction\",\"target\":{\"@type\":\"EntryPoint\",\"urlTemplate\":\"https:\\\/\\\/plhockeyhp.ca\\\/?s={search_term_string}\"},\"query-input\":{\"@type\":\"PropertyValueSpecification\",\"valueRequired\":true,\"valueName\":\"search_term_string\"}}],\"inLanguage\":\"fr-CA\"},{\"@type\":[\"Person\",\"Organization\"],\"@id\":\"https:\\\/\\\/plhockeyhp.ca\\\/#\\\/schema\\\/person\\\/bab7e546e9274617626b20d8f9651caf\",\"name\":\"Paul Leclerc\",\"image\":{\"@type\":\"ImageObject\",\"inLanguage\":\"fr-CA\",\"@id\":\"https:\\\/\\\/plhockeyhp.ca\\\/wp-content\\\/uploads\\\/2022\\\/06\\\/pngwhitecircle-copy-e1654968668911.png\",\"url\":\"https:\\\/\\\/plhockeyhp.ca\\\/wp-content\\\/uploads\\\/2022\\\/06\\\/pngwhitecircle-copy-e1654968668911.png\",\"contentUrl\":\"https:\\\/\\\/plhockeyhp.ca\\\/wp-content\\\/uploads\\\/2022\\\/06\\\/pngwhitecircle-copy-e1654968668911.png\",\"width\":512,\"height\":512,\"caption\":\"Paul Leclerc\"},\"logo\":{\"@id\":\"https:\\\/\\\/plhockeyhp.ca\\\/wp-content\\\/uploads\\\/2022\\\/06\\\/pngwhitecircle-copy-e1654968668911.png\"},\"description\":\"Paul Leclerc is a Hockey Canada High Performance certified coach. He is currently doing his Graduate Certificate in High Performance coaching and Technical Leadership at the University of British-Columbia. Paul has more than 10 years of experience behind the bench. He just recently (2020-2021) coached his team to the league championship in the midst of the multiple challenges brought on by COVID-19. He is also a guest coach with the U15 Hockey New Brunswick High Performance Program.\",\"sameAs\":[\"https:\\\/\\\/plhockeyhp.ca\",\"https:\\\/\\\/www.facebook.com\\\/PLhockeyhp\\\/\"]}]}<\/script>\n<!-- \/ Yoast SEO plugin. -->","yoast_head_json":{"title":"Elite Level - Goalie Camp \"AAA\" Add-On - PL High Performance Hockey","description":"Cet ajout donnera une heure suppl\u00e9mentaire de temps de glace pour les gardiens de but uniquement avec notre entra\u00eeneur de gardien de but certifi\u00e9, Tommy Alain. Les gardiens recevront une instruction semi-priv\u00e9e pour compl\u00e9menter le temps de glace inclus dans notre camp de niveau \u00e9lite AAA. Ces sessions auront lieu juste apr\u00e8s ou avant les sessions du camp AAA (10 min de pause entre les deux).\u00a0","robots":{"index":"index","follow":"follow","max-snippet":"max-snippet:-1","max-image-preview":"max-image-preview:large","max-video-preview":"max-video-preview:-1"},"canonical":"https:\/\/plhockeyhp.ca\/fr\/produit\/elite-level-goalie-camp-aaa-add-on\/","og_locale":"fr_CA","og_type":"article","og_title":"Elite Level - Goalie Camp \"AAA\" Add-On - PL High Performance Hockey","og_description":"This add-on will give an extra hour of ice time for goalies only with our certified goalie coach, Tommy Alain. Goalies will get semi-private instruction to complement the ice time included in our Elite Level AAA camp. These sessions will be held right after or before the AAA camp sessions (10 min break in between).\u00a0","og_url":"https:\/\/plhockeyhp.ca\/fr\/produit\/elite-level-goalie-camp-aaa-add-on\/","og_site_name":"PL High Performance Hockey","article_publisher":"https:\/\/www.facebook.com\/PLhockeyhp\/","article_modified_time":"2024-03-08T18:53:38+00:00","og_image":[{"width":1196,"height":1204,"url":"https:\/\/plhockeyhp.ca\/wp-content\/uploads\/2022\/07\/Screen-Shot-2022-07-24-at-9.33.13-PM.png","type":"image\/png"}],"twitter_card":"summary_large_image","twitter_misc":{"Estimation du temps de lecture":"1 minute"},"schema":{"@context":"https:\/\/schema.org","@graph":[{"@type":"WebPage","@id":"https:\/\/plhockeyhp.ca\/product\/elite-level-goalie-camp-aaa-add-on\/","url":"https:\/\/plhockeyhp.ca\/product\/elite-level-goalie-camp-aaa-add-on\/","name":"Elite Level - Goalie Camp \"AAA\" Add-On - PL High Performance Hockey","isPartOf":{"@id":"https:\/\/plhockeyhp.ca\/#website"},"primaryImageOfPage":{"@id":"https:\/\/plhockeyhp.ca\/product\/elite-level-goalie-camp-aaa-add-on\/#primaryimage"},"image":{"@id":"https:\/\/plhockeyhp.ca\/product\/elite-level-goalie-camp-aaa-add-on\/#primaryimage"},"thumbnailUrl":"https:\/\/plhockeyhp.ca\/wp-content\/uploads\/2022\/07\/Screen-Shot-2022-07-24-at-9.33.13-PM.png","datePublished":"2022-07-19T16:19:06+00:00","dateModified":"2024-03-08T18:53:38+00:00","description":"Cet ajout donnera une heure suppl\u00e9mentaire de temps de glace pour les gardiens de but uniquement avec notre entra\u00eeneur de gardien de but certifi\u00e9, Tommy Alain. Les gardiens recevront une instruction semi-priv\u00e9e pour compl\u00e9menter le temps de glace inclus dans notre camp de niveau \u00e9lite AAA. Ces sessions auront lieu juste apr\u00e8s ou avant les sessions du camp AAA (10 min de pause entre les deux).\u00a0","breadcrumb":{"@id":"https:\/\/plhockeyhp.ca\/product\/elite-level-goalie-camp-aaa-add-on\/#breadcrumb"},"inLanguage":"fr-CA","potentialAction":[{"@type":"ReadAction","target":["https:\/\/plhockeyhp.ca\/product\/elite-level-goalie-camp-aaa-add-on\/"]}]},{"@type":"ImageObject","inLanguage":"fr-CA","@id":"https:\/\/plhockeyhp.ca\/product\/elite-level-goalie-camp-aaa-add-on\/#primaryimage","url":"https:\/\/plhockeyhp.ca\/wp-content\/uploads\/2022\/07\/Screen-Shot-2022-07-24-at-9.33.13-PM.png","contentUrl":"https:\/\/plhockeyhp.ca\/wp-content\/uploads\/2022\/07\/Screen-Shot-2022-07-24-at-9.33.13-PM.png","width":1196,"height":1204},{"@type":"BreadcrumbList","@id":"https:\/\/plhockeyhp.ca\/product\/elite-level-goalie-camp-aaa-add-on\/#breadcrumb","itemListElement":[{"@type":"ListItem","position":1,"name":"Home","item":"https:\/\/plhockeyhp.ca\/"},{"@type":"ListItem","position":2,"name":"Shop","item":"https:\/\/plhockeyhp.ca\/shop\/"},{"@type":"ListItem","position":3,"name":"Elite Level &#8211; Goalie Camp &#8220;AAA&#8221; Add-On"}]},{"@type":"WebSite","@id":"https:\/\/plhockeyhp.ca\/#website","url":"https:\/\/plhockeyhp.ca\/","name":"PL High Performance Hockey","description":"High Performance Hockey Coaching for all ages","publisher":{"@id":"https:\/\/plhockeyhp.ca\/#\/schema\/person\/bab7e546e9274617626b20d8f9651caf"},"potentialAction":[{"@type":"SearchAction","target":{"@type":"EntryPoint","urlTemplate":"https:\/\/plhockeyhp.ca\/?s={search_term_string}"},"query-input":{"@type":"PropertyValueSpecification","valueRequired":true,"valueName":"search_term_string"}}],"inLanguage":"fr-CA"},{"@type":["Person","Organization"],"@id":"https:\/\/plhockeyhp.ca\/#\/schema\/person\/bab7e546e9274617626b20d8f9651caf","name":"Paul Leclerc","image":{"@type":"ImageObject","inLanguage":"fr-CA","@id":"https:\/\/plhockeyhp.ca\/wp-content\/uploads\/2022\/06\/pngwhitecircle-copy-e1654968668911.png","url":"https:\/\/plhockeyhp.ca\/wp-content\/uploads\/2022\/06\/pngwhitecircle-copy-e1654968668911.png","contentUrl":"https:\/\/plhockeyhp.ca\/wp-content\/uploads\/2022\/06\/pngwhitecircle-copy-e1654968668911.png","width":512,"height":512,"caption":"Paul Leclerc"},"logo":{"@id":"https:\/\/plhockeyhp.ca\/wp-content\/uploads\/2022\/06\/pngwhitecircle-copy-e1654968668911.png"},"description":"Paul Leclerc is a Hockey Canada High Performance certified coach. He is currently doing his Graduate Certificate in High Performance coaching and Technical Leadership at the University of British-Columbia. Paul has more than 10 years of experience behind the bench. He just recently (2020-2021) coached his team to the league championship in the midst of the multiple challenges brought on by COVID-19. He is also a guest coach with the U15 Hockey New Brunswick High Performance Program.","sameAs":["https:\/\/plhockeyhp.ca","https:\/\/www.facebook.com\/PLhockeyhp\/"]}]}},"_links":{"self":[{"href":"https:\/\/plhockeyhp.ca\/fr\/wp-json\/wp\/v2\/product\/1393","targetHints":{"allow":["GET"]}}],"collection":[{"href":"https:\/\/plhockeyhp.ca\/fr\/wp-json\/wp\/v2\/product"}],"about":[{"href":"https:\/\/plhockeyhp.ca\/fr\/wp-json\/wp\/v2\/types\/product"}],"wp:featuredmedia":[{"embeddable":true,"href":"https:\/\/plhockeyhp.ca\/fr\/wp-json\/wp\/v2\/media\/1651"}],"wp:attachment":[{"href":"https:\/\/plhockeyhp.ca\/fr\/wp-json\/wp\/v2\/media?parent=1393"}],"wp:term":[{"taxonomy":"product_brand","embeddable":true,"href":"https:\/\/plhockeyhp.ca\/fr\/wp-json\/wp\/v2\/product_brand?post=1393"},{"taxonomy":"product_cat","embeddable":true,"href":"https:\/\/plhockeyhp.ca\/fr\/wp-json\/wp\/v2\/product_cat?post=1393"},{"taxonomy":"product_tag","embeddable":true,"href":"https:\/\/plhockeyhp.ca\/fr\/wp-json\/wp\/v2\/product_tag?post=1393"}],"curies":[{"name":"wp","href":"https:\/\/api.w.org\/{rel}","templated":true}]}}