{"id":1401,"date":"2022-07-19T17:33:24","date_gmt":"2022-07-19T17:33:24","guid":{"rendered":"https:\/\/plhockeyhp.ca\/?post_type=product&#038;p=1401"},"modified":"2024-03-08T18:51:14","modified_gmt":"2024-03-08T18:51:14","slug":"high-school-preparation-for-selection-camp-edm","status":"publish","type":"product","link":"https:\/\/plhockeyhp.ca\/fr\/product\/high-school-preparation-for-selection-camp-edm\/","title":{"rendered":"Pr\u00e9paration au Camp de S\u00e9lection de Hockey Interscolaire (EDM)"},"content":{"rendered":"<p>Les joueurs de hockey interscolaires sont laiss\u00e9s \u00e0 eux-m\u00eames jusqu'au 19 septembre de chaque ann\u00e9e. Ce camp de 6 sessions r\u00e9parties sur 2 semaines s'adresse aux joueurs s\u00e9rieux qui pr\u00e9voient assister au camp de s\u00e9lection de leur \u00e9quipe de hockey secondaire respective. Qu'il s'agisse des \u00e9coles de WHS, CNHS, SVHS, EGR, CDJ ou PTA, tous les joueurs n\u00e9s entre 2005 et 2008 sont invit\u00e9s \u00e0 participer. Ce camp est offert \u00e0 Edmundston, nous offrons \u00e9galement un camp \u00e0 Grand-Sault.<\/p>","protected":false},"excerpt":{"rendered":"<div dir=\"auto\">Camp: Pr\u00e9paration au Camp de S\u00e9lection de Hockey Interscolaire (EDM)<\/div>\n<div dir=\"auto\">Endroit: Centre Jean-Daigle<\/div>\n<div dir=\"auto\">Quand: 5, 9, 10 ou 11, 12, 16, 17 ou 18 septembre (6 sessions)<\/div>","protected":false},"featured_media":1643,"template":"","meta":{"_coblocks_attr":"","_coblocks_dimensions":"","_coblocks_responsive_height":"","_coblocks_accordion_ie_support":""},"product_brand":[],"product_cat":[61,68,67],"product_tag":[],"class_list":{"0":"post-1401","1":"product","2":"type-product","3":"status-publish","4":"has-post-thumbnail","6":"product_cat-comp","7":"product_cat-pre-season","8":"product_cat-u15","10":"first","11":"outofstock","12":"taxable","13":"shipping-taxable","14":"purchasable","15":"product-type-variable"},"yoast_head":"<!-- This site is optimized with the Yoast SEO plugin v27.4 - https:\/\/yoast.com\/product\/yoast-seo-wordpress\/ -->\n<title>High School - Preparation for Selection Camp (EDM) - PL High Performance Hockey<\/title>\n<meta name=\"description\" content=\"High school hockey players are left on their own until September 19th of every year. This camp of 6 sessions spread over 2 weeks is for serious players who expect to attend the selection camp of their respective high school hockey team. Whether it&#039;s the schools of WHS, CNHS, SVHS, EGR, CDJ or PTA, all players born 2005 to 2008 are welcome to participate. This camp is offered in Edmundston, we also offer a camp in Grand Falls.\" \/>\n<meta name=\"robots\" content=\"index, follow, max-snippet:-1, max-image-preview:large, max-video-preview:-1\" \/>\n<link rel=\"canonical\" href=\"https:\/\/plhockeyhp.ca\/fr\/produit\/high-school-preparation-for-selection-camp-edm\/\" \/>\n<meta property=\"og:locale\" content=\"fr_CA\" \/>\n<meta property=\"og:type\" content=\"article\" \/>\n<meta property=\"og:title\" content=\"High School - Preparation for Selection Camp (EDM) - PL High Performance Hockey\" \/>\n<meta property=\"og:description\" content=\"High school hockey players are left on their own until September 19th of every year. This camp of 6 sessions spread over 2 weeks is for serious players who expect to attend the selection camp of their respective high school hockey team. Whether it&#039;s the schools of WHS, CNHS, SVHS, EGR, CDJ or PTA, all players born 2005 to 2008 are welcome to participate. This camp is offered in Edmundston, we also offer a camp in Grand Falls.\" \/>\n<meta property=\"og:url\" content=\"https:\/\/plhockeyhp.ca\/fr\/produit\/high-school-preparation-for-selection-camp-edm\/\" \/>\n<meta property=\"og:site_name\" content=\"PL High Performance Hockey\" \/>\n<meta property=\"article:publisher\" content=\"https:\/\/www.facebook.com\/PLhockeyhp\/\" \/>\n<meta property=\"article:modified_time\" content=\"2024-03-08T18:51:14+00:00\" \/>\n<meta property=\"og:image\" content=\"https:\/\/plhockeyhp.ca\/wp-content\/uploads\/2022\/07\/Screen-Shot-2022-07-24-at-9.14.59-PM.png\" \/>\n\t<meta property=\"og:image:width\" content=\"1196\" \/>\n\t<meta property=\"og:image:height\" content=\"1204\" \/>\n\t<meta property=\"og:image:type\" content=\"image\/png\" \/>\n<meta name=\"twitter:card\" content=\"summary_large_image\" \/>\n<meta name=\"twitter:label1\" content=\"Estimation du temps de lecture\" \/>\n\t<meta name=\"twitter:data1\" content=\"1 minute\" \/>\n<script type=\"application\/ld+json\" class=\"yoast-schema-graph\">{\"@context\":\"https:\\\/\\\/schema.org\",\"@graph\":[{\"@type\":\"WebPage\",\"@id\":\"https:\\\/\\\/plhockeyhp.ca\\\/product\\\/high-school-preparation-for-selection-camp-edm\\\/\",\"url\":\"https:\\\/\\\/plhockeyhp.ca\\\/product\\\/high-school-preparation-for-selection-camp-edm\\\/\",\"name\":\"High School - Preparation for Selection Camp (EDM) - PL High Performance Hockey\",\"isPartOf\":{\"@id\":\"https:\\\/\\\/plhockeyhp.ca\\\/#website\"},\"primaryImageOfPage\":{\"@id\":\"https:\\\/\\\/plhockeyhp.ca\\\/product\\\/high-school-preparation-for-selection-camp-edm\\\/#primaryimage\"},\"image\":{\"@id\":\"https:\\\/\\\/plhockeyhp.ca\\\/product\\\/high-school-preparation-for-selection-camp-edm\\\/#primaryimage\"},\"thumbnailUrl\":\"https:\\\/\\\/plhockeyhp.ca\\\/wp-content\\\/uploads\\\/2022\\\/07\\\/Screen-Shot-2022-07-24-at-9.14.59-PM.png\",\"datePublished\":\"2022-07-19T17:33:24+00:00\",\"dateModified\":\"2024-03-08T18:51:14+00:00\",\"description\":\"High school hockey players are left on their own until September 19th of every year. This camp of 6 sessions spread over 2 weeks is for serious players who expect to attend the selection camp of their respective high school hockey team. Whether it's the schools of WHS, CNHS, SVHS, EGR, CDJ or PTA, all players born 2005 to 2008 are welcome to participate. This camp is offered in Edmundston, we also offer a camp in Grand Falls.\",\"breadcrumb\":{\"@id\":\"https:\\\/\\\/plhockeyhp.ca\\\/product\\\/high-school-preparation-for-selection-camp-edm\\\/#breadcrumb\"},\"inLanguage\":\"fr-CA\",\"potentialAction\":[{\"@type\":\"ReadAction\",\"target\":[\"https:\\\/\\\/plhockeyhp.ca\\\/product\\\/high-school-preparation-for-selection-camp-edm\\\/\"]}]},{\"@type\":\"ImageObject\",\"inLanguage\":\"fr-CA\",\"@id\":\"https:\\\/\\\/plhockeyhp.ca\\\/product\\\/high-school-preparation-for-selection-camp-edm\\\/#primaryimage\",\"url\":\"https:\\\/\\\/plhockeyhp.ca\\\/wp-content\\\/uploads\\\/2022\\\/07\\\/Screen-Shot-2022-07-24-at-9.14.59-PM.png\",\"contentUrl\":\"https:\\\/\\\/plhockeyhp.ca\\\/wp-content\\\/uploads\\\/2022\\\/07\\\/Screen-Shot-2022-07-24-at-9.14.59-PM.png\",\"width\":1196,\"height\":1204},{\"@type\":\"BreadcrumbList\",\"@id\":\"https:\\\/\\\/plhockeyhp.ca\\\/product\\\/high-school-preparation-for-selection-camp-edm\\\/#breadcrumb\",\"itemListElement\":[{\"@type\":\"ListItem\",\"position\":1,\"name\":\"Home\",\"item\":\"https:\\\/\\\/plhockeyhp.ca\\\/\"},{\"@type\":\"ListItem\",\"position\":2,\"name\":\"Shop\",\"item\":\"https:\\\/\\\/plhockeyhp.ca\\\/shop\\\/\"},{\"@type\":\"ListItem\",\"position\":3,\"name\":\"High School &#8211; Preparation for Selection Camp (EDM)\"}]},{\"@type\":\"WebSite\",\"@id\":\"https:\\\/\\\/plhockeyhp.ca\\\/#website\",\"url\":\"https:\\\/\\\/plhockeyhp.ca\\\/\",\"name\":\"PL High Performance Hockey\",\"description\":\"High Performance Hockey Coaching for all ages\",\"publisher\":{\"@id\":\"https:\\\/\\\/plhockeyhp.ca\\\/#\\\/schema\\\/person\\\/bab7e546e9274617626b20d8f9651caf\"},\"potentialAction\":[{\"@type\":\"SearchAction\",\"target\":{\"@type\":\"EntryPoint\",\"urlTemplate\":\"https:\\\/\\\/plhockeyhp.ca\\\/?s={search_term_string}\"},\"query-input\":{\"@type\":\"PropertyValueSpecification\",\"valueRequired\":true,\"valueName\":\"search_term_string\"}}],\"inLanguage\":\"fr-CA\"},{\"@type\":[\"Person\",\"Organization\"],\"@id\":\"https:\\\/\\\/plhockeyhp.ca\\\/#\\\/schema\\\/person\\\/bab7e546e9274617626b20d8f9651caf\",\"name\":\"Paul Leclerc\",\"image\":{\"@type\":\"ImageObject\",\"inLanguage\":\"fr-CA\",\"@id\":\"https:\\\/\\\/plhockeyhp.ca\\\/wp-content\\\/uploads\\\/2022\\\/06\\\/pngwhitecircle-copy-e1654968668911.png\",\"url\":\"https:\\\/\\\/plhockeyhp.ca\\\/wp-content\\\/uploads\\\/2022\\\/06\\\/pngwhitecircle-copy-e1654968668911.png\",\"contentUrl\":\"https:\\\/\\\/plhockeyhp.ca\\\/wp-content\\\/uploads\\\/2022\\\/06\\\/pngwhitecircle-copy-e1654968668911.png\",\"width\":512,\"height\":512,\"caption\":\"Paul Leclerc\"},\"logo\":{\"@id\":\"https:\\\/\\\/plhockeyhp.ca\\\/wp-content\\\/uploads\\\/2022\\\/06\\\/pngwhitecircle-copy-e1654968668911.png\"},\"description\":\"Paul Leclerc is a Hockey Canada High Performance certified coach. He is currently doing his Graduate Certificate in High Performance coaching and Technical Leadership at the University of British-Columbia. Paul has more than 10 years of experience behind the bench. He just recently (2020-2021) coached his team to the league championship in the midst of the multiple challenges brought on by COVID-19. He is also a guest coach with the U15 Hockey New Brunswick High Performance Program.\",\"sameAs\":[\"https:\\\/\\\/plhockeyhp.ca\",\"https:\\\/\\\/www.facebook.com\\\/PLhockeyhp\\\/\"]}]}<\/script>\n<!-- \/ Yoast SEO plugin. -->","yoast_head_json":{"title":"High School - Preparation for Selection Camp (EDM) - PL High Performance Hockey","description":"High school hockey players are left on their own until September 19th of every year. This camp of 6 sessions spread over 2 weeks is for serious players who expect to attend the selection camp of their respective high school hockey team. Whether it's the schools of WHS, CNHS, SVHS, EGR, CDJ or PTA, all players born 2005 to 2008 are welcome to participate. This camp is offered in Edmundston, we also offer a camp in Grand Falls.","robots":{"index":"index","follow":"follow","max-snippet":"max-snippet:-1","max-image-preview":"max-image-preview:large","max-video-preview":"max-video-preview:-1"},"canonical":"https:\/\/plhockeyhp.ca\/fr\/produit\/high-school-preparation-for-selection-camp-edm\/","og_locale":"fr_CA","og_type":"article","og_title":"High School - Preparation for Selection Camp (EDM) - PL High Performance Hockey","og_description":"High school hockey players are left on their own until September 19th of every year. This camp of 6 sessions spread over 2 weeks is for serious players who expect to attend the selection camp of their respective high school hockey team. Whether it's the schools of WHS, CNHS, SVHS, EGR, CDJ or PTA, all players born 2005 to 2008 are welcome to participate. This camp is offered in Edmundston, we also offer a camp in Grand Falls.","og_url":"https:\/\/plhockeyhp.ca\/fr\/produit\/high-school-preparation-for-selection-camp-edm\/","og_site_name":"PL High Performance Hockey","article_publisher":"https:\/\/www.facebook.com\/PLhockeyhp\/","article_modified_time":"2024-03-08T18:51:14+00:00","og_image":[{"width":1196,"height":1204,"url":"https:\/\/plhockeyhp.ca\/wp-content\/uploads\/2022\/07\/Screen-Shot-2022-07-24-at-9.14.59-PM.png","type":"image\/png"}],"twitter_card":"summary_large_image","twitter_misc":{"Estimation du temps de lecture":"1 minute"},"schema":{"@context":"https:\/\/schema.org","@graph":[{"@type":"WebPage","@id":"https:\/\/plhockeyhp.ca\/product\/high-school-preparation-for-selection-camp-edm\/","url":"https:\/\/plhockeyhp.ca\/product\/high-school-preparation-for-selection-camp-edm\/","name":"High School - Preparation for Selection Camp (EDM) - PL High Performance Hockey","isPartOf":{"@id":"https:\/\/plhockeyhp.ca\/#website"},"primaryImageOfPage":{"@id":"https:\/\/plhockeyhp.ca\/product\/high-school-preparation-for-selection-camp-edm\/#primaryimage"},"image":{"@id":"https:\/\/plhockeyhp.ca\/product\/high-school-preparation-for-selection-camp-edm\/#primaryimage"},"thumbnailUrl":"https:\/\/plhockeyhp.ca\/wp-content\/uploads\/2022\/07\/Screen-Shot-2022-07-24-at-9.14.59-PM.png","datePublished":"2022-07-19T17:33:24+00:00","dateModified":"2024-03-08T18:51:14+00:00","description":"High school hockey players are left on their own until September 19th of every year. This camp of 6 sessions spread over 2 weeks is for serious players who expect to attend the selection camp of their respective high school hockey team. Whether it's the schools of WHS, CNHS, SVHS, EGR, CDJ or PTA, all players born 2005 to 2008 are welcome to participate. This camp is offered in Edmundston, we also offer a camp in Grand Falls.","breadcrumb":{"@id":"https:\/\/plhockeyhp.ca\/product\/high-school-preparation-for-selection-camp-edm\/#breadcrumb"},"inLanguage":"fr-CA","potentialAction":[{"@type":"ReadAction","target":["https:\/\/plhockeyhp.ca\/product\/high-school-preparation-for-selection-camp-edm\/"]}]},{"@type":"ImageObject","inLanguage":"fr-CA","@id":"https:\/\/plhockeyhp.ca\/product\/high-school-preparation-for-selection-camp-edm\/#primaryimage","url":"https:\/\/plhockeyhp.ca\/wp-content\/uploads\/2022\/07\/Screen-Shot-2022-07-24-at-9.14.59-PM.png","contentUrl":"https:\/\/plhockeyhp.ca\/wp-content\/uploads\/2022\/07\/Screen-Shot-2022-07-24-at-9.14.59-PM.png","width":1196,"height":1204},{"@type":"BreadcrumbList","@id":"https:\/\/plhockeyhp.ca\/product\/high-school-preparation-for-selection-camp-edm\/#breadcrumb","itemListElement":[{"@type":"ListItem","position":1,"name":"Home","item":"https:\/\/plhockeyhp.ca\/"},{"@type":"ListItem","position":2,"name":"Shop","item":"https:\/\/plhockeyhp.ca\/shop\/"},{"@type":"ListItem","position":3,"name":"High School &#8211; Preparation for Selection Camp (EDM)"}]},{"@type":"WebSite","@id":"https:\/\/plhockeyhp.ca\/#website","url":"https:\/\/plhockeyhp.ca\/","name":"PL High Performance Hockey","description":"High Performance Hockey Coaching for all ages","publisher":{"@id":"https:\/\/plhockeyhp.ca\/#\/schema\/person\/bab7e546e9274617626b20d8f9651caf"},"potentialAction":[{"@type":"SearchAction","target":{"@type":"EntryPoint","urlTemplate":"https:\/\/plhockeyhp.ca\/?s={search_term_string}"},"query-input":{"@type":"PropertyValueSpecification","valueRequired":true,"valueName":"search_term_string"}}],"inLanguage":"fr-CA"},{"@type":["Person","Organization"],"@id":"https:\/\/plhockeyhp.ca\/#\/schema\/person\/bab7e546e9274617626b20d8f9651caf","name":"Paul Leclerc","image":{"@type":"ImageObject","inLanguage":"fr-CA","@id":"https:\/\/plhockeyhp.ca\/wp-content\/uploads\/2022\/06\/pngwhitecircle-copy-e1654968668911.png","url":"https:\/\/plhockeyhp.ca\/wp-content\/uploads\/2022\/06\/pngwhitecircle-copy-e1654968668911.png","contentUrl":"https:\/\/plhockeyhp.ca\/wp-content\/uploads\/2022\/06\/pngwhitecircle-copy-e1654968668911.png","width":512,"height":512,"caption":"Paul Leclerc"},"logo":{"@id":"https:\/\/plhockeyhp.ca\/wp-content\/uploads\/2022\/06\/pngwhitecircle-copy-e1654968668911.png"},"description":"Paul Leclerc is a Hockey Canada High Performance certified coach. He is currently doing his Graduate Certificate in High Performance coaching and Technical Leadership at the University of British-Columbia. Paul has more than 10 years of experience behind the bench. He just recently (2020-2021) coached his team to the league championship in the midst of the multiple challenges brought on by COVID-19. He is also a guest coach with the U15 Hockey New Brunswick High Performance Program.","sameAs":["https:\/\/plhockeyhp.ca","https:\/\/www.facebook.com\/PLhockeyhp\/"]}]}},"_links":{"self":[{"href":"https:\/\/plhockeyhp.ca\/fr\/wp-json\/wp\/v2\/product\/1401","targetHints":{"allow":["GET"]}}],"collection":[{"href":"https:\/\/plhockeyhp.ca\/fr\/wp-json\/wp\/v2\/product"}],"about":[{"href":"https:\/\/plhockeyhp.ca\/fr\/wp-json\/wp\/v2\/types\/product"}],"wp:featuredmedia":[{"embeddable":true,"href":"https:\/\/plhockeyhp.ca\/fr\/wp-json\/wp\/v2\/media\/1643"}],"wp:attachment":[{"href":"https:\/\/plhockeyhp.ca\/fr\/wp-json\/wp\/v2\/media?parent=1401"}],"wp:term":[{"taxonomy":"product_brand","embeddable":true,"href":"https:\/\/plhockeyhp.ca\/fr\/wp-json\/wp\/v2\/product_brand?post=1401"},{"taxonomy":"product_cat","embeddable":true,"href":"https:\/\/plhockeyhp.ca\/fr\/wp-json\/wp\/v2\/product_cat?post=1401"},{"taxonomy":"product_tag","embeddable":true,"href":"https:\/\/plhockeyhp.ca\/fr\/wp-json\/wp\/v2\/product_tag?post=1401"}],"curies":[{"name":"wp","href":"https:\/\/api.w.org\/{rel}","templated":true}]}}