{"id":1966,"date":"2022-09-11T15:30:07","date_gmt":"2022-09-11T15:30:07","guid":{"rendered":"https:\/\/plhockeyhp.ca\/?post_type=product&#038;p=1966"},"modified":"2022-09-12T20:17:22","modified_gmt":"2022-09-12T20:17:22","slug":"defenseman-camp-edm","status":"publish","type":"product","link":"https:\/\/plhockeyhp.ca\/fr\/product\/defenseman-camp-edm\/","title":{"rendered":"Camp pour D\u00e9fenseurs (EDM)"},"content":{"rendered":"<p>Unique en son genre dans notre r\u00e9gion, ce camp est compl\u00e8tement d\u00e9di\u00e9 aux d\u00e9fenseurs. Il comprend 4 sessions sur glace et 1 session vid\u00e9o. Ce camp est r\u00e9serv\u00e9 aux d\u00e9fenseurs de niveau comp\u00e9titif ou \u00e9lite U13-U15-U18. Veuillez noter que ce camp est offert \u00e0 Edmundston.<\/p>","protected":false},"excerpt":{"rendered":"<div dir=\"auto\">Nom: Camp pour D\u00e9fenseurs (EDM)<\/div>\n<div dir=\"auto\">Endroit: Centre Jean-Daigle<\/div>\n<div dir=\"auto\">Quand: 20, 22, 27 et 29 septembre  (4 sessions)<\/div>","protected":false},"featured_media":1969,"template":"","meta":{"_coblocks_attr":"","_coblocks_dimensions":"","_coblocks_responsive_height":"","_coblocks_accordion_ie_support":""},"product_brand":[],"product_cat":[61,68,66,67],"product_tag":[],"class_list":{"0":"post-1966","1":"product","2":"type-product","3":"status-publish","4":"has-post-thumbnail","6":"product_cat-comp","7":"product_cat-pre-season","8":"product_cat-u13-2","9":"product_cat-u15","11":"first","12":"outofstock","13":"downloadable","14":"virtual","15":"taxable","16":"purchasable","17":"product-type-simple"},"yoast_head":"<!-- This site is optimized with the Yoast SEO plugin v27.4 - https:\/\/yoast.com\/product\/yoast-seo-wordpress\/ -->\n<title>Defenseman Camp (EDM) - PL High Performance Hockey<\/title>\n<meta name=\"description\" content=\"The only one of its kind in our region, this camp is solely dedicated to defensemen. This camp includes 4 on-ice sessions and 1 video session. This camp is reserved for competitive or elite-level defensemen aged U13 and up. Please note that this camp is offered in Edmundston.\" \/>\n<meta name=\"robots\" content=\"index, follow, max-snippet:-1, max-image-preview:large, max-video-preview:-1\" \/>\n<link rel=\"canonical\" href=\"https:\/\/plhockeyhp.ca\/fr\/produit\/defenseman-camp-edm\/\" \/>\n<meta property=\"og:locale\" content=\"fr_CA\" \/>\n<meta property=\"og:type\" content=\"article\" \/>\n<meta property=\"og:title\" content=\"Defenseman Camp (EDM) - PL High Performance Hockey\" \/>\n<meta property=\"og:description\" content=\"The only one of its kind in our region, this camp is solely dedicated to defensemen. This camp includes 4 on-ice sessions and 1 video session. This camp is reserved for competitive or elite-level defensemen aged U13 and up. Please note that this camp is offered in Edmundston.\" \/>\n<meta property=\"og:url\" content=\"https:\/\/plhockeyhp.ca\/fr\/produit\/defenseman-camp-edm\/\" \/>\n<meta property=\"og:site_name\" content=\"PL High Performance Hockey\" \/>\n<meta property=\"article:publisher\" content=\"https:\/\/www.facebook.com\/PLhockeyhp\/\" \/>\n<meta property=\"article:modified_time\" content=\"2022-09-12T20:17:22+00:00\" \/>\n<meta property=\"og:image\" content=\"https:\/\/plhockeyhp.ca\/wp-content\/uploads\/2022\/09\/Screen-Shot-2022-09-11-at-12.51.53-PM.png\" \/>\n\t<meta property=\"og:image:width\" content=\"1226\" \/>\n\t<meta property=\"og:image:height\" content=\"1236\" \/>\n\t<meta property=\"og:image:type\" content=\"image\/png\" \/>\n<meta name=\"twitter:card\" content=\"summary_large_image\" \/>\n<meta name=\"twitter:label1\" content=\"Estimation du temps de lecture\" \/>\n\t<meta name=\"twitter:data1\" content=\"1 minute\" \/>\n<script type=\"application\/ld+json\" class=\"yoast-schema-graph\">{\"@context\":\"https:\\\/\\\/schema.org\",\"@graph\":[{\"@type\":\"WebPage\",\"@id\":\"https:\\\/\\\/plhockeyhp.ca\\\/product\\\/defenseman-camp-edm\\\/\",\"url\":\"https:\\\/\\\/plhockeyhp.ca\\\/product\\\/defenseman-camp-edm\\\/\",\"name\":\"Defenseman Camp (EDM) - PL High Performance Hockey\",\"isPartOf\":{\"@id\":\"https:\\\/\\\/plhockeyhp.ca\\\/#website\"},\"primaryImageOfPage\":{\"@id\":\"https:\\\/\\\/plhockeyhp.ca\\\/product\\\/defenseman-camp-edm\\\/#primaryimage\"},\"image\":{\"@id\":\"https:\\\/\\\/plhockeyhp.ca\\\/product\\\/defenseman-camp-edm\\\/#primaryimage\"},\"thumbnailUrl\":\"https:\\\/\\\/plhockeyhp.ca\\\/wp-content\\\/uploads\\\/2022\\\/09\\\/Screen-Shot-2022-09-11-at-12.51.53-PM.png\",\"datePublished\":\"2022-09-11T15:30:07+00:00\",\"dateModified\":\"2022-09-12T20:17:22+00:00\",\"description\":\"The only one of its kind in our region, this camp is solely dedicated to defensemen. This camp includes 4 on-ice sessions and 1 video session. This camp is reserved for competitive or elite-level defensemen aged U13 and up. Please note that this camp is offered in Edmundston.\",\"breadcrumb\":{\"@id\":\"https:\\\/\\\/plhockeyhp.ca\\\/product\\\/defenseman-camp-edm\\\/#breadcrumb\"},\"inLanguage\":\"fr-CA\",\"potentialAction\":[{\"@type\":\"ReadAction\",\"target\":[\"https:\\\/\\\/plhockeyhp.ca\\\/product\\\/defenseman-camp-edm\\\/\"]}]},{\"@type\":\"ImageObject\",\"inLanguage\":\"fr-CA\",\"@id\":\"https:\\\/\\\/plhockeyhp.ca\\\/product\\\/defenseman-camp-edm\\\/#primaryimage\",\"url\":\"https:\\\/\\\/plhockeyhp.ca\\\/wp-content\\\/uploads\\\/2022\\\/09\\\/Screen-Shot-2022-09-11-at-12.51.53-PM.png\",\"contentUrl\":\"https:\\\/\\\/plhockeyhp.ca\\\/wp-content\\\/uploads\\\/2022\\\/09\\\/Screen-Shot-2022-09-11-at-12.51.53-PM.png\",\"width\":1226,\"height\":1236},{\"@type\":\"BreadcrumbList\",\"@id\":\"https:\\\/\\\/plhockeyhp.ca\\\/product\\\/defenseman-camp-edm\\\/#breadcrumb\",\"itemListElement\":[{\"@type\":\"ListItem\",\"position\":1,\"name\":\"Home\",\"item\":\"https:\\\/\\\/plhockeyhp.ca\\\/\"},{\"@type\":\"ListItem\",\"position\":2,\"name\":\"Shop\",\"item\":\"https:\\\/\\\/plhockeyhp.ca\\\/shop\\\/\"},{\"@type\":\"ListItem\",\"position\":3,\"name\":\"Defenseman Camp (EDM)\"}]},{\"@type\":\"WebSite\",\"@id\":\"https:\\\/\\\/plhockeyhp.ca\\\/#website\",\"url\":\"https:\\\/\\\/plhockeyhp.ca\\\/\",\"name\":\"PL High Performance Hockey\",\"description\":\"High Performance Hockey Coaching for all ages\",\"publisher\":{\"@id\":\"https:\\\/\\\/plhockeyhp.ca\\\/#\\\/schema\\\/person\\\/bab7e546e9274617626b20d8f9651caf\"},\"potentialAction\":[{\"@type\":\"SearchAction\",\"target\":{\"@type\":\"EntryPoint\",\"urlTemplate\":\"https:\\\/\\\/plhockeyhp.ca\\\/?s={search_term_string}\"},\"query-input\":{\"@type\":\"PropertyValueSpecification\",\"valueRequired\":true,\"valueName\":\"search_term_string\"}}],\"inLanguage\":\"fr-CA\"},{\"@type\":[\"Person\",\"Organization\"],\"@id\":\"https:\\\/\\\/plhockeyhp.ca\\\/#\\\/schema\\\/person\\\/bab7e546e9274617626b20d8f9651caf\",\"name\":\"Paul Leclerc\",\"image\":{\"@type\":\"ImageObject\",\"inLanguage\":\"fr-CA\",\"@id\":\"https:\\\/\\\/plhockeyhp.ca\\\/wp-content\\\/uploads\\\/2022\\\/06\\\/pngwhitecircle-copy-e1654968668911.png\",\"url\":\"https:\\\/\\\/plhockeyhp.ca\\\/wp-content\\\/uploads\\\/2022\\\/06\\\/pngwhitecircle-copy-e1654968668911.png\",\"contentUrl\":\"https:\\\/\\\/plhockeyhp.ca\\\/wp-content\\\/uploads\\\/2022\\\/06\\\/pngwhitecircle-copy-e1654968668911.png\",\"width\":512,\"height\":512,\"caption\":\"Paul Leclerc\"},\"logo\":{\"@id\":\"https:\\\/\\\/plhockeyhp.ca\\\/wp-content\\\/uploads\\\/2022\\\/06\\\/pngwhitecircle-copy-e1654968668911.png\"},\"description\":\"Paul Leclerc is a Hockey Canada High Performance certified coach. He is currently doing his Graduate Certificate in High Performance coaching and Technical Leadership at the University of British-Columbia. Paul has more than 10 years of experience behind the bench. He just recently (2020-2021) coached his team to the league championship in the midst of the multiple challenges brought on by COVID-19. He is also a guest coach with the U15 Hockey New Brunswick High Performance Program.\",\"sameAs\":[\"https:\\\/\\\/plhockeyhp.ca\",\"https:\\\/\\\/www.facebook.com\\\/PLhockeyhp\\\/\"]}]}<\/script>\n<!-- \/ Yoast SEO plugin. -->","yoast_head_json":{"title":"Defenseman Camp (EDM) - PL High Performance Hockey","description":"Unique en son genre dans notre r\u00e9gion, ce camp est compl\u00e8tement d\u00e9di\u00e9 aux d\u00e9fenseurs. Il comprend 4 sessions sur glace et 1 session vid\u00e9o. Ce camp est r\u00e9serv\u00e9 aux d\u00e9fenseurs de niveau comp\u00e9titif ou \u00e9lite U13-U15-U18. Veuillez noter que ce camp est offert \u00e0 Edmundston.","robots":{"index":"index","follow":"follow","max-snippet":"max-snippet:-1","max-image-preview":"max-image-preview:large","max-video-preview":"max-video-preview:-1"},"canonical":"https:\/\/plhockeyhp.ca\/fr\/produit\/defenseman-camp-edm\/","og_locale":"fr_CA","og_type":"article","og_title":"Defenseman Camp (EDM) - PL High Performance Hockey","og_description":"The only one of its kind in our region, this camp is solely dedicated to defensemen. This camp includes 4 on-ice sessions and 1 video session. This camp is reserved for competitive or elite-level defensemen aged U13 and up. Please note that this camp is offered in Edmundston.","og_url":"https:\/\/plhockeyhp.ca\/fr\/produit\/defenseman-camp-edm\/","og_site_name":"PL High Performance Hockey","article_publisher":"https:\/\/www.facebook.com\/PLhockeyhp\/","article_modified_time":"2022-09-12T20:17:22+00:00","og_image":[{"width":1226,"height":1236,"url":"https:\/\/plhockeyhp.ca\/wp-content\/uploads\/2022\/09\/Screen-Shot-2022-09-11-at-12.51.53-PM.png","type":"image\/png"}],"twitter_card":"summary_large_image","twitter_misc":{"Estimation du temps de lecture":"1 minute"},"schema":{"@context":"https:\/\/schema.org","@graph":[{"@type":"WebPage","@id":"https:\/\/plhockeyhp.ca\/product\/defenseman-camp-edm\/","url":"https:\/\/plhockeyhp.ca\/product\/defenseman-camp-edm\/","name":"Defenseman Camp (EDM) - PL High Performance Hockey","isPartOf":{"@id":"https:\/\/plhockeyhp.ca\/#website"},"primaryImageOfPage":{"@id":"https:\/\/plhockeyhp.ca\/product\/defenseman-camp-edm\/#primaryimage"},"image":{"@id":"https:\/\/plhockeyhp.ca\/product\/defenseman-camp-edm\/#primaryimage"},"thumbnailUrl":"https:\/\/plhockeyhp.ca\/wp-content\/uploads\/2022\/09\/Screen-Shot-2022-09-11-at-12.51.53-PM.png","datePublished":"2022-09-11T15:30:07+00:00","dateModified":"2022-09-12T20:17:22+00:00","description":"Unique en son genre dans notre r\u00e9gion, ce camp est compl\u00e8tement d\u00e9di\u00e9 aux d\u00e9fenseurs. Il comprend 4 sessions sur glace et 1 session vid\u00e9o. Ce camp est r\u00e9serv\u00e9 aux d\u00e9fenseurs de niveau comp\u00e9titif ou \u00e9lite U13-U15-U18. Veuillez noter que ce camp est offert \u00e0 Edmundston.","breadcrumb":{"@id":"https:\/\/plhockeyhp.ca\/product\/defenseman-camp-edm\/#breadcrumb"},"inLanguage":"fr-CA","potentialAction":[{"@type":"ReadAction","target":["https:\/\/plhockeyhp.ca\/product\/defenseman-camp-edm\/"]}]},{"@type":"ImageObject","inLanguage":"fr-CA","@id":"https:\/\/plhockeyhp.ca\/product\/defenseman-camp-edm\/#primaryimage","url":"https:\/\/plhockeyhp.ca\/wp-content\/uploads\/2022\/09\/Screen-Shot-2022-09-11-at-12.51.53-PM.png","contentUrl":"https:\/\/plhockeyhp.ca\/wp-content\/uploads\/2022\/09\/Screen-Shot-2022-09-11-at-12.51.53-PM.png","width":1226,"height":1236},{"@type":"BreadcrumbList","@id":"https:\/\/plhockeyhp.ca\/product\/defenseman-camp-edm\/#breadcrumb","itemListElement":[{"@type":"ListItem","position":1,"name":"Home","item":"https:\/\/plhockeyhp.ca\/"},{"@type":"ListItem","position":2,"name":"Shop","item":"https:\/\/plhockeyhp.ca\/shop\/"},{"@type":"ListItem","position":3,"name":"Defenseman Camp (EDM)"}]},{"@type":"WebSite","@id":"https:\/\/plhockeyhp.ca\/#website","url":"https:\/\/plhockeyhp.ca\/","name":"PL High Performance Hockey","description":"High Performance Hockey Coaching for all ages","publisher":{"@id":"https:\/\/plhockeyhp.ca\/#\/schema\/person\/bab7e546e9274617626b20d8f9651caf"},"potentialAction":[{"@type":"SearchAction","target":{"@type":"EntryPoint","urlTemplate":"https:\/\/plhockeyhp.ca\/?s={search_term_string}"},"query-input":{"@type":"PropertyValueSpecification","valueRequired":true,"valueName":"search_term_string"}}],"inLanguage":"fr-CA"},{"@type":["Person","Organization"],"@id":"https:\/\/plhockeyhp.ca\/#\/schema\/person\/bab7e546e9274617626b20d8f9651caf","name":"Paul Leclerc","image":{"@type":"ImageObject","inLanguage":"fr-CA","@id":"https:\/\/plhockeyhp.ca\/wp-content\/uploads\/2022\/06\/pngwhitecircle-copy-e1654968668911.png","url":"https:\/\/plhockeyhp.ca\/wp-content\/uploads\/2022\/06\/pngwhitecircle-copy-e1654968668911.png","contentUrl":"https:\/\/plhockeyhp.ca\/wp-content\/uploads\/2022\/06\/pngwhitecircle-copy-e1654968668911.png","width":512,"height":512,"caption":"Paul Leclerc"},"logo":{"@id":"https:\/\/plhockeyhp.ca\/wp-content\/uploads\/2022\/06\/pngwhitecircle-copy-e1654968668911.png"},"description":"Paul Leclerc is a Hockey Canada High Performance certified coach. He is currently doing his Graduate Certificate in High Performance coaching and Technical Leadership at the University of British-Columbia. Paul has more than 10 years of experience behind the bench. He just recently (2020-2021) coached his team to the league championship in the midst of the multiple challenges brought on by COVID-19. He is also a guest coach with the U15 Hockey New Brunswick High Performance Program.","sameAs":["https:\/\/plhockeyhp.ca","https:\/\/www.facebook.com\/PLhockeyhp\/"]}]}},"_links":{"self":[{"href":"https:\/\/plhockeyhp.ca\/fr\/wp-json\/wp\/v2\/product\/1966","targetHints":{"allow":["GET"]}}],"collection":[{"href":"https:\/\/plhockeyhp.ca\/fr\/wp-json\/wp\/v2\/product"}],"about":[{"href":"https:\/\/plhockeyhp.ca\/fr\/wp-json\/wp\/v2\/types\/product"}],"wp:featuredmedia":[{"embeddable":true,"href":"https:\/\/plhockeyhp.ca\/fr\/wp-json\/wp\/v2\/media\/1969"}],"wp:attachment":[{"href":"https:\/\/plhockeyhp.ca\/fr\/wp-json\/wp\/v2\/media?parent=1966"}],"wp:term":[{"taxonomy":"product_brand","embeddable":true,"href":"https:\/\/plhockeyhp.ca\/fr\/wp-json\/wp\/v2\/product_brand?post=1966"},{"taxonomy":"product_cat","embeddable":true,"href":"https:\/\/plhockeyhp.ca\/fr\/wp-json\/wp\/v2\/product_cat?post=1966"},{"taxonomy":"product_tag","embeddable":true,"href":"https:\/\/plhockeyhp.ca\/fr\/wp-json\/wp\/v2\/product_tag?post=1966"}],"curies":[{"name":"wp","href":"https:\/\/api.w.org\/{rel}","templated":true}]}}