{"id":2029,"date":"2022-09-14T20:16:32","date_gmt":"2022-09-14T20:16:32","guid":{"rendered":"https:\/\/plhockeyhp.ca\/?post_type=product&#038;p=2029"},"modified":"2024-03-08T18:50:22","modified_gmt":"2024-03-08T18:50:22","slug":"the-games-beyond-the-goal-line","status":"publish","type":"product","link":"https:\/\/plhockeyhp.ca\/fr\/product\/the-games-beyond-the-goal-line\/","title":{"rendered":"Les Jeux au Del\u00e0 de la ligne des buts"},"content":{"rendered":"<p>Our very first in a series of mini-camps will be &#8220;The Games Beyond the Goal Line&#8221;.<\/p>\n<p>Session 1\u00a0: Nos entraineurs vous aideront \u00e0 maitriser les bonne techniques d\u2019entr\u00e9e et de sorties de vos poteaux.<br \/>\nSession 2 : Une progression de la Session 1, vous aidera \u00e0 comprendre comment associer les bonnes techniques aux diff\u00e9rentes situations qui se pr\u00e9senteront.<br \/>\nSession 3 : En plus des s\u00e9ances 1 et 2, nos entraineurs vous mettront en situation de jeu r\u00e9el o\u00f9 vous pourrez peaufiner vos techniques de lecture de jeu.<\/p>","protected":false},"excerpt":{"rendered":"<div dir=\"auto\">Nom: Les Jeux au Del\u00e0 de la ligne des buts<\/div>\n<div dir=\"auto\">O\u00f9: Centre E&amp;P S\u00e9n\u00e9chal<\/div>\n<div dir=\"auto\">When: Starting week of 24th of October (3 sessions &#8211; 1 session per week)<\/div>","protected":false},"featured_media":2030,"template":"","meta":{"_coblocks_attr":"","_coblocks_dimensions":"","_coblocks_responsive_height":"","_coblocks_accordion_ie_support":""},"product_brand":[],"product_cat":[61,64,69,65,66,67],"product_tag":[],"class_list":{"0":"post-2029","1":"product","2":"type-product","3":"status-publish","4":"has-post-thumbnail","6":"product_cat-comp","7":"product_cat-elite","8":"product_cat-in-season","9":"product_cat-u11-2","10":"product_cat-u13-2","11":"product_cat-u15","13":"first","14":"outofstock","15":"downloadable","16":"virtual","17":"taxable","18":"purchasable","19":"product-type-simple"},"yoast_head":"<!-- This site is optimized with the Yoast SEO plugin v27.4 - https:\/\/yoast.com\/product\/yoast-seo-wordpress\/ -->\n<title>The Games Beyond the Goal Line - PL High Performance Hockey<\/title>\n<meta name=\"description\" content=\"Our very first in a series of mini-camps will be &quot;The Games Beyond the Goal Line&quot;. Our very first in a series of mini-camps will be &quot;The Games Beyond the Goal Line&quot;.\u00a0Hockey, at all levels, is changing and the game is getting faster. For this reason, the players, and especially the goalkeepers must adapt. When it comes to following the play beyond the goal line, the ability of the goalkeeper to follow the play while using the right techniques and even planning the pass options is essential.\u00a0PLHP will offer three sessions that will help you hone your craft beyond the goal line.\" \/>\n<meta name=\"robots\" content=\"index, follow, max-snippet:-1, max-image-preview:large, max-video-preview:-1\" \/>\n<link rel=\"canonical\" href=\"https:\/\/plhockeyhp.ca\/fr\/produit\/the-games-beyond-the-goal-line\/\" \/>\n<meta property=\"og:locale\" content=\"fr_CA\" \/>\n<meta property=\"og:type\" content=\"article\" \/>\n<meta property=\"og:title\" content=\"The Games Beyond the Goal Line - PL High Performance Hockey\" \/>\n<meta property=\"og:description\" content=\"Our very first in a series of mini-camps will be &quot;The Games Beyond the Goal Line&quot;. Our very first in a series of mini-camps will be &quot;The Games Beyond the Goal Line&quot;.\u00a0Hockey, at all levels, is changing and the game is getting faster. For this reason, the players, and especially the goalkeepers must adapt. When it comes to following the play beyond the goal line, the ability of the goalkeeper to follow the play while using the right techniques and even planning the pass options is essential.\u00a0PLHP will offer three sessions that will help you hone your craft beyond the goal line.\" \/>\n<meta property=\"og:url\" content=\"https:\/\/plhockeyhp.ca\/fr\/produit\/the-games-beyond-the-goal-line\/\" \/>\n<meta property=\"og:site_name\" content=\"PL High Performance Hockey\" \/>\n<meta property=\"article:publisher\" content=\"https:\/\/www.facebook.com\/PLhockeyhp\/\" \/>\n<meta property=\"article:modified_time\" content=\"2024-03-08T18:50:22+00:00\" \/>\n<meta property=\"og:image\" content=\"https:\/\/plhockeyhp.ca\/wp-content\/uploads\/2022\/09\/Screen-Shot-2022-09-14-at-5.26.44-PM.png\" \/>\n\t<meta property=\"og:image:width\" content=\"1148\" \/>\n\t<meta property=\"og:image:height\" content=\"1156\" \/>\n\t<meta property=\"og:image:type\" content=\"image\/png\" \/>\n<meta name=\"twitter:card\" content=\"summary_large_image\" \/>\n<meta name=\"twitter:label1\" content=\"Estimation du temps de lecture\" \/>\n\t<meta name=\"twitter:data1\" content=\"1 minute\" \/>\n<script type=\"application\/ld+json\" class=\"yoast-schema-graph\">{\"@context\":\"https:\\\/\\\/schema.org\",\"@graph\":[{\"@type\":\"WebPage\",\"@id\":\"https:\\\/\\\/plhockeyhp.ca\\\/product\\\/the-games-beyond-the-goal-line\\\/\",\"url\":\"https:\\\/\\\/plhockeyhp.ca\\\/product\\\/the-games-beyond-the-goal-line\\\/\",\"name\":\"The Games Beyond the Goal Line - PL High Performance Hockey\",\"isPartOf\":{\"@id\":\"https:\\\/\\\/plhockeyhp.ca\\\/#website\"},\"primaryImageOfPage\":{\"@id\":\"https:\\\/\\\/plhockeyhp.ca\\\/product\\\/the-games-beyond-the-goal-line\\\/#primaryimage\"},\"image\":{\"@id\":\"https:\\\/\\\/plhockeyhp.ca\\\/product\\\/the-games-beyond-the-goal-line\\\/#primaryimage\"},\"thumbnailUrl\":\"https:\\\/\\\/plhockeyhp.ca\\\/wp-content\\\/uploads\\\/2022\\\/09\\\/Screen-Shot-2022-09-14-at-5.26.44-PM.png\",\"datePublished\":\"2022-09-14T20:16:32+00:00\",\"dateModified\":\"2024-03-08T18:50:22+00:00\",\"description\":\"Our very first in a series of mini-camps will be \\\"The Games Beyond the Goal Line\\\". Our very first in a series of mini-camps will be \\\"The Games Beyond the Goal Line\\\".\u00a0Hockey, at all levels, is changing and the game is getting faster. For this reason, the players, and especially the goalkeepers must adapt. When it comes to following the play beyond the goal line, the ability of the goalkeeper to follow the play while using the right techniques and even planning the pass options is essential.\u00a0PLHP will offer three sessions that will help you hone your craft beyond the goal line.\",\"breadcrumb\":{\"@id\":\"https:\\\/\\\/plhockeyhp.ca\\\/product\\\/the-games-beyond-the-goal-line\\\/#breadcrumb\"},\"inLanguage\":\"fr-CA\",\"potentialAction\":[{\"@type\":\"ReadAction\",\"target\":[\"https:\\\/\\\/plhockeyhp.ca\\\/product\\\/the-games-beyond-the-goal-line\\\/\"]}]},{\"@type\":\"ImageObject\",\"inLanguage\":\"fr-CA\",\"@id\":\"https:\\\/\\\/plhockeyhp.ca\\\/product\\\/the-games-beyond-the-goal-line\\\/#primaryimage\",\"url\":\"https:\\\/\\\/plhockeyhp.ca\\\/wp-content\\\/uploads\\\/2022\\\/09\\\/Screen-Shot-2022-09-14-at-5.26.44-PM.png\",\"contentUrl\":\"https:\\\/\\\/plhockeyhp.ca\\\/wp-content\\\/uploads\\\/2022\\\/09\\\/Screen-Shot-2022-09-14-at-5.26.44-PM.png\",\"width\":1148,\"height\":1156},{\"@type\":\"BreadcrumbList\",\"@id\":\"https:\\\/\\\/plhockeyhp.ca\\\/product\\\/the-games-beyond-the-goal-line\\\/#breadcrumb\",\"itemListElement\":[{\"@type\":\"ListItem\",\"position\":1,\"name\":\"Home\",\"item\":\"https:\\\/\\\/plhockeyhp.ca\\\/\"},{\"@type\":\"ListItem\",\"position\":2,\"name\":\"Shop\",\"item\":\"https:\\\/\\\/plhockeyhp.ca\\\/shop\\\/\"},{\"@type\":\"ListItem\",\"position\":3,\"name\":\"The Games Beyond the Goal Line\"}]},{\"@type\":\"WebSite\",\"@id\":\"https:\\\/\\\/plhockeyhp.ca\\\/#website\",\"url\":\"https:\\\/\\\/plhockeyhp.ca\\\/\",\"name\":\"PL High Performance Hockey\",\"description\":\"High Performance Hockey Coaching for all ages\",\"publisher\":{\"@id\":\"https:\\\/\\\/plhockeyhp.ca\\\/#\\\/schema\\\/person\\\/bab7e546e9274617626b20d8f9651caf\"},\"potentialAction\":[{\"@type\":\"SearchAction\",\"target\":{\"@type\":\"EntryPoint\",\"urlTemplate\":\"https:\\\/\\\/plhockeyhp.ca\\\/?s={search_term_string}\"},\"query-input\":{\"@type\":\"PropertyValueSpecification\",\"valueRequired\":true,\"valueName\":\"search_term_string\"}}],\"inLanguage\":\"fr-CA\"},{\"@type\":[\"Person\",\"Organization\"],\"@id\":\"https:\\\/\\\/plhockeyhp.ca\\\/#\\\/schema\\\/person\\\/bab7e546e9274617626b20d8f9651caf\",\"name\":\"Paul Leclerc\",\"image\":{\"@type\":\"ImageObject\",\"inLanguage\":\"fr-CA\",\"@id\":\"https:\\\/\\\/plhockeyhp.ca\\\/wp-content\\\/uploads\\\/2022\\\/06\\\/pngwhitecircle-copy-e1654968668911.png\",\"url\":\"https:\\\/\\\/plhockeyhp.ca\\\/wp-content\\\/uploads\\\/2022\\\/06\\\/pngwhitecircle-copy-e1654968668911.png\",\"contentUrl\":\"https:\\\/\\\/plhockeyhp.ca\\\/wp-content\\\/uploads\\\/2022\\\/06\\\/pngwhitecircle-copy-e1654968668911.png\",\"width\":512,\"height\":512,\"caption\":\"Paul Leclerc\"},\"logo\":{\"@id\":\"https:\\\/\\\/plhockeyhp.ca\\\/wp-content\\\/uploads\\\/2022\\\/06\\\/pngwhitecircle-copy-e1654968668911.png\"},\"description\":\"Paul Leclerc is a Hockey Canada High Performance certified coach. He is currently doing his Graduate Certificate in High Performance coaching and Technical Leadership at the University of British-Columbia. Paul has more than 10 years of experience behind the bench. He just recently (2020-2021) coached his team to the league championship in the midst of the multiple challenges brought on by COVID-19. He is also a guest coach with the U15 Hockey New Brunswick High Performance Program.\",\"sameAs\":[\"https:\\\/\\\/plhockeyhp.ca\",\"https:\\\/\\\/www.facebook.com\\\/PLhockeyhp\\\/\"]}]}<\/script>\n<!-- \/ Yoast SEO plugin. -->","yoast_head_json":{"title":"The Games Beyond the Goal Line - PL High Performance Hockey","description":"Our very first in a series of mini-camps will be \"The Games Beyond the Goal Line\". Our very first in a series of mini-camps will be \"The Games Beyond the Goal Line\".\u00a0Hockey, at all levels, is changing and the game is getting faster. For this reason, the players, and especially the goalkeepers must adapt. When it comes to following the play beyond the goal line, the ability of the goalkeeper to follow the play while using the right techniques and even planning the pass options is essential.\u00a0PLHP will offer three sessions that will help you hone your craft beyond the goal line.","robots":{"index":"index","follow":"follow","max-snippet":"max-snippet:-1","max-image-preview":"max-image-preview:large","max-video-preview":"max-video-preview:-1"},"canonical":"https:\/\/plhockeyhp.ca\/fr\/produit\/the-games-beyond-the-goal-line\/","og_locale":"fr_CA","og_type":"article","og_title":"The Games Beyond the Goal Line - PL High Performance Hockey","og_description":"Our very first in a series of mini-camps will be \"The Games Beyond the Goal Line\". Our very first in a series of mini-camps will be \"The Games Beyond the Goal Line\".\u00a0Hockey, at all levels, is changing and the game is getting faster. For this reason, the players, and especially the goalkeepers must adapt. When it comes to following the play beyond the goal line, the ability of the goalkeeper to follow the play while using the right techniques and even planning the pass options is essential.\u00a0PLHP will offer three sessions that will help you hone your craft beyond the goal line.","og_url":"https:\/\/plhockeyhp.ca\/fr\/produit\/the-games-beyond-the-goal-line\/","og_site_name":"PL High Performance Hockey","article_publisher":"https:\/\/www.facebook.com\/PLhockeyhp\/","article_modified_time":"2024-03-08T18:50:22+00:00","og_image":[{"width":1148,"height":1156,"url":"https:\/\/plhockeyhp.ca\/wp-content\/uploads\/2022\/09\/Screen-Shot-2022-09-14-at-5.26.44-PM.png","type":"image\/png"}],"twitter_card":"summary_large_image","twitter_misc":{"Estimation du temps de lecture":"1 minute"},"schema":{"@context":"https:\/\/schema.org","@graph":[{"@type":"WebPage","@id":"https:\/\/plhockeyhp.ca\/product\/the-games-beyond-the-goal-line\/","url":"https:\/\/plhockeyhp.ca\/product\/the-games-beyond-the-goal-line\/","name":"The Games Beyond the Goal Line - PL High Performance Hockey","isPartOf":{"@id":"https:\/\/plhockeyhp.ca\/#website"},"primaryImageOfPage":{"@id":"https:\/\/plhockeyhp.ca\/product\/the-games-beyond-the-goal-line\/#primaryimage"},"image":{"@id":"https:\/\/plhockeyhp.ca\/product\/the-games-beyond-the-goal-line\/#primaryimage"},"thumbnailUrl":"https:\/\/plhockeyhp.ca\/wp-content\/uploads\/2022\/09\/Screen-Shot-2022-09-14-at-5.26.44-PM.png","datePublished":"2022-09-14T20:16:32+00:00","dateModified":"2024-03-08T18:50:22+00:00","description":"Our very first in a series of mini-camps will be \"The Games Beyond the Goal Line\". Our very first in a series of mini-camps will be \"The Games Beyond the Goal Line\".\u00a0Hockey, at all levels, is changing and the game is getting faster. For this reason, the players, and especially the goalkeepers must adapt. When it comes to following the play beyond the goal line, the ability of the goalkeeper to follow the play while using the right techniques and even planning the pass options is essential.\u00a0PLHP will offer three sessions that will help you hone your craft beyond the goal line.","breadcrumb":{"@id":"https:\/\/plhockeyhp.ca\/product\/the-games-beyond-the-goal-line\/#breadcrumb"},"inLanguage":"fr-CA","potentialAction":[{"@type":"ReadAction","target":["https:\/\/plhockeyhp.ca\/product\/the-games-beyond-the-goal-line\/"]}]},{"@type":"ImageObject","inLanguage":"fr-CA","@id":"https:\/\/plhockeyhp.ca\/product\/the-games-beyond-the-goal-line\/#primaryimage","url":"https:\/\/plhockeyhp.ca\/wp-content\/uploads\/2022\/09\/Screen-Shot-2022-09-14-at-5.26.44-PM.png","contentUrl":"https:\/\/plhockeyhp.ca\/wp-content\/uploads\/2022\/09\/Screen-Shot-2022-09-14-at-5.26.44-PM.png","width":1148,"height":1156},{"@type":"BreadcrumbList","@id":"https:\/\/plhockeyhp.ca\/product\/the-games-beyond-the-goal-line\/#breadcrumb","itemListElement":[{"@type":"ListItem","position":1,"name":"Home","item":"https:\/\/plhockeyhp.ca\/"},{"@type":"ListItem","position":2,"name":"Shop","item":"https:\/\/plhockeyhp.ca\/shop\/"},{"@type":"ListItem","position":3,"name":"The Games Beyond the Goal Line"}]},{"@type":"WebSite","@id":"https:\/\/plhockeyhp.ca\/#website","url":"https:\/\/plhockeyhp.ca\/","name":"PL High Performance Hockey","description":"High Performance Hockey Coaching for all ages","publisher":{"@id":"https:\/\/plhockeyhp.ca\/#\/schema\/person\/bab7e546e9274617626b20d8f9651caf"},"potentialAction":[{"@type":"SearchAction","target":{"@type":"EntryPoint","urlTemplate":"https:\/\/plhockeyhp.ca\/?s={search_term_string}"},"query-input":{"@type":"PropertyValueSpecification","valueRequired":true,"valueName":"search_term_string"}}],"inLanguage":"fr-CA"},{"@type":["Person","Organization"],"@id":"https:\/\/plhockeyhp.ca\/#\/schema\/person\/bab7e546e9274617626b20d8f9651caf","name":"Paul Leclerc","image":{"@type":"ImageObject","inLanguage":"fr-CA","@id":"https:\/\/plhockeyhp.ca\/wp-content\/uploads\/2022\/06\/pngwhitecircle-copy-e1654968668911.png","url":"https:\/\/plhockeyhp.ca\/wp-content\/uploads\/2022\/06\/pngwhitecircle-copy-e1654968668911.png","contentUrl":"https:\/\/plhockeyhp.ca\/wp-content\/uploads\/2022\/06\/pngwhitecircle-copy-e1654968668911.png","width":512,"height":512,"caption":"Paul Leclerc"},"logo":{"@id":"https:\/\/plhockeyhp.ca\/wp-content\/uploads\/2022\/06\/pngwhitecircle-copy-e1654968668911.png"},"description":"Paul Leclerc is a Hockey Canada High Performance certified coach. He is currently doing his Graduate Certificate in High Performance coaching and Technical Leadership at the University of British-Columbia. Paul has more than 10 years of experience behind the bench. He just recently (2020-2021) coached his team to the league championship in the midst of the multiple challenges brought on by COVID-19. He is also a guest coach with the U15 Hockey New Brunswick High Performance Program.","sameAs":["https:\/\/plhockeyhp.ca","https:\/\/www.facebook.com\/PLhockeyhp\/"]}]}},"_links":{"self":[{"href":"https:\/\/plhockeyhp.ca\/fr\/wp-json\/wp\/v2\/product\/2029","targetHints":{"allow":["GET"]}}],"collection":[{"href":"https:\/\/plhockeyhp.ca\/fr\/wp-json\/wp\/v2\/product"}],"about":[{"href":"https:\/\/plhockeyhp.ca\/fr\/wp-json\/wp\/v2\/types\/product"}],"wp:featuredmedia":[{"embeddable":true,"href":"https:\/\/plhockeyhp.ca\/fr\/wp-json\/wp\/v2\/media\/2030"}],"wp:attachment":[{"href":"https:\/\/plhockeyhp.ca\/fr\/wp-json\/wp\/v2\/media?parent=2029"}],"wp:term":[{"taxonomy":"product_brand","embeddable":true,"href":"https:\/\/plhockeyhp.ca\/fr\/wp-json\/wp\/v2\/product_brand?post=2029"},{"taxonomy":"product_cat","embeddable":true,"href":"https:\/\/plhockeyhp.ca\/fr\/wp-json\/wp\/v2\/product_cat?post=2029"},{"taxonomy":"product_tag","embeddable":true,"href":"https:\/\/plhockeyhp.ca\/fr\/wp-json\/wp\/v2\/product_tag?post=2029"}],"curies":[{"name":"wp","href":"https:\/\/api.w.org\/{rel}","templated":true}]}}