{"id":2141,"date":"2023-02-12T14:31:13","date_gmt":"2023-02-12T14:31:13","guid":{"rendered":"https:\/\/plhockeyhp.ca\/?post_type=product&#038;p=2141"},"modified":"2024-03-08T18:49:06","modified_gmt":"2024-03-08T18:49:06","slug":"high-performance-spring-camp","status":"publish","type":"product","link":"https:\/\/plhockeyhp.ca\/fr\/product\/high-performance-spring-camp\/","title":{"rendered":"Camp de Printemps Haute Performance (U11-U13)"},"content":{"rendered":"<h6><strong>This camp is our organization&#8217;s most complete camp!<\/strong><\/h6>\n<p>Notre camp de printemps est d\u00e9di\u00e9 aux joueurs comp\u00e9titifs ou \u00e9lites U11 et U13 du Nord-Ouest du Nouveau-Brunswick. Il s'\u00e9tend de la mi-avril \u00e0 la mi-mai. Notre camp de printemps est un camp bas\u00e9 sur les habilet\u00e9s de base, il comprend un mini tournoi style \"2-line\" et une \u00e9valuation individuelle compl\u00e8te des quatre comp\u00e9tences de base d'un athl\u00e8te de haut niveau.<\/p>\n<p>To be a complete athlete, your son does not need to be only good technically, but also physically, tactically, and psychologically. The latter is severely overlooked even though it&#8217;s often the main limiting factor in good technical players. We will not only evaluate these four core competencies, but once the gaps are identified, we will provide recommendations and tools to help each player to progress and close those gaps.<\/p>\n<p>Voici une liste compl\u00e8te du contenu de notre Camp de Printemps :<\/p>\n<ul>\n<li>Rep\u00eachage complet pour notre tournoi style \"2-line\" (ceci sera la premi\u00e8re activit\u00e9 du camp)<\/li>\n<li>La nomination des capitaines d'\u00e9quipes (joueurs int\u00e9ress\u00e9s doivent cocher oui et expliquer pourquoi ils croient \u00eatre de bons capitaines. Une mini-entrevue par zoom fera partie du processus de s\u00e9lection)<\/li>\n<li>2 heures de glace par semaine (la m\u00eame journ\u00e9e afin de faciliter les d\u00e9placements) <em><strong>(Tuesday or Wednesday in accordance with the Jets&#8217; spring schedule to avoid conflicts)<\/strong><\/em><\/li>\n<li>Sessions hors-glace (leadership, engagement, cheminement haute performance) <em>Les capitaines auront droit \u00e0 une ou deux sessions de leadership additionnelles.<\/em><\/li>\n<li>Entra\u00eeneur de gardien certifi\u00e9 (du temps et de l'espace seront allou\u00e9s \u00e0 l'entra\u00eeneur de gardien et aux gardiens \u00e0 chaque session)<\/li>\n<li>Professional physical evaluation (in collaboration with the Kinesiology Department of the Universit\u00e9 de Moncton &#8211; Edmundston Campus)<\/li>\n<li>Test techniques standardis\u00e9s de Hockey Canada (vitesse et agilit\u00e9 de patin, maniement de la rondelle, etc.)<\/li>\n<li>\u00c9valuation psychologique professionnelle (questionnaires normalis\u00e9s sp\u00e9cifiques au sport dont les r\u00e9sultats seront \u00e9valu\u00e9s par notre psychologue du sport)<\/li>\n<li>\u00c9valuation tactique individuelle par un entra\u00eeneur certifi\u00e9 de haute performance de Hockey Canada<\/li>\n<li>Individual presentation of the results in the form of a booklet with recommendations and advice to improve the player&#8217;s individual weaknesses (30-minute meeting).<\/li>\n<li>Mini tournoi style \"2-line\" (format 3v3 lors des ann\u00e9es pr\u00e9c\u00e9dentes)<\/li>\n<li><strong>Classement r\u00e9gional complet des joueurs (par ann\u00e9e de naissance)<\/strong><\/li>\n<\/ul>","protected":false},"excerpt":{"rendered":"<div dir=\"auto\">\n<h5 dir=\"auto\">VOIR DESCRIPTION PLUS BAS!<\/h5>\n<\/div>\n<div dir=\"auto\">Nom: Camp de Printemps Haute Performance<\/div>\n<div dir=\"auto\">O\u00f9: CEPSC (quelques activit\u00e9s pourraient avoir lieu \u00e0 Edmundston)<\/div>\n<div dir=\"auto\">Quand: Du 11 avril au 17 mai 2023<\/div>\n<div dir=\"auto\"><\/div>","protected":false},"featured_media":2146,"template":"","meta":{"_coblocks_attr":"","_coblocks_dimensions":"","_coblocks_responsive_height":"","_coblocks_accordion_ie_support":""},"product_brand":[],"product_cat":[61,64,91,65,66],"product_tag":[],"class_list":{"0":"post-2141","1":"product","2":"type-product","3":"status-publish","4":"has-post-thumbnail","6":"product_cat-comp","7":"product_cat-elite","8":"product_cat-spring","9":"product_cat-u11-2","10":"product_cat-u13-2","12":"first","13":"outofstock","14":"taxable","15":"shipping-taxable","16":"purchasable","17":"product-type-variable"},"yoast_head":"<!-- This site is optimized with the Yoast SEO plugin v27.4 - https:\/\/yoast.com\/product\/yoast-seo-wordpress\/ -->\n<title>High-Performance Spring Camp (U11-13) - PL High Performance Hockey<\/title>\n<meta name=\"description\" content=\"The camp is dedicated to North West New Brunswick competitive U11 and U13 players and spans from mid-April to the end of May. Our Spring Camp is a skills-based camp that includes a mini 2-line tournament and a complete individual evaluation of the four core competencies of a high-performance athlete.\" \/>\n<meta name=\"robots\" content=\"index, follow, max-snippet:-1, max-image-preview:large, max-video-preview:-1\" \/>\n<link rel=\"canonical\" href=\"https:\/\/plhockeyhp.ca\/fr\/produit\/high-performance-spring-camp\/\" \/>\n<meta property=\"og:locale\" content=\"fr_CA\" \/>\n<meta property=\"og:type\" content=\"article\" \/>\n<meta property=\"og:title\" content=\"High-Performance Spring Camp (U11-13) - PL High Performance Hockey\" \/>\n<meta property=\"og:description\" content=\"The camp is dedicated to North West New Brunswick competitive U11 and U13 players and spans from mid-April to the end of May. Our Spring Camp is a skills-based camp that includes a mini 2-line tournament and a complete individual evaluation of the four core competencies of a high-performance athlete.\" \/>\n<meta property=\"og:url\" content=\"https:\/\/plhockeyhp.ca\/fr\/produit\/high-performance-spring-camp\/\" \/>\n<meta property=\"og:site_name\" content=\"PL High Performance Hockey\" \/>\n<meta property=\"article:publisher\" content=\"https:\/\/www.facebook.com\/PLhockeyhp\/\" \/>\n<meta property=\"article:modified_time\" content=\"2024-03-08T18:49:06+00:00\" \/>\n<meta property=\"og:image\" content=\"https:\/\/plhockeyhp.ca\/wp-content\/uploads\/2023\/02\/Screen-Shot-2023-02-12-at-11.40.43-AM.png\" \/>\n\t<meta property=\"og:image:width\" content=\"1288\" \/>\n\t<meta property=\"og:image:height\" content=\"1294\" \/>\n\t<meta property=\"og:image:type\" content=\"image\/png\" \/>\n<meta name=\"twitter:card\" content=\"summary_large_image\" \/>\n<meta name=\"twitter:label1\" content=\"Estimation du temps de lecture\" \/>\n\t<meta name=\"twitter:data1\" content=\"2 minutes\" \/>\n<script type=\"application\/ld+json\" class=\"yoast-schema-graph\">{\"@context\":\"https:\\\/\\\/schema.org\",\"@graph\":[{\"@type\":\"WebPage\",\"@id\":\"https:\\\/\\\/plhockeyhp.ca\\\/product\\\/high-performance-spring-camp\\\/\",\"url\":\"https:\\\/\\\/plhockeyhp.ca\\\/product\\\/high-performance-spring-camp\\\/\",\"name\":\"High-Performance Spring Camp (U11-13) - PL High Performance Hockey\",\"isPartOf\":{\"@id\":\"https:\\\/\\\/plhockeyhp.ca\\\/#website\"},\"primaryImageOfPage\":{\"@id\":\"https:\\\/\\\/plhockeyhp.ca\\\/product\\\/high-performance-spring-camp\\\/#primaryimage\"},\"image\":{\"@id\":\"https:\\\/\\\/plhockeyhp.ca\\\/product\\\/high-performance-spring-camp\\\/#primaryimage\"},\"thumbnailUrl\":\"https:\\\/\\\/plhockeyhp.ca\\\/wp-content\\\/uploads\\\/2023\\\/02\\\/Screen-Shot-2023-02-12-at-11.40.43-AM.png\",\"datePublished\":\"2023-02-12T14:31:13+00:00\",\"dateModified\":\"2024-03-08T18:49:06+00:00\",\"description\":\"The camp is dedicated to North West New Brunswick competitive U11 and U13 players and spans from mid-April to the end of May. Our Spring Camp is a skills-based camp that includes a mini 2-line tournament and a complete individual evaluation of the four core competencies of a high-performance athlete.\",\"breadcrumb\":{\"@id\":\"https:\\\/\\\/plhockeyhp.ca\\\/product\\\/high-performance-spring-camp\\\/#breadcrumb\"},\"inLanguage\":\"fr-CA\",\"potentialAction\":[{\"@type\":\"ReadAction\",\"target\":[\"https:\\\/\\\/plhockeyhp.ca\\\/product\\\/high-performance-spring-camp\\\/\"]}]},{\"@type\":\"ImageObject\",\"inLanguage\":\"fr-CA\",\"@id\":\"https:\\\/\\\/plhockeyhp.ca\\\/product\\\/high-performance-spring-camp\\\/#primaryimage\",\"url\":\"https:\\\/\\\/plhockeyhp.ca\\\/wp-content\\\/uploads\\\/2023\\\/02\\\/Screen-Shot-2023-02-12-at-11.40.43-AM.png\",\"contentUrl\":\"https:\\\/\\\/plhockeyhp.ca\\\/wp-content\\\/uploads\\\/2023\\\/02\\\/Screen-Shot-2023-02-12-at-11.40.43-AM.png\",\"width\":1288,\"height\":1294},{\"@type\":\"BreadcrumbList\",\"@id\":\"https:\\\/\\\/plhockeyhp.ca\\\/product\\\/high-performance-spring-camp\\\/#breadcrumb\",\"itemListElement\":[{\"@type\":\"ListItem\",\"position\":1,\"name\":\"Home\",\"item\":\"https:\\\/\\\/plhockeyhp.ca\\\/\"},{\"@type\":\"ListItem\",\"position\":2,\"name\":\"Shop\",\"item\":\"https:\\\/\\\/plhockeyhp.ca\\\/shop\\\/\"},{\"@type\":\"ListItem\",\"position\":3,\"name\":\"High-Performance Spring Camp (U11-13)\"}]},{\"@type\":\"WebSite\",\"@id\":\"https:\\\/\\\/plhockeyhp.ca\\\/#website\",\"url\":\"https:\\\/\\\/plhockeyhp.ca\\\/\",\"name\":\"PL High Performance Hockey\",\"description\":\"High Performance Hockey Coaching for all ages\",\"publisher\":{\"@id\":\"https:\\\/\\\/plhockeyhp.ca\\\/#\\\/schema\\\/person\\\/bab7e546e9274617626b20d8f9651caf\"},\"potentialAction\":[{\"@type\":\"SearchAction\",\"target\":{\"@type\":\"EntryPoint\",\"urlTemplate\":\"https:\\\/\\\/plhockeyhp.ca\\\/?s={search_term_string}\"},\"query-input\":{\"@type\":\"PropertyValueSpecification\",\"valueRequired\":true,\"valueName\":\"search_term_string\"}}],\"inLanguage\":\"fr-CA\"},{\"@type\":[\"Person\",\"Organization\"],\"@id\":\"https:\\\/\\\/plhockeyhp.ca\\\/#\\\/schema\\\/person\\\/bab7e546e9274617626b20d8f9651caf\",\"name\":\"Paul Leclerc\",\"image\":{\"@type\":\"ImageObject\",\"inLanguage\":\"fr-CA\",\"@id\":\"https:\\\/\\\/plhockeyhp.ca\\\/wp-content\\\/uploads\\\/2022\\\/06\\\/pngwhitecircle-copy-e1654968668911.png\",\"url\":\"https:\\\/\\\/plhockeyhp.ca\\\/wp-content\\\/uploads\\\/2022\\\/06\\\/pngwhitecircle-copy-e1654968668911.png\",\"contentUrl\":\"https:\\\/\\\/plhockeyhp.ca\\\/wp-content\\\/uploads\\\/2022\\\/06\\\/pngwhitecircle-copy-e1654968668911.png\",\"width\":512,\"height\":512,\"caption\":\"Paul Leclerc\"},\"logo\":{\"@id\":\"https:\\\/\\\/plhockeyhp.ca\\\/wp-content\\\/uploads\\\/2022\\\/06\\\/pngwhitecircle-copy-e1654968668911.png\"},\"description\":\"Paul Leclerc is a Hockey Canada High Performance certified coach. He is currently doing his Graduate Certificate in High Performance coaching and Technical Leadership at the University of British-Columbia. Paul has more than 10 years of experience behind the bench. He just recently (2020-2021) coached his team to the league championship in the midst of the multiple challenges brought on by COVID-19. He is also a guest coach with the U15 Hockey New Brunswick High Performance Program.\",\"sameAs\":[\"https:\\\/\\\/plhockeyhp.ca\",\"https:\\\/\\\/www.facebook.com\\\/PLhockeyhp\\\/\"]}]}<\/script>\n<!-- \/ Yoast SEO plugin. -->","yoast_head_json":{"title":"High-Performance Spring Camp (U11-13) - PL High Performance Hockey","description":"Notre camp de printemps est d\u00e9di\u00e9 aux joueurs comp\u00e9titifs ou \u00e9lites U11 et U13 du Nord-Ouest du Nouveau-Brunswick. Il s'\u00e9tend de la mi-avril \u00e0 la mi-mai. Notre camp de printemps est un camp bas\u00e9 sur les habilet\u00e9s de base, il comprend un mini tournoi style \"2-line\" et une \u00e9valuation individuelle compl\u00e8te des quatre comp\u00e9tences de base d'un athl\u00e8te de haut niveau.","robots":{"index":"index","follow":"follow","max-snippet":"max-snippet:-1","max-image-preview":"max-image-preview:large","max-video-preview":"max-video-preview:-1"},"canonical":"https:\/\/plhockeyhp.ca\/fr\/produit\/high-performance-spring-camp\/","og_locale":"fr_CA","og_type":"article","og_title":"High-Performance Spring Camp (U11-13) - PL High Performance Hockey","og_description":"The camp is dedicated to North West New Brunswick competitive U11 and U13 players and spans from mid-April to the end of May. Our Spring Camp is a skills-based camp that includes a mini 2-line tournament and a complete individual evaluation of the four core competencies of a high-performance athlete.","og_url":"https:\/\/plhockeyhp.ca\/fr\/produit\/high-performance-spring-camp\/","og_site_name":"PL High Performance Hockey","article_publisher":"https:\/\/www.facebook.com\/PLhockeyhp\/","article_modified_time":"2024-03-08T18:49:06+00:00","og_image":[{"width":1288,"height":1294,"url":"https:\/\/plhockeyhp.ca\/wp-content\/uploads\/2023\/02\/Screen-Shot-2023-02-12-at-11.40.43-AM.png","type":"image\/png"}],"twitter_card":"summary_large_image","twitter_misc":{"Estimation du temps de lecture":"2 minutes"},"schema":{"@context":"https:\/\/schema.org","@graph":[{"@type":"WebPage","@id":"https:\/\/plhockeyhp.ca\/product\/high-performance-spring-camp\/","url":"https:\/\/plhockeyhp.ca\/product\/high-performance-spring-camp\/","name":"High-Performance Spring Camp (U11-13) - PL High Performance Hockey","isPartOf":{"@id":"https:\/\/plhockeyhp.ca\/#website"},"primaryImageOfPage":{"@id":"https:\/\/plhockeyhp.ca\/product\/high-performance-spring-camp\/#primaryimage"},"image":{"@id":"https:\/\/plhockeyhp.ca\/product\/high-performance-spring-camp\/#primaryimage"},"thumbnailUrl":"https:\/\/plhockeyhp.ca\/wp-content\/uploads\/2023\/02\/Screen-Shot-2023-02-12-at-11.40.43-AM.png","datePublished":"2023-02-12T14:31:13+00:00","dateModified":"2024-03-08T18:49:06+00:00","description":"Notre camp de printemps est d\u00e9di\u00e9 aux joueurs comp\u00e9titifs ou \u00e9lites U11 et U13 du Nord-Ouest du Nouveau-Brunswick. Il s'\u00e9tend de la mi-avril \u00e0 la mi-mai. Notre camp de printemps est un camp bas\u00e9 sur les habilet\u00e9s de base, il comprend un mini tournoi style \"2-line\" et une \u00e9valuation individuelle compl\u00e8te des quatre comp\u00e9tences de base d'un athl\u00e8te de haut niveau.","breadcrumb":{"@id":"https:\/\/plhockeyhp.ca\/product\/high-performance-spring-camp\/#breadcrumb"},"inLanguage":"fr-CA","potentialAction":[{"@type":"ReadAction","target":["https:\/\/plhockeyhp.ca\/product\/high-performance-spring-camp\/"]}]},{"@type":"ImageObject","inLanguage":"fr-CA","@id":"https:\/\/plhockeyhp.ca\/product\/high-performance-spring-camp\/#primaryimage","url":"https:\/\/plhockeyhp.ca\/wp-content\/uploads\/2023\/02\/Screen-Shot-2023-02-12-at-11.40.43-AM.png","contentUrl":"https:\/\/plhockeyhp.ca\/wp-content\/uploads\/2023\/02\/Screen-Shot-2023-02-12-at-11.40.43-AM.png","width":1288,"height":1294},{"@type":"BreadcrumbList","@id":"https:\/\/plhockeyhp.ca\/product\/high-performance-spring-camp\/#breadcrumb","itemListElement":[{"@type":"ListItem","position":1,"name":"Home","item":"https:\/\/plhockeyhp.ca\/"},{"@type":"ListItem","position":2,"name":"Shop","item":"https:\/\/plhockeyhp.ca\/shop\/"},{"@type":"ListItem","position":3,"name":"High-Performance Spring Camp (U11-13)"}]},{"@type":"WebSite","@id":"https:\/\/plhockeyhp.ca\/#website","url":"https:\/\/plhockeyhp.ca\/","name":"PL High Performance Hockey","description":"High Performance Hockey Coaching for all ages","publisher":{"@id":"https:\/\/plhockeyhp.ca\/#\/schema\/person\/bab7e546e9274617626b20d8f9651caf"},"potentialAction":[{"@type":"SearchAction","target":{"@type":"EntryPoint","urlTemplate":"https:\/\/plhockeyhp.ca\/?s={search_term_string}"},"query-input":{"@type":"PropertyValueSpecification","valueRequired":true,"valueName":"search_term_string"}}],"inLanguage":"fr-CA"},{"@type":["Person","Organization"],"@id":"https:\/\/plhockeyhp.ca\/#\/schema\/person\/bab7e546e9274617626b20d8f9651caf","name":"Paul Leclerc","image":{"@type":"ImageObject","inLanguage":"fr-CA","@id":"https:\/\/plhockeyhp.ca\/wp-content\/uploads\/2022\/06\/pngwhitecircle-copy-e1654968668911.png","url":"https:\/\/plhockeyhp.ca\/wp-content\/uploads\/2022\/06\/pngwhitecircle-copy-e1654968668911.png","contentUrl":"https:\/\/plhockeyhp.ca\/wp-content\/uploads\/2022\/06\/pngwhitecircle-copy-e1654968668911.png","width":512,"height":512,"caption":"Paul Leclerc"},"logo":{"@id":"https:\/\/plhockeyhp.ca\/wp-content\/uploads\/2022\/06\/pngwhitecircle-copy-e1654968668911.png"},"description":"Paul Leclerc is a Hockey Canada High Performance certified coach. He is currently doing his Graduate Certificate in High Performance coaching and Technical Leadership at the University of British-Columbia. Paul has more than 10 years of experience behind the bench. He just recently (2020-2021) coached his team to the league championship in the midst of the multiple challenges brought on by COVID-19. He is also a guest coach with the U15 Hockey New Brunswick High Performance Program.","sameAs":["https:\/\/plhockeyhp.ca","https:\/\/www.facebook.com\/PLhockeyhp\/"]}]}},"_links":{"self":[{"href":"https:\/\/plhockeyhp.ca\/fr\/wp-json\/wp\/v2\/product\/2141","targetHints":{"allow":["GET"]}}],"collection":[{"href":"https:\/\/plhockeyhp.ca\/fr\/wp-json\/wp\/v2\/product"}],"about":[{"href":"https:\/\/plhockeyhp.ca\/fr\/wp-json\/wp\/v2\/types\/product"}],"wp:featuredmedia":[{"embeddable":true,"href":"https:\/\/plhockeyhp.ca\/fr\/wp-json\/wp\/v2\/media\/2146"}],"wp:attachment":[{"href":"https:\/\/plhockeyhp.ca\/fr\/wp-json\/wp\/v2\/media?parent=2141"}],"wp:term":[{"taxonomy":"product_brand","embeddable":true,"href":"https:\/\/plhockeyhp.ca\/fr\/wp-json\/wp\/v2\/product_brand?post=2141"},{"taxonomy":"product_cat","embeddable":true,"href":"https:\/\/plhockeyhp.ca\/fr\/wp-json\/wp\/v2\/product_cat?post=2141"},{"taxonomy":"product_tag","embeddable":true,"href":"https:\/\/plhockeyhp.ca\/fr\/wp-json\/wp\/v2\/product_tag?post=2141"}],"curies":[{"name":"wp","href":"https:\/\/api.w.org\/{rel}","templated":true}]}}